{"id":87,"date":"2011-09-16T08:29:09","date_gmt":"2011-09-16T06:29:09","guid":{"rendered":"http:\/\/caigualdotadino.it\/2011\/09\/16\/frasi-celebri\/"},"modified":"2011-09-16T08:29:09","modified_gmt":"2011-09-16T06:29:09","slug":"frasi-celebri","status":"publish","type":"page","link":"https:\/\/caigualdotadino.it\/?page_id=87","title":{"rendered":"Frasi, pensieri e citazioni"},"content":{"rendered":"<div><span style=\"font-family: andale mono,times; color: #000000;\">\u00a0<\/span><\/div>\n<div><span style=\"font-family: andale mono,times; color: #000000;\"><span style=\"font-family: verdana,geneva; font-size: 10pt;\">&#8220;La montagna insegna a vivere: questa frase l&#8217;ho udita spesso, ma&#8230; non \u00e8 vera. C&#8217;\u00e8 gente che frequenta i monti da una vita e non ha imparato un tubo! La montagna al massimo regala emozioni a chi \u00e8 sensibile ed educato&#8221;. &#8211; <strong>Mauro Corona<\/strong><\/span><\/span><\/div>\n<div><span style=\"font-family: verdana,geneva; color: #000000; font-size: 10pt;\">\u00a0<\/span><\/div>\n<div><span style=\"font-family: verdana,geneva; color: #000000; font-size: 10pt;\">&#8220;La misura delle difficolt\u00e0 che un alpinista pu\u00f2 con sicurezza superare in discesa senza l&#8217;uso della corda e con l&#8217;animo tranquillo, deve rappresentare il limite massimo delle difficolt\u00e0 che egli pu\u00f2 affrontare in salita&#8221;.\u00a0&#8211; <strong>Paul Preuss<\/strong><\/span><\/div>\n<div><span style=\"font-family: verdana,geneva; color: #000000; font-size: 10pt;\">\u00a0<\/span><\/div>\n<div><span style=\"font-family: verdana,geneva; color: #000000; font-size: 10pt;\">&#8220;Provai gioie troppo grandi per poterle descrivere, e dolori tali che non ho ardito parlarne. Con questi sensi nell&#8217;anima io dico: salite i monti, ma ricordate coraggio e vigore nulla contano senza la prudenza; ricordate che la negligenza di un solo istante pu\u00f2 distruggere la felicit\u00e0 di una vita. Non fate nulla con fretta, guardate bene ad ogni passo, e fin dal principio pensate quale pu\u00f2 essere la fine&#8221;. &#8211; <strong>Edward Whymper<\/strong><\/span><\/div>\n<div><span style=\"font-family: verdana,geneva; color: #000000; font-size: 10pt;\">\u00a0<\/span><\/div>\n<div><span style=\"font-family: verdana,geneva; color: #000000; font-size: 10pt;\">&#8220;Se ti \u00e8 nato il gusto di scoprire non potrai che sentire il bisogno di andare pi\u00f9 in l\u00e0. Al Monte Bianco comunque sono sempre ritornato anche dopo tanti anni, e l&#8217;ho fatto come si pu\u00f2 tornare a un padre per dialogare, con tutto l&#8217;affetto e i ricordi che un figlio cerca nei propri genitori.&#8221; &#8211; <strong>Walter Bonatti<\/strong><\/span><\/div>\n<div><span style=\"font-family: verdana,geneva; color: #000000; font-size: 10pt;\">\u00a0<\/span><\/div>\n<div><span style=\"font-family: verdana,geneva; color: #000000; font-size: 10pt;\"><span data-ft=\"{\">&#8220;Questa &#8216;malattia&#8217;, \u00e8 anche una dipendenza. Non pensavo d&#8217;essere dipendente dalla montagna. L\u2019ho capito negli ultimi metri dell&#8217;Everest, quella volta ero stremato, ma ho sentito che se non avessi raggiunto la cima sarei dovuto tornare lass\u00f9, dentro di me ne avevo troppo bisogno. E&#8217; questa dipendenza dalla montagna che ti spinge sempre avanti.&#8221; &#8211; <strong>Hans Kammerlander<\/strong><\/span><\/span><\/div>\n<div><span style=\"font-family: verdana,geneva; color: #000000; font-size: 10pt;\">\u00a0<\/span><\/div>\n<div><span style=\"font-family: verdana,geneva; color: #000000; font-size: 10pt;\">&#8220;Nelle vibranti e libere corse sulle rocce tormentate, nei lunghi e muti colloqui con il sole e con il vento, con l&#8217;azzurro, nella dolcezza un po&#8217; stanca dei delicati tramonti, ritrovavo la serenit\u00e0 e la tranquillit\u00e0. E l&#8217;ebbrezza di quell&#8217;ora passata lass\u00f9 isolato dal mondo, nella gloria delle altezze, potrebbe essere sufficiente a giustificare qualunque follia&#8230;&#8221; &#8211; <strong>Giusto Gervasutti<\/strong><\/span><\/div>\n<div><span style=\"font-family: verdana,geneva; color: #000000; font-size: 10pt;\">\u00a0<\/span><\/div>\n<div><span style=\"font-family: verdana,geneva; color: #000000; font-size: 10pt;\"> <\/p>\n<div><span style=\"font-family: verdana,geneva; color: #000000; font-size: 10pt;\">&#8220;Osa, osa sempre e sarai simile a un Dio&#8221;. &#8211; <strong>Giusto Gervasutti<\/strong><\/span><\/div>\n<p> <\/span><\/div>\n<div><span style=\"font-family: verdana,geneva; color: #000000; font-size: 10pt;\">\u00a0<\/span><\/div>\n<div><span style=\"font-family: verdana,geneva; color: #000000; font-size: 10pt;\">&#8220;L&#8217;alpinista \u00e8 un uomo che conduce il proprio corpo l\u00e0 dove un giorno i suoi occhi hanno guardato. E che ritorna.&#8221; &#8211; <strong>Gaston R\u00e9buffat<\/strong><\/span><\/div>\n<p><span style=\"font-family: verdana,geneva; color: #000000; font-size: 10pt;\">&#8220;La montagna mi ha insegnato a non barare, a essere onesto con me stesso e con quello che facevo. Se praticata in un certo modo \u00e8 una scuola indubbiamente dura, a volte anche crudele, per\u00f2 sincera come non accade sempre nel quotidiano. Se io dunque traspongo questi principi nel mondo degli uomimi, mi trover\u00f2 immediatamente considerato un fesso e comunque verr\u00f2 punito, perch\u00e8 non ho dato gomitate ma le ho soltanto ricevute. E&#8217; davvero difficile conciliare queste diversit\u00e0. Da qui l&#8217;importanza di fortificare l&#8217;animo, di scegliere che cosa si vuole essere. E, una volta scelta una direzione, di essere talmente forti da non soccombere alla tentazione di imboccare l&#8217;altra. Naturalmente il prezzo da pagare per rimanere fedele a questo ordine che ci si \u00e8 dati \u00e8 altissimo.&#8221; &#8211; <strong>Walter Bonatti<\/strong><\/span><\/p>\n<div><span style=\"font-family: verdana,geneva; color: #000000; font-size: 10pt;\"><span data-ft=\"{\">&#8220;La via verso la cima \u00e8 come il cammino verso se stessi, solitario&#8221; &#8211; <strong>Alessandro Gogna<\/strong><\/span><strong>\u00a0<\/strong><\/span><\/div>\n<p><span style=\"font-family: verdana,geneva; color: #000000; font-size: 10pt;\">&#8220;Raggiungere la cima \u00e8 facoltativo, tornare indietro \u00e8 obbligatorio&#8221;. &#8211; <strong>Ed Viesturs<\/strong><\/p>\n<p>&#8220;Camminare per me significa entrare nella natura. Ed \u00e8 per questo che cammino lentamente, non corro quasi mai. La Natura per me non \u00e8 un campo da ginnastica. Io vado per vedere, per sentire, con tutti i miei sensi. Cos\u00ec il mio spirito entra negli alberi, nel prato, nei fiori. Le alte montagne sono per me un sentimento&#8221; &#8211; <strong>Reinhold Messner<\/strong><\/p>\n<p>&#8220;Anche gli esperti muoiono sotto le valanghe, perch\u00e8 le valanghe non sanno che sei esperto&#8221;. &#8211; <strong>Andr\u00e9 Roch<\/strong><\/span><\/p>\n<div><span style=\"font-family: verdana,geneva; color: #000000; font-size: 10pt;\">&#8220;<span data-ft=\"{\">a chi mi chiede &#8220;perch\u00e8 vai in montagna?&#8221; rispondo :se me lo chiedi non lo saprai mai.&#8221; &#8211;\u00a0<strong>Ed Viesturs<\/strong><\/span><\/span><\/div>\n<div><span style=\"font-family: verdana,geneva; color: #000000; font-size: 10pt;\"> <\/p>\n<div>\u00a0<\/div>\n<div>&#8220;<span face=\"Tahoma\" size=\"2\">L&#8217;alpinismo \u00e8 un&#8217;attivit\u00e0 sfiancante. Uno sale, sale, sale sempre pi\u00f9 in alto, e non raggiunge mai la destinazione. Forse \u00e8 questo l&#8217;aspetto pi\u00f9 affascinante. Si \u00e8 costantemente alla ricerca di qualcosa che non sar\u00e0 mai raggiunto&#8221; \u00a0&#8211; <strong>Hermann Buhl<\/strong><\/span><\/div>\n<p> <\/span> <\/p>\n<p><span style=\"font-family: verdana,geneva; color: #000000; font-size: 10pt;\">&#8220;Il pi\u00f9 grande alpinista \u00e8 quello che si diverte di pi\u00f9&#8221;.<\/span><strong><span style=\"font-family: verdana,geneva; color: #000000; font-size: 10pt;\"> &#8211; Alex Lowe<\/span><\/strong><\/p>\n<div><span data-ft=\"{\" style=\"font-family: verdana,geneva; color: #000000; font-size: 10pt;\"><span data-ft=\"{\">&#8220;Quanto monotona sarebbe la faccia della terra senza le montagne.&#8221; &#8211; <strong>Emanuel Kant<\/strong><\/p>\n<p><\/span>&#8220;Imbocco il sentiero e piano piano sento la mia mente svuotarsi dai problemi dallo stress quotidiano, come se entrassi in un altro mondo in una dimensione dove il passato non esiste, e finalmente, mi sento svuotato dall&#8217;odio, dalla rabbia,dalla delusione che sfinisce la mia vita quotidiana. Finalmente posso sorridere con un sorriso vero, diverso dal sorriso di tutti i giorni, sorrido, perch\u00e8 posso sentire la pace interiore che si fonde con la quiete esteriore. Riesco a sentire il battito accelerare ma non mi accorgo della fatica, perch\u00e8 la mia mente lascia spazio solo ai sensi per captare i profumi che arieggiano in quella brezza frizzantina che riempie i polmoni e tutta la mia anima di gioia, quella gioia che trovo solo sul sentiero che mi porta in alto nel mio mondo tra le montagne.&#8221; &#8211; <strong>Anonimo<\/strong><\/span><\/div>\n<div><span style=\"font-family: verdana,geneva; color: #000000; font-size: 10pt;\"><span data-ft=\"{\"> <\/p>\n<div><span data-ft=\"{\">&#8220;La montagna ha il valore dell&#8217;uomo che vi si misura, altrimenti, di per s\u00e8, essa non sarebbe che un grosso mucchio di pietre&#8221; &#8211;\u00a0<strong>Walter Bonatti<\/strong><\/span><\/div>\n<div>\u00a0<\/div>\n<p> <\/span>&#8220;Nel pomeriggio del giorno seguente, ultimata la preparazione del sacco esco per le vie della citt\u00e0 per dar aria alla mia eccitazione. Quasi automaticamente salgo al monte dei Cappuccini. Sento il richiamo del vento lontano che rende pi\u00f9 trasparente il tramonto, colorando di verde l&#8217;orizzonte. Sopra il Gran Paradiso due nuvolette riflettono ancora l&#8217;ultimo sole. Sotto di me la citt\u00e0 sta accendendo le prime luci. L&#8217;idea dell&#8217;azione vicina suscita in me strane sensazioni e contrastanti pensieri. <\/span><span style=\"font-family: verdana,geneva; color: #000000; font-size: 10pt;\">Provo una grande commiserazione per i piccoli uomini, che penano rinchiusi nel recinto sociale che sono riusciti a costruirsi contro il libero cielo e che non sanno e non sentono ci\u00f2 che io sono e sento in questo momento. Ieri ero come loro, tra qualche giorno ritorner\u00f2 come loro. Ma oggi, oggi sono un prigioniero che ha ritrovato la sua libert\u00e0. Domani sar\u00f2 un gran signore che comander\u00e0 alla vita e alla morte, alle stelle e agli elementi.&#8221; &#8211; <strong>Giusto Gervasutti<\/strong><\/span><\/div>\n<div><span style=\"font-family: verdana,geneva; color: #000000; font-size: 10pt;\">\u00a0<\/span><\/div>\n<div><span style=\"font-family: verdana,geneva; color: #000000; font-size: 10pt;\">&#8220;Tornate sani, tornate amici, arrivate in cima: in questo preciso ordine.&#8221; &#8211; <strong>Anonimo<\/strong><\/span><\/div>\n<div><span data-ft=\"{\" style=\"font-family: verdana,geneva; color: #000000; font-size: 10pt;\">\u00a0<\/span><\/div>\n<div><span data-ft=\"{\" style=\"font-family: verdana,geneva; color: #000000; font-size: 10pt;\">&#8220;La montagna \u00e8 fatta per tutti, non solo per gli alpinisti: per coloro che desiderano riposo nella quiete come per coloro che cercano nella fatica un riposo ancora pi\u00f9 forte&#8221; &#8211; <strong>Guido Rey<\/strong><\/span><\/div>\n<p><span data-ft=\"{\" style=\"font-family: verdana,geneva; color: #000000; font-size: 10pt;\">&#8220;Non esistono proprie montagne, si sa, esistono per\u00f2 proprie esperienze. Sulle montagne possono salirci molti altri,ma nessuno potr\u00e0 mai invadere le esperienze che sono e rimangono nostre.&#8221; &#8211;\u00a0<strong>Walter Bonatti\u00a0<\/strong><\/span><\/p>\n<p align=\"left\"><span face=\"Tahoma\" size=\"2\" style=\"font-family: verdana,geneva; color: #000000; font-size: 10pt;\">&#8220;Un paese di pianura per quanto sia bello, non lo fu mai ai miei occhi. Ho bisogno di torrenti, di rocce, di pini selvatici, di boschi neri, di montagne, di cammini dirupati ardui da salire e da discendere, di precipizi d&#8217;intorno che mi infondano molta paura&#8221; &#8211; <strong>Jean-Jacques Rosseau<\/strong><\/span><\/p>\n<p align=\"left\"><span face=\"Tahoma\" size=\"2\" style=\"font-family: verdana,geneva; color: #000000; font-size: 10pt;\">&#8220;Chi si da all\u2019alpinismo con i soli muscoli si ritrarr\u00e0 da esso dopo pochi anni. Chi \u00e8 alpinista col cervello e col cuore sapr\u00e0 trovarvi valori tutta la vita, tanto da giovane quanto da vecchio.&#8221; &#8211; <strong>G. von Saar<\/strong><\/span><\/p>\n<p><span style=\"font-family: verdana,geneva; color: #000000; font-size: 10pt;\">&#8220;Ho detto prima che Preuss e Dulfer erano artisti, e lasciatemi aggiungere &#8220;artisti grandi&#8221;. Qualcuno obietter\u00e0, dicendo che per salire sulla roccia non occorre l&#8217;arte, ma soltanto il fegato. No! Saper ideare la via pi\u00f9 logica ed elegante per attingere una vetta disdegnando il versante pi\u00f9 comodo e facile, e percorrere questa via in uno sforzo cosciente di tutti i nervi, di tutti i tendini, disperatamente tesi per vincere l&#8217;attrazione del vuoto e il risucchio della vertigine, \u00e8 una vera e qualche volta stupenda opera d&#8217;arte: vale a dire il prodotto dello spirito e dell&#8217;estetica, che scolpito sulla muraglia rocciosa durer\u00e0 eternamente, finch\u00e9 le Montagne avran vita.&#8221; \u00a0&#8211; <strong>Emilio Comici<\/strong><\/span><\/p>\n<\/p><\/div>\n","protected":false},"excerpt":{"rendered":"<p>\u00a0 &#8220;La montagna insegna a vivere: questa frase l&#8217;ho udita spesso, ma&#8230; non \u00e8 vera. C&#8217;\u00e8 gente che frequenta i monti da una vita e &hellip;<\/p>\n","protected":false},"author":1,"featured_media":0,"parent":0,"menu_order":282,"comment_status":"open","ping_status":"open","template":"","meta":{"footnotes":""},"class_list":["post-87","page","type-page","status-publish","hentry"],"jetpack-related-posts":[{"id":71,"url":"https:\/\/caigualdotadino.it\/?page_id=71","url_meta":{"origin":87,"position":0},"title":"Difficolt\u00e0 Tecniche","author":"pigiax","date":"1 Giugno 2011","format":false,"excerpt":"T (Turistico): Itinerari su stradine, mulattiere o larghi sentieri, con percorsi non lunghi, ben evidenti e che non pongono incertezze o problemi di orientamento. Si svolgono di solito sotto i 2000 metri. Richiedono una certa conoscenza dell'ambiente montano e una preparazione fisica alla camminata. \u00a0 E (Escursionistico): Itinerari che si\u2026","rel":"","context":"In &quot;senza categoria&quot;","block_context":{"text":"senza categoria","link":"https:\/\/caigualdotadino.it\/?cat=1"},"img":{"alt_text":"","src":"","width":0,"height":0},"classes":[]},{"id":7,"url":"https:\/\/caigualdotadino.it\/?page_id=7","url_meta":{"origin":87,"position":1},"title":"Commissione Sentieristica","author":"pigiax","date":"25 Febbraio 2011","format":false,"excerpt":"Commissione Sentieristica Questa commissione provvede ad istituire e mantenere una segnaletica adeguata dei sentieri per favorire la conoscenza della montagne locali. Ultimamente \u00e8 stata realizzata dal Comune di Gualdo Tadino in collaborazione con la sez. CAI di Gualdo Tadino, la carta dei sentieri della nostre montagne, dove si pu\u00f2 trovare\u2026","rel":"","context":"In &quot;senza categoria&quot;","block_context":{"text":"senza categoria","link":"https:\/\/caigualdotadino.it\/?cat=1"},"img":{"alt_text":"","src":"https:\/\/i0.wp.com\/caigualdotadino.it\/wp-content\/uploads\/2025\/12\/Immagine-WhatsApp-2025-12-15-ore-21.02.29_171b9db6.jpg?resize=350%2C200&ssl=1","width":350,"height":200,"srcset":"https:\/\/i0.wp.com\/caigualdotadino.it\/wp-content\/uploads\/2025\/12\/Immagine-WhatsApp-2025-12-15-ore-21.02.29_171b9db6.jpg?resize=350%2C200&ssl=1 1x, https:\/\/i0.wp.com\/caigualdotadino.it\/wp-content\/uploads\/2025\/12\/Immagine-WhatsApp-2025-12-15-ore-21.02.29_171b9db6.jpg?resize=525%2C300&ssl=1 1.5x, https:\/\/i0.wp.com\/caigualdotadino.it\/wp-content\/uploads\/2025\/12\/Immagine-WhatsApp-2025-12-15-ore-21.02.29_171b9db6.jpg?resize=700%2C400&ssl=1 2x"},"classes":[]},{"id":1435,"url":"https:\/\/caigualdotadino.it\/?page_id=1435","url_meta":{"origin":87,"position":2},"title":"La montagna","author":"Antonella Recchioni","date":"6 Marzo 2021","format":false,"excerpt":"Il paesaggio di Gualdo Tadino \u00e8 dominato dalla dorsale appenninica, caratterizzata da un notevole patrimonio naturalistico e ambientale, costituito da boschi e pinete, ampie distese di prati perenni che danno vita a suggestive fioriture policrome e da cime suggestive all\u2019interno dell\u2019Area Sic (Siti di Importanza Comunitaria) Monti Maggio e Nero:\u2026","rel":"","context":"In &quot;4 - ARCHIVIO&quot;","block_context":{"text":"4 - ARCHIVIO","link":"https:\/\/caigualdotadino.it\/?cat=34"},"img":{"alt_text":"","src":"https:\/\/i0.wp.com\/caigualdotadino.it\/wp-content\/uploads\/2021\/03\/unnamed-1.jpg?resize=350%2C200&ssl=1","width":350,"height":200},"classes":[]},{"id":1068,"url":"https:\/\/caigualdotadino.it\/?page_id=1068","url_meta":{"origin":87,"position":3},"title":"Assicurazione","author":"Antonella Recchioni","date":"27 Febbraio 2021","format":false,"excerpt":"L'adesione al CAI, oltre a consentire la partecipazione alle iniziative del sodalizio nelle modalit\u00e0 stabilite, garantisce tre coperture assicurative (Infortuni, RC e Soccorso Alpino) (circ. 16 \/ 2020) con distinzione, per Infortuni ed RC, tra eventi occorsi durante attivit\u00e0 \"sociale\" ed eventi occorsi durante attivit\u00e0 \"privata\": \u00a0\u00a0\u00a0\u00a0\u00a0\u00a0\u00a0\u00a0\u00a0\u00a0\u00a0\u00a0\u00a0\u00a0\u00a0\u00a0\u00a0\u00a0\u00a0\u00a0\u00a0\u00a0\u00a0\u00a0\u00a0\u00a0\u00a0\u00a0\u00a0\u00a0\u00a0\u00a0\u00a0\u00a0\u00a0\u00a0\u00a0\u00a0\u00a0\u00a0\u00a0\u00a0\u00a0 Eventi occorsi durante\u2026","rel":"","context":"In &quot;senza categoria&quot;","block_context":{"text":"senza categoria","link":"https:\/\/caigualdotadino.it\/?cat=1"},"img":{"alt_text":"","src":"","width":0,"height":0},"classes":[]},{"id":5,"url":"https:\/\/caigualdotadino.it\/?page_id=5","url_meta":{"origin":87,"position":4},"title":"Commissione Escursionismo","author":"pigiax","date":"25 Febbraio 2011","format":false,"excerpt":"Commissione escursionismo \u00a0 Questa commissione provvede alla stesura del calendario escursionistico annuale cercando di favorire la conoscenza e la salvaguardia di tutti gli ambienti naturali. L\u2019escursionismo \u00e8 concepito come occasione per favorire la conoscenza della natura, della fauna, della flora, della coltura dei popoli, il rispetto della montagna con tutte\u2026","rel":"","context":"In &quot;senza categoria&quot;","block_context":{"text":"senza categoria","link":"https:\/\/caigualdotadino.it\/?cat=1"},"img":{"alt_text":"","src":"https:\/\/i0.wp.com\/caigualdotadino.it\/wp-content\/uploads\/2025\/12\/Immagine-WhatsApp-2025-12-15-ore-21.02.28_7b7ff687.jpg?resize=350%2C200&ssl=1","width":350,"height":200,"srcset":"https:\/\/i0.wp.com\/caigualdotadino.it\/wp-content\/uploads\/2025\/12\/Immagine-WhatsApp-2025-12-15-ore-21.02.28_7b7ff687.jpg?resize=350%2C200&ssl=1 1x, https:\/\/i0.wp.com\/caigualdotadino.it\/wp-content\/uploads\/2025\/12\/Immagine-WhatsApp-2025-12-15-ore-21.02.28_7b7ff687.jpg?resize=525%2C300&ssl=1 1.5x, https:\/\/i0.wp.com\/caigualdotadino.it\/wp-content\/uploads\/2025\/12\/Immagine-WhatsApp-2025-12-15-ore-21.02.28_7b7ff687.jpg?resize=700%2C400&ssl=1 2x"},"classes":[]},{"id":4,"url":"https:\/\/caigualdotadino.it\/?page_id=4","url_meta":{"origin":87,"position":5},"title":"Commissione Alpinismo","author":"pigiax","date":"25 Febbraio 2011","format":false,"excerpt":"Commissione Alpinismo \u00a0 La montagna \u00e8 fatta per tutti, non solo per gli alpinisti; per coloro che desiderano il riposo nella quiete, come per coloro che cercano nella fatica un riposo ancora pi\u00f9 grande. Guido Rey Referenti: Michele Gatti Daniele Galiotto (SASU) Fabio Ippoliti","rel":"","context":"In &quot;senza categoria&quot;","block_context":{"text":"senza categoria","link":"https:\/\/caigualdotadino.it\/?cat=1"},"img":{"alt_text":"","src":"https:\/\/i0.wp.com\/caigualdotadino.it\/wp-content\/uploads\/2025\/12\/Immagine-WhatsApp-2025-12-15-ore-21.02.29_bfc5513d.jpg?resize=350%2C200&ssl=1","width":350,"height":200,"srcset":"https:\/\/i0.wp.com\/caigualdotadino.it\/wp-content\/uploads\/2025\/12\/Immagine-WhatsApp-2025-12-15-ore-21.02.29_bfc5513d.jpg?resize=350%2C200&ssl=1 1x, https:\/\/i0.wp.com\/caigualdotadino.it\/wp-content\/uploads\/2025\/12\/Immagine-WhatsApp-2025-12-15-ore-21.02.29_bfc5513d.jpg?resize=525%2C300&ssl=1 1.5x, https:\/\/i0.wp.com\/caigualdotadino.it\/wp-content\/uploads\/2025\/12\/Immagine-WhatsApp-2025-12-15-ore-21.02.29_bfc5513d.jpg?resize=700%2C400&ssl=1 2x"},"classes":[]}],"jetpack_sharing_enabled":true,"_links":{"self":[{"href":"https:\/\/caigualdotadino.it\/index.php?rest_route=\/wp\/v2\/pages\/87","targetHints":{"allow":["GET"]}}],"collection":[{"href":"https:\/\/caigualdotadino.it\/index.php?rest_route=\/wp\/v2\/pages"}],"about":[{"href":"https:\/\/caigualdotadino.it\/index.php?rest_route=\/wp\/v2\/types\/page"}],"author":[{"embeddable":true,"href":"https:\/\/caigualdotadino.it\/index.php?rest_route=\/wp\/v2\/users\/1"}],"replies":[{"embeddable":true,"href":"https:\/\/caigualdotadino.it\/index.php?rest_route=%2Fwp%2Fv2%2Fcomments&post=87"}],"version-history":[{"count":0,"href":"https:\/\/caigualdotadino.it\/index.php?rest_route=\/wp\/v2\/pages\/87\/revisions"}],"wp:attachment":[{"href":"https:\/\/caigualdotadino.it\/index.php?rest_route=%2Fwp%2Fv2%2Fmedia&parent=87"}],"curies":[{"name":"wp","href":"https:\/\/api.w.org\/{rel}","templated":true}]}}