{"id":71,"date":"2011-06-01T12:28:48","date_gmt":"2011-06-01T10:28:48","guid":{"rendered":"http:\/\/caigualdotadino.it\/2011\/06\/01\/difficolta-tecniche\/"},"modified":"2011-06-01T12:28:48","modified_gmt":"2011-06-01T10:28:48","slug":"difficolta-tecniche","status":"publish","type":"page","link":"https:\/\/caigualdotadino.it\/?page_id=71","title":{"rendered":"Difficolt\u00e0 Tecniche"},"content":{"rendered":"<div><strong>T (Turistico):<\/strong><\/div>\n<div>Itinerari su stradine, mulattiere o larghi sentieri, con percorsi non lunghi, ben evidenti e che non pongono incertezze o problemi di orientamento. Si svolgono di solito sotto i 2000 metri. Richiedono una certa conoscenza dell&#8217;ambiente montano e una preparazione fisica alla camminata.<\/div>\n<div>\u00a0<\/div>\n<div><strong>E (Escursionistico):<\/strong><\/div>\n<div>Itinerari che si svolgono su terreni di ogni genere, oppure su evidenti tracce di passaggio in terreno vario (pascoli, detriti, petraie), di solito con segnalazioni; possono esservi brevi tratti pianeggianti o lievemente inclinati di neve residua dove, in caso di caduta, la scivolata si arresta in breve spazio e senza pericoli. Si sviluppano a volte su terreni aperti, senza sentieri ma non problematici, sempre con segnalazioni adeguate. Possono svolgersi su pendii ripidi, dove tuttavia i tratti esposti sono in genere protetti o assicurati (cavi). Possono avere singoli passaggi, o tratti brevi su roccia, non esposti, non faticosi n\u00e9 impegantivi, grazie alla presenza di attrezzature (scalette, pioli, cavi) che per\u00f2 non necessitano l&#8217;uso di equipaggiamento specifico (imbragatura, moschettoni, ecc.). Richiedono un certo senso di orientamento, come pure una certa\u00a0esperienza e conoscenza dell&#8217;ambiente alpino, allenamento alla camminata, oltre a calzature ed equipaggiamento adeguati. Costituiscono la grande maggioranza dei percorsi escursionistici sulle montagne italiane.<\/div>\n<div>\u00a0<\/div>\n<div><strong>EE (Escursionisti Esperti):<\/strong><\/div>\n<div>Si tratta di itinerari generalmente segnalati ma che implicano una capacita&#8217; di muoversi su terreni particolari. Sentieri o tracce su terreno\u00a0impervio e infido (pendii ripidi e\/o scivolosi di erba o misti di rocce ed erba, o di roccia e detriti). Terreno vario, a quote relativamente elevate (pietraie, brevi nevai non ripidi, pendii aperti\u00a0senza punti di riferimento, ecc.). Tratti rocciosi, con lievi difficolt\u00e0 tecniche (percorsi attrezzati, vie ferrate fra quelle di minore impegno). Rimangono invece esclusi i percorsi su ghiacciai, anche se pianeggianti e\/o all&#8217;apparenza senza crepacci (perch\u00e8 il loro attraversamento richiederebbe l&#8217;uso della corda e della piccozza, nonch\u00e8 la conoscenza delle relative manovre di assicurazione).Necessitano: esperienza di montagna in generale e buona conoscenza dell&#8217;ambiente alpino; passo sicuro e assenza di vertigini; equipaggiamento, attrezzatura e preparazione fisica adeguate. Per i percorsi attrezzati \u00e8 inoltre necessario conoscere l&#8217;uso dei dispositivi di autoassicurazione (moschettoni, dissipatore, imbragatura, cordini).<\/div>\n<div>\u00a0<\/div>\n<div><strong>EEA (Escursionisti Esperti con Attrezzature):<\/strong><\/div>\n<div>Questa sigla si\u00a0utilizza per certi percorsi attrezzati o vie ferrate, al fine di preavvertire l&#8217;escursionista che l&#8217;itinerario richiede l&#8217;uso dei dispositivi di autoassicurazione.\u00a0<\/div>\n<div>\u00a0<\/div>\n<div>\n<div><strong>A (Alpinistico):<\/strong><\/div>\n<div>\n<div>itinerario che richiede conoscenza di manovre di cordata, l&#8217;uso corretto di piccozza e ramponi, buon allenamento ed esperienza di alta montagna.<\/div>\n<\/p><\/div>\n<\/p><\/div>\n","protected":false},"excerpt":{"rendered":"<p>T (Turistico): Itinerari su stradine, mulattiere o larghi sentieri, con percorsi non lunghi, ben evidenti e che non pongono incertezze o problemi di orientamento. Si &hellip;<\/p>\n","protected":false},"author":1,"featured_media":0,"parent":0,"menu_order":3,"comment_status":"open","ping_status":"open","template":"","meta":{"footnotes":""},"class_list":["post-71","page","type-page","status-publish","hentry"],"jetpack-related-posts":[{"id":11,"url":"https:\/\/caigualdotadino.it\/?page_id=11","url_meta":{"origin":71,"position":0},"title":"Presentazione della Scuola Intersezionale","author":"pigiax","date":"25 Febbraio 2011","format":false,"excerpt":"Scuola Intersezionale Umbra di Alpinismo e Sci-Alpinismo \"Giulio Vagniluca\" \u00a0La Scuola Intersezionale Umbra di Alpinismo e Scialpinismo \"Giulio Vagniluca\", a cui partecipa anche la nostra Sezione, organizza corsi di alpinismo e scialpinismo a livello base e avanzato poich\u00e8 alpinismo e scialpinismo sono attivit\u00e0 impegnative che richiedono una attenta formazione. Le\u2026","rel":"","context":"In &quot;senza categoria&quot;","block_context":{"text":"senza categoria","link":"https:\/\/caigualdotadino.it\/?cat=1"},"img":{"alt_text":"","src":"","width":0,"height":0},"classes":[]},{"id":7,"url":"https:\/\/caigualdotadino.it\/?page_id=7","url_meta":{"origin":71,"position":1},"title":"Commissione Sentieristica","author":"pigiax","date":"25 Febbraio 2011","format":false,"excerpt":"Commissione Sentieristica Questa commissione provvede ad istituire e mantenere una segnaletica adeguata dei sentieri per favorire la conoscenza della montagne locali. Ultimamente \u00e8 stata realizzata dal Comune di Gualdo Tadino in collaborazione con la sez. CAI di Gualdo Tadino, la carta dei sentieri della nostre montagne, dove si pu\u00f2 trovare\u2026","rel":"","context":"In &quot;senza categoria&quot;","block_context":{"text":"senza categoria","link":"https:\/\/caigualdotadino.it\/?cat=1"},"img":{"alt_text":"","src":"https:\/\/i0.wp.com\/caigualdotadino.it\/wp-content\/uploads\/2025\/12\/Immagine-WhatsApp-2025-12-15-ore-21.02.29_171b9db6.jpg?resize=350%2C200&ssl=1","width":350,"height":200,"srcset":"https:\/\/i0.wp.com\/caigualdotadino.it\/wp-content\/uploads\/2025\/12\/Immagine-WhatsApp-2025-12-15-ore-21.02.29_171b9db6.jpg?resize=350%2C200&ssl=1 1x, https:\/\/i0.wp.com\/caigualdotadino.it\/wp-content\/uploads\/2025\/12\/Immagine-WhatsApp-2025-12-15-ore-21.02.29_171b9db6.jpg?resize=525%2C300&ssl=1 1.5x, https:\/\/i0.wp.com\/caigualdotadino.it\/wp-content\/uploads\/2025\/12\/Immagine-WhatsApp-2025-12-15-ore-21.02.29_171b9db6.jpg?resize=700%2C400&ssl=1 2x"},"classes":[]},{"id":20,"url":"https:\/\/caigualdotadino.it\/?page_id=20","url_meta":{"origin":71,"position":2},"title":"Regole da seguire","author":"pigiax","date":"26 Febbraio 2011","format":false,"excerpt":"Alcune Regole da Seguire Prima di affrontare un\u2019escursione, valuta le tue capacit\u00e0 e le difficolt\u00e0 cui puoi andare incontro, cerca di saperne il pi\u00f9 possibile leggendo bene la carta topografica e prendendo informazioni da guide del posto \u03c0reparati fisicamente e moralmente per sostenere gli sforzi che la montagna richiede e\u2026","rel":"","context":"In &quot;senza categoria&quot;","block_context":{"text":"senza categoria","link":"https:\/\/caigualdotadino.it\/?cat=1"},"img":{"alt_text":"","src":"","width":0,"height":0},"classes":[]},{"id":11530,"url":"https:\/\/caigualdotadino.it\/?page_id=11530","url_meta":{"origin":71,"position":3},"title":"Commissioni sezionali","author":"Antonella Recchioni","date":"23 Dicembre 2025","format":false,"excerpt":"Commissioni sezionali La commissione escursione provvede alla stesura del calendario escursionistico annuale cercando di favorire la conoscenza e la salvaguardia di tutti gli ambienti naturali. L\u2019escursionismo \u00e8 concepito come occasione per favorire la conoscenza della natura, della fauna, della flora, della coltura dei popoli, il rispetto della montagna con tutte\u2026","rel":"","context":"Articolo simile","block_context":{"text":"Articolo simile","link":""},"img":{"alt_text":"","src":"https:\/\/i0.wp.com\/caigualdotadino.it\/wp-content\/uploads\/2025\/12\/Immagine-WhatsApp-2025-12-15-ore-21.02.30_5448b0c6.jpg?resize=350%2C200&ssl=1","width":350,"height":200,"srcset":"https:\/\/i0.wp.com\/caigualdotadino.it\/wp-content\/uploads\/2025\/12\/Immagine-WhatsApp-2025-12-15-ore-21.02.30_5448b0c6.jpg?resize=350%2C200&ssl=1 1x, https:\/\/i0.wp.com\/caigualdotadino.it\/wp-content\/uploads\/2025\/12\/Immagine-WhatsApp-2025-12-15-ore-21.02.30_5448b0c6.jpg?resize=525%2C300&ssl=1 1.5x, https:\/\/i0.wp.com\/caigualdotadino.it\/wp-content\/uploads\/2025\/12\/Immagine-WhatsApp-2025-12-15-ore-21.02.30_5448b0c6.jpg?resize=700%2C400&ssl=1 2x"},"classes":[]},{"id":3,"url":"https:\/\/caigualdotadino.it\/?page_id=3","url_meta":{"origin":71,"position":4},"title":"Commissione Rifugio Monte Maggio","author":"pigiax","date":"25 Febbraio 2011","format":false,"excerpt":"Commissione Rifugio Monte Maggio \u00a0 Antico rifugio per pastori, ristrutturato con un finanziamento della Provincia e dell\u2019Amministrazione Comunale attualmente di propriet\u00e0 comunale \u00e8 dato in gestione alla sezione CAI di Gualdo Tadino. Disposto su due piani dotato di cucina, ampio salone, servizi igienici con doccia e acqua calda, ripostiglio, due\u2026","rel":"","context":"In &quot;senza categoria&quot;","block_context":{"text":"senza categoria","link":"https:\/\/caigualdotadino.it\/?cat=1"},"img":{"alt_text":"","src":"https:\/\/i0.wp.com\/caigualdotadino.it\/wp-content\/uploads\/2025\/12\/Immagine-WhatsApp-2025-12-15-ore-21.02.29_e18f8d5f.jpg?resize=350%2C200&ssl=1","width":350,"height":200,"srcset":"https:\/\/i0.wp.com\/caigualdotadino.it\/wp-content\/uploads\/2025\/12\/Immagine-WhatsApp-2025-12-15-ore-21.02.29_e18f8d5f.jpg?resize=350%2C200&ssl=1 1x, https:\/\/i0.wp.com\/caigualdotadino.it\/wp-content\/uploads\/2025\/12\/Immagine-WhatsApp-2025-12-15-ore-21.02.29_e18f8d5f.jpg?resize=525%2C300&ssl=1 1.5x, https:\/\/i0.wp.com\/caigualdotadino.it\/wp-content\/uploads\/2025\/12\/Immagine-WhatsApp-2025-12-15-ore-21.02.29_e18f8d5f.jpg?resize=700%2C400&ssl=1 2x"},"classes":[]},{"id":16,"url":"https:\/\/caigualdotadino.it\/?page_id=16","url_meta":{"origin":71,"position":5},"title":"Rifugio CAI Monte Maggio","author":"pigiax","date":"25 Febbraio 2011","format":false,"excerpt":"Antico rifugio per pastori, situato a circa 1033 m s.l.m. in un\u2019incantevole posizione alle pendici del monte Maggio da cui si gode una bella visione della Valsorda, \u00e8 stato ristrutturato con un finanziamento della Provincia e dell\u2019Amministrazione Comunale attualmente di propriet\u00e0 comunale e dato in gestione alla sezione CAI di\u2026","rel":"","context":"In &quot;senza categoria&quot;","block_context":{"text":"senza categoria","link":"https:\/\/caigualdotadino.it\/?cat=1"},"img":{"alt_text":"03062011586","src":"https:\/\/i0.wp.com\/caigualdotadino.it\/wp-content\/uploads\/2011\/02\/03062011586-scaled.jpg?resize=350%2C200&ssl=1","width":350,"height":200,"srcset":"https:\/\/i0.wp.com\/caigualdotadino.it\/wp-content\/uploads\/2011\/02\/03062011586-scaled.jpg?resize=350%2C200&ssl=1 1x, https:\/\/i0.wp.com\/caigualdotadino.it\/wp-content\/uploads\/2011\/02\/03062011586-scaled.jpg?resize=525%2C300&ssl=1 1.5x, https:\/\/i0.wp.com\/caigualdotadino.it\/wp-content\/uploads\/2011\/02\/03062011586-scaled.jpg?resize=700%2C400&ssl=1 2x, https:\/\/i0.wp.com\/caigualdotadino.it\/wp-content\/uploads\/2011\/02\/03062011586-scaled.jpg?resize=1050%2C600&ssl=1 3x, https:\/\/i0.wp.com\/caigualdotadino.it\/wp-content\/uploads\/2011\/02\/03062011586-scaled.jpg?resize=1400%2C800&ssl=1 4x"},"classes":[]}],"jetpack_sharing_enabled":true,"_links":{"self":[{"href":"https:\/\/caigualdotadino.it\/index.php?rest_route=\/wp\/v2\/pages\/71","targetHints":{"allow":["GET"]}}],"collection":[{"href":"https:\/\/caigualdotadino.it\/index.php?rest_route=\/wp\/v2\/pages"}],"about":[{"href":"https:\/\/caigualdotadino.it\/index.php?rest_route=\/wp\/v2\/types\/page"}],"author":[{"embeddable":true,"href":"https:\/\/caigualdotadino.it\/index.php?rest_route=\/wp\/v2\/users\/1"}],"replies":[{"embeddable":true,"href":"https:\/\/caigualdotadino.it\/index.php?rest_route=%2Fwp%2Fv2%2Fcomments&post=71"}],"version-history":[{"count":0,"href":"https:\/\/caigualdotadino.it\/index.php?rest_route=\/wp\/v2\/pages\/71\/revisions"}],"wp:attachment":[{"href":"https:\/\/caigualdotadino.it\/index.php?rest_route=%2Fwp%2Fv2%2Fmedia&parent=71"}],"curies":[{"name":"wp","href":"https:\/\/api.w.org\/{rel}","templated":true}]}}