{"id":70,"date":"2011-06-01T12:09:49","date_gmt":"2011-06-01T10:09:49","guid":{"rendered":"http:\/\/caigualdotadino.it\/2011\/06\/01\/difficolta-fisica\/"},"modified":"2011-06-01T12:09:49","modified_gmt":"2011-06-01T10:09:49","slug":"difficolta-fisica","status":"publish","type":"page","link":"https:\/\/caigualdotadino.it\/?page_id=70","title":{"rendered":"Difficolta&#8217; Fisiche"},"content":{"rendered":"<div><span style=\"font-size: 14pt;\"><strong><span style=\"font-size: 10pt;\">F (Facile): <\/span><\/strong><\/span><\/div>\n<div>Escursione semplice. Richiede sforzo fisico minimo, presenta poco dislivello ed ha lunghezza ridotta. Il dislivello in salita \u00e8 solitamente compreso fra 0 e 200 m.<\/div>\n<div>\u00a0<\/div>\n<div><strong>PD (Poco Difficile):<\/strong><\/div>\n<div>Escursione mediamente facile. Richiede un certo fisico, presenta un dislivello e\/o lunghezza contenuti. Il dislivello in salita \u00e8 solitamente compreso fra 200 e 400 m.<\/div>\n<div>\u00a0<\/div>\n<div><strong>AD (Abbastanza Difficile):<\/strong><\/div>\n<div>Escursione relativamente impegnativa che richiede un discreto sforzo fisico, presenta dislivelli medi e\/o lunghezza non ridotta. Il dislivello complessivo in salita \u00e8 solitamente compreso fra 400 e 700 m.<\/div>\n<div>\u00a0<\/div>\n<div><strong>D (Difficile):<\/strong><\/div>\n<div>Escursione impegnativa che richiede uno sforzo fisico riguardevole, presenta dislivelli considerevoli o lunghezza importante. Il dislivello complessivo in salita \u00e8 solitamente compreso fra 700 e 1200 m.<\/div>\n<div>\u00a0<\/div>\n<div><strong>TD (Molto Difficile):<\/strong><\/div>\n<div>Escursione molto impegnativa che richiede uno sforzo fisico intenso, presenta dislivello notevole e\/o lunghezza molto importante. Il dislivello complessivo in salita \u00e8 solitamente compreso fra 1200 e 2000 m.<\/div>\n<div>\u00a0<\/div>\n<div><strong>ED (Estremamente Difficile):<\/strong><\/div>\n<div>Escursione estremamente impegnativa che richiede uno sforzo fisico enorme, che presenta dislivelli estenuanti e una lunghezza notevole. Il dislivello complessivo in salita \u00e8 solitamente oltre i 2000 m.<\/div>\n<div>\u00a0<\/div>\n<div><strong>ABO (Eccezzionalmente Difficile):<\/strong><\/div>\n<div>Escursione eccezionalmente impegnativa che richiede uno sforzo fisico abnorme, che presenta dislivelli e lunghezza unici nel suo genere. Il dislivello complessivo in salita \u00e8 sempre oltre i 2000 m.<\/div>\n","protected":false},"excerpt":{"rendered":"<p>F (Facile): Escursione semplice. Richiede sforzo fisico minimo, presenta poco dislivello ed ha lunghezza ridotta. Il dislivello in salita \u00e8 solitamente compreso fra 0 e &hellip;<\/p>\n","protected":false},"author":1,"featured_media":0,"parent":0,"menu_order":4,"comment_status":"open","ping_status":"open","template":"","meta":{"footnotes":""},"class_list":["post-70","page","type-page","status-publish","hentry"],"jetpack-related-posts":[{"id":20,"url":"https:\/\/caigualdotadino.it\/?page_id=20","url_meta":{"origin":70,"position":0},"title":"Regole da seguire","author":"pigiax","date":"26 Febbraio 2011","format":false,"excerpt":"Alcune Regole da Seguire Prima di affrontare un\u2019escursione, valuta le tue capacit\u00e0 e le difficolt\u00e0 cui puoi andare incontro, cerca di saperne il pi\u00f9 possibile leggendo bene la carta topografica e prendendo informazioni da guide del posto \u03c0reparati fisicamente e moralmente per sostenere gli sforzi che la montagna richiede e\u2026","rel":"","context":"In &quot;senza categoria&quot;","block_context":{"text":"senza categoria","link":"https:\/\/caigualdotadino.it\/?cat=1"},"img":{"alt_text":"","src":"","width":0,"height":0},"classes":[]},{"id":71,"url":"https:\/\/caigualdotadino.it\/?page_id=71","url_meta":{"origin":70,"position":1},"title":"Difficolt\u00e0 Tecniche","author":"pigiax","date":"1 Giugno 2011","format":false,"excerpt":"T (Turistico): Itinerari su stradine, mulattiere o larghi sentieri, con percorsi non lunghi, ben evidenti e che non pongono incertezze o problemi di orientamento. Si svolgono di solito sotto i 2000 metri. Richiedono una certa conoscenza dell'ambiente montano e una preparazione fisica alla camminata. \u00a0 E (Escursionistico): Itinerari che si\u2026","rel":"","context":"In &quot;senza categoria&quot;","block_context":{"text":"senza categoria","link":"https:\/\/caigualdotadino.it\/?cat=1"},"img":{"alt_text":"","src":"","width":0,"height":0},"classes":[]},{"id":1435,"url":"https:\/\/caigualdotadino.it\/?page_id=1435","url_meta":{"origin":70,"position":2},"title":"La montagna","author":"Antonella Recchioni","date":"6 Marzo 2021","format":false,"excerpt":"Il paesaggio di Gualdo Tadino \u00e8 dominato dalla dorsale appenninica, caratterizzata da un notevole patrimonio naturalistico e ambientale, costituito da boschi e pinete, ampie distese di prati perenni che danno vita a suggestive fioriture policrome e da cime suggestive all\u2019interno dell\u2019Area Sic (Siti di Importanza Comunitaria) Monti Maggio e Nero:\u2026","rel":"","context":"In &quot;4 - ARCHIVIO&quot;","block_context":{"text":"4 - ARCHIVIO","link":"https:\/\/caigualdotadino.it\/?cat=34"},"img":{"alt_text":"","src":"https:\/\/i0.wp.com\/caigualdotadino.it\/wp-content\/uploads\/2021\/03\/unnamed-1.jpg?resize=350%2C200&ssl=1","width":350,"height":200},"classes":[]},{"id":2663,"url":"https:\/\/caigualdotadino.it\/?page_id=2663","url_meta":{"origin":70,"position":3},"title":"La nostra storia","author":"Antonella Recchioni","date":"16 Aprile 2021","format":false,"excerpt":"Dalle origini ad oggi La sezione CAI di Gualdo Tadino venne fondata ufficialmente il 4 aprile 1987. Ma in quella data ci fu soltanto la codificazione di un movimento che era gi\u00e0 piuttosto consistente perch\u00e9 aveva avuto una lunga gestazione nel CAI di Fabriano. Antesignano era stato Mario Giubilei, maestro\u2026","rel":"","context":"In &quot;4 - ARCHIVIO&quot;","block_context":{"text":"4 - ARCHIVIO","link":"https:\/\/caigualdotadino.it\/?cat=34"},"img":{"alt_text":"","src":"https:\/\/i0.wp.com\/caigualdotadino.it\/wp-content\/uploads\/2021\/04\/Immagine4.jpg?resize=350%2C200&ssl=1","width":350,"height":200,"srcset":"https:\/\/i0.wp.com\/caigualdotadino.it\/wp-content\/uploads\/2021\/04\/Immagine4.jpg?resize=350%2C200&ssl=1 1x, https:\/\/i0.wp.com\/caigualdotadino.it\/wp-content\/uploads\/2021\/04\/Immagine4.jpg?resize=525%2C300&ssl=1 1.5x"},"classes":[]},{"id":87,"url":"https:\/\/caigualdotadino.it\/?page_id=87","url_meta":{"origin":70,"position":4},"title":"Frasi, pensieri e citazioni","author":"pigiax","date":"16 Settembre 2011","format":false,"excerpt":"\u00a0 \"La montagna insegna a vivere: questa frase l'ho udita spesso, ma... non \u00e8 vera. C'\u00e8 gente che frequenta i monti da una vita e non ha imparato un tubo! La montagna al massimo regala emozioni a chi \u00e8 sensibile ed educato\". - Mauro Corona \u00a0 \"La misura delle difficolt\u00e0\u2026","rel":"","context":"In &quot;senza categoria&quot;","block_context":{"text":"senza categoria","link":"https:\/\/caigualdotadino.it\/?cat=1"},"img":{"alt_text":"","src":"","width":0,"height":0},"classes":[]},{"id":11530,"url":"https:\/\/caigualdotadino.it\/?page_id=11530","url_meta":{"origin":70,"position":5},"title":"Commissioni sezionali","author":"Antonella Recchioni","date":"23 Dicembre 2025","format":false,"excerpt":"Commissioni sezionali La commissione escursione provvede alla stesura del calendario escursionistico annuale cercando di favorire la conoscenza e la salvaguardia di tutti gli ambienti naturali. L\u2019escursionismo \u00e8 concepito come occasione per favorire la conoscenza della natura, della fauna, della flora, della coltura dei popoli, il rispetto della montagna con tutte\u2026","rel":"","context":"Articolo simile","block_context":{"text":"Articolo simile","link":""},"img":{"alt_text":"","src":"https:\/\/i0.wp.com\/caigualdotadino.it\/wp-content\/uploads\/2025\/12\/Immagine-WhatsApp-2025-12-15-ore-21.02.30_5448b0c6.jpg?resize=350%2C200&ssl=1","width":350,"height":200,"srcset":"https:\/\/i0.wp.com\/caigualdotadino.it\/wp-content\/uploads\/2025\/12\/Immagine-WhatsApp-2025-12-15-ore-21.02.30_5448b0c6.jpg?resize=350%2C200&ssl=1 1x, https:\/\/i0.wp.com\/caigualdotadino.it\/wp-content\/uploads\/2025\/12\/Immagine-WhatsApp-2025-12-15-ore-21.02.30_5448b0c6.jpg?resize=525%2C300&ssl=1 1.5x, https:\/\/i0.wp.com\/caigualdotadino.it\/wp-content\/uploads\/2025\/12\/Immagine-WhatsApp-2025-12-15-ore-21.02.30_5448b0c6.jpg?resize=700%2C400&ssl=1 2x"},"classes":[]}],"jetpack_sharing_enabled":true,"_links":{"self":[{"href":"https:\/\/caigualdotadino.it\/index.php?rest_route=\/wp\/v2\/pages\/70","targetHints":{"allow":["GET"]}}],"collection":[{"href":"https:\/\/caigualdotadino.it\/index.php?rest_route=\/wp\/v2\/pages"}],"about":[{"href":"https:\/\/caigualdotadino.it\/index.php?rest_route=\/wp\/v2\/types\/page"}],"author":[{"embeddable":true,"href":"https:\/\/caigualdotadino.it\/index.php?rest_route=\/wp\/v2\/users\/1"}],"replies":[{"embeddable":true,"href":"https:\/\/caigualdotadino.it\/index.php?rest_route=%2Fwp%2Fv2%2Fcomments&post=70"}],"version-history":[{"count":0,"href":"https:\/\/caigualdotadino.it\/index.php?rest_route=\/wp\/v2\/pages\/70\/revisions"}],"wp:attachment":[{"href":"https:\/\/caigualdotadino.it\/index.php?rest_route=%2Fwp%2Fv2%2Fmedia&parent=70"}],"curies":[{"name":"wp","href":"https:\/\/api.w.org\/{rel}","templated":true}]}}