{"id":4651,"date":"2021-10-17T13:59:39","date_gmt":"2021-10-17T11:59:39","guid":{"rendered":"https:\/\/caigualdotadino.it\/?page_id=4651"},"modified":"2021-10-17T13:59:40","modified_gmt":"2021-10-17T11:59:40","slug":"2013-2","status":"publish","type":"page","link":"https:\/\/caigualdotadino.it\/?page_id=4651","title":{"rendered":"2013"},"content":{"rendered":"\n<p class=\"has-text-align-center has-larger-font-size\"><strong>Settimana bianca 2013 (Soraga di Fassa)<\/strong><\/p>\n\n\n\n<div class=\"wp-block-jetpack-slideshow aligncenter\" data-effect=\"slide\"><div class=\"wp-block-jetpack-slideshow_container swiper-container\"><ul class=\"wp-block-jetpack-slideshow_swiper-wrapper swiper-wrapper\"><li class=\"wp-block-jetpack-slideshow_slide swiper-slide\"><figure><img loading=\"lazy\" decoding=\"async\" width=\"408\" height=\"306\" alt=\"\" class=\"wp-block-jetpack-slideshow_image wp-image-2124\" data-id=\"2124\" src=\"https:\/\/caigualdotadino.it\/wp-content\/uploads\/2021\/03\/settimana-bianca-024.jpg\" srcset=\"https:\/\/caigualdotadino.it\/wp-content\/uploads\/2021\/03\/settimana-bianca-024.jpg 408w, https:\/\/caigualdotadino.it\/wp-content\/uploads\/2021\/03\/settimana-bianca-024-300x225.jpg 300w, https:\/\/caigualdotadino.it\/wp-content\/uploads\/2021\/03\/settimana-bianca-024-400x300.jpg 400w\" sizes=\"(max-width: 408px) 100vw, 408px\" \/><\/figure><\/li><li class=\"wp-block-jetpack-slideshow_slide swiper-slide\"><figure><img loading=\"lazy\" decoding=\"async\" width=\"408\" height=\"306\" alt=\"\" class=\"wp-block-jetpack-slideshow_image wp-image-2118\" data-id=\"2118\" src=\"https:\/\/caigualdotadino.it\/wp-content\/uploads\/2021\/03\/settimana-bianca-032.jpg\" srcset=\"https:\/\/caigualdotadino.it\/wp-content\/uploads\/2021\/03\/settimana-bianca-032.jpg 408w, https:\/\/caigualdotadino.it\/wp-content\/uploads\/2021\/03\/settimana-bianca-032-300x225.jpg 300w, https:\/\/caigualdotadino.it\/wp-content\/uploads\/2021\/03\/settimana-bianca-032-400x300.jpg 400w\" sizes=\"(max-width: 408px) 100vw, 408px\" \/><\/figure><\/li><li class=\"wp-block-jetpack-slideshow_slide swiper-slide\"><figure><img loading=\"lazy\" decoding=\"async\" width=\"408\" height=\"306\" alt=\"\" class=\"wp-block-jetpack-slideshow_image wp-image-2121\" data-id=\"2121\" src=\"https:\/\/caigualdotadino.it\/wp-content\/uploads\/2021\/03\/settimana-bianca-028.jpg\" srcset=\"https:\/\/caigualdotadino.it\/wp-content\/uploads\/2021\/03\/settimana-bianca-028.jpg 408w, https:\/\/caigualdotadino.it\/wp-content\/uploads\/2021\/03\/settimana-bianca-028-300x225.jpg 300w, https:\/\/caigualdotadino.it\/wp-content\/uploads\/2021\/03\/settimana-bianca-028-400x300.jpg 400w\" sizes=\"(max-width: 408px) 100vw, 408px\" \/><\/figure><\/li><li class=\"wp-block-jetpack-slideshow_slide swiper-slide\"><figure><img loading=\"lazy\" decoding=\"async\" width=\"408\" height=\"306\" alt=\"\" class=\"wp-block-jetpack-slideshow_image wp-image-2120\" data-id=\"2120\" src=\"https:\/\/caigualdotadino.it\/wp-content\/uploads\/2021\/03\/settimana-bianca-031.jpg\" srcset=\"https:\/\/caigualdotadino.it\/wp-content\/uploads\/2021\/03\/settimana-bianca-031.jpg 408w, https:\/\/caigualdotadino.it\/wp-content\/uploads\/2021\/03\/settimana-bianca-031-300x225.jpg 300w, https:\/\/caigualdotadino.it\/wp-content\/uploads\/2021\/03\/settimana-bianca-031-400x300.jpg 400w\" sizes=\"(max-width: 408px) 100vw, 408px\" \/><\/figure><\/li><li class=\"wp-block-jetpack-slideshow_slide swiper-slide\"><figure><img loading=\"lazy\" decoding=\"async\" width=\"408\" height=\"306\" alt=\"\" class=\"wp-block-jetpack-slideshow_image wp-image-2123\" data-id=\"2123\" src=\"https:\/\/caigualdotadino.it\/wp-content\/uploads\/2021\/03\/settimana-bianca-007.jpg\" srcset=\"https:\/\/caigualdotadino.it\/wp-content\/uploads\/2021\/03\/settimana-bianca-007.jpg 408w, https:\/\/caigualdotadino.it\/wp-content\/uploads\/2021\/03\/settimana-bianca-007-300x225.jpg 300w, https:\/\/caigualdotadino.it\/wp-content\/uploads\/2021\/03\/settimana-bianca-007-400x300.jpg 400w\" sizes=\"(max-width: 408px) 100vw, 408px\" \/><\/figure><\/li><\/ul><a class=\"wp-block-jetpack-slideshow_button-prev swiper-button-prev swiper-button-white\" role=\"button\"><\/a><a class=\"wp-block-jetpack-slideshow_button-next swiper-button-next swiper-button-white\" role=\"button\"><\/a><a aria-label=\"Pause Slideshow\" class=\"wp-block-jetpack-slideshow_button-pause\" role=\"button\"><\/a><div class=\"wp-block-jetpack-slideshow_pagination swiper-pagination swiper-pagination-white\"><\/div><\/div><\/div>\n\n\n\n<hr class=\"wp-block-separator has-text-color has-background has-sitetext-background-color has-sitetext-color is-style-wide\"\/>\n\n\n\n<p class=\"has-text-align-center has-larger-font-size\"><strong>Terminillo 10\/02\/2013<\/strong><\/p>\n\n\n\n<div class=\"wp-block-jetpack-slideshow aligncenter\" data-effect=\"slide\"><div class=\"wp-block-jetpack-slideshow_container swiper-container\"><ul class=\"wp-block-jetpack-slideshow_swiper-wrapper swiper-wrapper\"><li class=\"wp-block-jetpack-slideshow_slide swiper-slide\"><figure><img loading=\"lazy\" decoding=\"async\" width=\"1024\" height=\"323\" alt=\"\" class=\"wp-block-jetpack-slideshow_image wp-image-1645\" data-id=\"1645\" src=\"https:\/\/caigualdotadino.it\/wp-content\/uploads\/2021\/03\/dscf3139_stitch-1.jpg\" srcset=\"https:\/\/caigualdotadino.it\/wp-content\/uploads\/2021\/03\/dscf3139_stitch-1.jpg 1024w, https:\/\/caigualdotadino.it\/wp-content\/uploads\/2021\/03\/dscf3139_stitch-1-300x95.jpg 300w, https:\/\/caigualdotadino.it\/wp-content\/uploads\/2021\/03\/dscf3139_stitch-1-768x242.jpg 768w, https:\/\/caigualdotadino.it\/wp-content\/uploads\/2021\/03\/dscf3139_stitch-1-421x133.jpg 421w\" sizes=\"(max-width: 1024px) 100vw, 1024px\" \/><\/figure><\/li><li class=\"wp-block-jetpack-slideshow_slide swiper-slide\"><figure><img loading=\"lazy\" decoding=\"async\" width=\"1024\" height=\"768\" alt=\"\" class=\"wp-block-jetpack-slideshow_image wp-image-1642\" data-id=\"1642\" src=\"https:\/\/caigualdotadino.it\/wp-content\/uploads\/2021\/03\/dscf3159-1-1.jpg\" srcset=\"https:\/\/caigualdotadino.it\/wp-content\/uploads\/2021\/03\/dscf3159-1-1.jpg 1024w, https:\/\/caigualdotadino.it\/wp-content\/uploads\/2021\/03\/dscf3159-1-1-300x225.jpg 300w, https:\/\/caigualdotadino.it\/wp-content\/uploads\/2021\/03\/dscf3159-1-1-768x576.jpg 768w, https:\/\/caigualdotadino.it\/wp-content\/uploads\/2021\/03\/dscf3159-1-1-400x300.jpg 400w\" sizes=\"(max-width: 1024px) 100vw, 1024px\" \/><\/figure><\/li><li class=\"wp-block-jetpack-slideshow_slide swiper-slide\"><figure><img loading=\"lazy\" decoding=\"async\" width=\"1024\" height=\"768\" alt=\"\" class=\"wp-block-jetpack-slideshow_image wp-image-1631\" data-id=\"1631\" src=\"https:\/\/caigualdotadino.it\/wp-content\/uploads\/2021\/03\/dscf3132.jpg\" srcset=\"https:\/\/caigualdotadino.it\/wp-content\/uploads\/2021\/03\/dscf3132.jpg 1024w, https:\/\/caigualdotadino.it\/wp-content\/uploads\/2021\/03\/dscf3132-300x225.jpg 300w, https:\/\/caigualdotadino.it\/wp-content\/uploads\/2021\/03\/dscf3132-768x576.jpg 768w, https:\/\/caigualdotadino.it\/wp-content\/uploads\/2021\/03\/dscf3132-400x300.jpg 400w\" sizes=\"(max-width: 1024px) 100vw, 1024px\" \/><\/figure><\/li><li class=\"wp-block-jetpack-slideshow_slide swiper-slide\"><figure><img loading=\"lazy\" decoding=\"async\" width=\"1024\" height=\"768\" alt=\"\" class=\"wp-block-jetpack-slideshow_image wp-image-1635\" data-id=\"1635\" src=\"https:\/\/caigualdotadino.it\/wp-content\/uploads\/2021\/03\/dscf3128.jpg\" srcset=\"https:\/\/caigualdotadino.it\/wp-content\/uploads\/2021\/03\/dscf3128.jpg 1024w, https:\/\/caigualdotadino.it\/wp-content\/uploads\/2021\/03\/dscf3128-300x225.jpg 300w, https:\/\/caigualdotadino.it\/wp-content\/uploads\/2021\/03\/dscf3128-768x576.jpg 768w, https:\/\/caigualdotadino.it\/wp-content\/uploads\/2021\/03\/dscf3128-400x300.jpg 400w\" sizes=\"(max-width: 1024px) 100vw, 1024px\" \/><\/figure><\/li><li class=\"wp-block-jetpack-slideshow_slide swiper-slide\"><figure><img loading=\"lazy\" decoding=\"async\" width=\"1024\" height=\"768\" alt=\"\" class=\"wp-block-jetpack-slideshow_image wp-image-1643\" data-id=\"1643\" src=\"https:\/\/caigualdotadino.it\/wp-content\/uploads\/2021\/03\/dscf3133-1.jpg\" srcset=\"https:\/\/caigualdotadino.it\/wp-content\/uploads\/2021\/03\/dscf3133-1.jpg 1024w, https:\/\/caigualdotadino.it\/wp-content\/uploads\/2021\/03\/dscf3133-1-300x225.jpg 300w, https:\/\/caigualdotadino.it\/wp-content\/uploads\/2021\/03\/dscf3133-1-768x576.jpg 768w, https:\/\/caigualdotadino.it\/wp-content\/uploads\/2021\/03\/dscf3133-1-400x300.jpg 400w\" sizes=\"(max-width: 1024px) 100vw, 1024px\" \/><\/figure><\/li><\/ul><a class=\"wp-block-jetpack-slideshow_button-prev swiper-button-prev swiper-button-white\" role=\"button\"><\/a><a class=\"wp-block-jetpack-slideshow_button-next swiper-button-next swiper-button-white\" role=\"button\"><\/a><a aria-label=\"Pause Slideshow\" class=\"wp-block-jetpack-slideshow_button-pause\" role=\"button\"><\/a><div class=\"wp-block-jetpack-slideshow_pagination swiper-pagination swiper-pagination-white\"><\/div><\/div><\/div>\n\n\n\n<hr class=\"wp-block-separator has-text-color has-background has-sitetext-background-color has-sitetext-color is-style-wide\"\/>\n\n\n\n<p class=\"has-text-align-center has-larger-font-size\"><strong>Monte lo Spicchio<\/strong> 27\/10\/2013<\/p>\n\n\n\n<div class=\"wp-block-jetpack-slideshow aligncenter\" data-effect=\"slide\"><div class=\"wp-block-jetpack-slideshow_container swiper-container\"><ul class=\"wp-block-jetpack-slideshow_swiper-wrapper swiper-wrapper\"><li class=\"wp-block-jetpack-slideshow_slide swiper-slide\"><figure><img loading=\"lazy\" decoding=\"async\" width=\"1024\" height=\"768\" alt=\"\" class=\"wp-block-jetpack-slideshow_image wp-image-2110\" data-id=\"2110\" src=\"https:\/\/caigualdotadino.it\/wp-content\/uploads\/2021\/03\/m.cucco-apr.2013-007.png\" srcset=\"https:\/\/caigualdotadino.it\/wp-content\/uploads\/2021\/03\/m.cucco-apr.2013-007.png 1024w, https:\/\/caigualdotadino.it\/wp-content\/uploads\/2021\/03\/m.cucco-apr.2013-007-300x225.png 300w, https:\/\/caigualdotadino.it\/wp-content\/uploads\/2021\/03\/m.cucco-apr.2013-007-768x576.png 768w, https:\/\/caigualdotadino.it\/wp-content\/uploads\/2021\/03\/m.cucco-apr.2013-007-400x300.png 400w\" sizes=\"(max-width: 1024px) 100vw, 1024px\" \/><\/figure><\/li><li class=\"wp-block-jetpack-slideshow_slide swiper-slide\"><figure><img loading=\"lazy\" decoding=\"async\" width=\"1024\" height=\"768\" alt=\"\" class=\"wp-block-jetpack-slideshow_image wp-image-2114\" data-id=\"2114\" src=\"https:\/\/caigualdotadino.it\/wp-content\/uploads\/2021\/03\/m.cucco-apr.2013-029.png\" srcset=\"https:\/\/caigualdotadino.it\/wp-content\/uploads\/2021\/03\/m.cucco-apr.2013-029.png 1024w, https:\/\/caigualdotadino.it\/wp-content\/uploads\/2021\/03\/m.cucco-apr.2013-029-300x225.png 300w, https:\/\/caigualdotadino.it\/wp-content\/uploads\/2021\/03\/m.cucco-apr.2013-029-768x576.png 768w, https:\/\/caigualdotadino.it\/wp-content\/uploads\/2021\/03\/m.cucco-apr.2013-029-400x300.png 400w\" sizes=\"(max-width: 1024px) 100vw, 1024px\" \/><\/figure><\/li><li class=\"wp-block-jetpack-slideshow_slide swiper-slide\"><figure><img loading=\"lazy\" decoding=\"async\" width=\"1024\" height=\"768\" alt=\"\" class=\"wp-block-jetpack-slideshow_image wp-image-2112\" data-id=\"2112\" src=\"https:\/\/caigualdotadino.it\/wp-content\/uploads\/2021\/03\/m.cucco-apr.2013-012.png\" srcset=\"https:\/\/caigualdotadino.it\/wp-content\/uploads\/2021\/03\/m.cucco-apr.2013-012.png 1024w, https:\/\/caigualdotadino.it\/wp-content\/uploads\/2021\/03\/m.cucco-apr.2013-012-300x225.png 300w, https:\/\/caigualdotadino.it\/wp-content\/uploads\/2021\/03\/m.cucco-apr.2013-012-768x576.png 768w, https:\/\/caigualdotadino.it\/wp-content\/uploads\/2021\/03\/m.cucco-apr.2013-012-400x300.png 400w\" sizes=\"(max-width: 1024px) 100vw, 1024px\" \/><\/figure><\/li><li class=\"wp-block-jetpack-slideshow_slide swiper-slide\"><figure><img loading=\"lazy\" decoding=\"async\" width=\"1024\" height=\"768\" alt=\"\" class=\"wp-block-jetpack-slideshow_image wp-image-2115\" data-id=\"2115\" src=\"https:\/\/caigualdotadino.it\/wp-content\/uploads\/2021\/03\/m.cucco-apr.2013-008-1.png\" srcset=\"https:\/\/caigualdotadino.it\/wp-content\/uploads\/2021\/03\/m.cucco-apr.2013-008-1.png 1024w, https:\/\/caigualdotadino.it\/wp-content\/uploads\/2021\/03\/m.cucco-apr.2013-008-1-300x225.png 300w, https:\/\/caigualdotadino.it\/wp-content\/uploads\/2021\/03\/m.cucco-apr.2013-008-1-768x576.png 768w, https:\/\/caigualdotadino.it\/wp-content\/uploads\/2021\/03\/m.cucco-apr.2013-008-1-400x300.png 400w\" sizes=\"(max-width: 1024px) 100vw, 1024px\" \/><\/figure><\/li><li class=\"wp-block-jetpack-slideshow_slide swiper-slide\"><figure><img loading=\"lazy\" decoding=\"async\" width=\"1024\" height=\"768\" alt=\"\" class=\"wp-block-jetpack-slideshow_image wp-image-2113\" data-id=\"2113\" src=\"https:\/\/caigualdotadino.it\/wp-content\/uploads\/2021\/03\/m.cucco-apr.2013-020.png\" srcset=\"https:\/\/caigualdotadino.it\/wp-content\/uploads\/2021\/03\/m.cucco-apr.2013-020.png 1024w, https:\/\/caigualdotadino.it\/wp-content\/uploads\/2021\/03\/m.cucco-apr.2013-020-300x225.png 300w, https:\/\/caigualdotadino.it\/wp-content\/uploads\/2021\/03\/m.cucco-apr.2013-020-768x576.png 768w, https:\/\/caigualdotadino.it\/wp-content\/uploads\/2021\/03\/m.cucco-apr.2013-020-400x300.png 400w\" sizes=\"(max-width: 1024px) 100vw, 1024px\" \/><\/figure><\/li><\/ul><a class=\"wp-block-jetpack-slideshow_button-prev swiper-button-prev swiper-button-white\" role=\"button\"><\/a><a class=\"wp-block-jetpack-slideshow_button-next swiper-button-next swiper-button-white\" role=\"button\"><\/a><a aria-label=\"Pause Slideshow\" class=\"wp-block-jetpack-slideshow_button-pause\" role=\"button\"><\/a><div class=\"wp-block-jetpack-slideshow_pagination swiper-pagination swiper-pagination-white\"><\/div><\/div><\/div>\n","protected":false},"excerpt":{"rendered":"<p>Settimana bianca 2013 (Soraga di Fassa) Terminillo 10\/02\/2013 Monte lo Spicchio 27\/10\/2013<\/p>\n","protected":false},"author":2,"featured_media":0,"parent":0,"menu_order":0,"comment_status":"closed","ping_status":"closed","template":"","meta":{"footnotes":""},"class_list":["post-4651","page","type-page","status-publish","hentry"],"jetpack-related-posts":[{"id":4258,"url":"https:\/\/caigualdotadino.it\/?page_id=4258","url_meta":{"origin":4651,"position":0},"title":"Settimana verdi e trekking di pi\u00f9 giorni","author":"Antonella Recchioni","date":"1 Settembre 2021","format":false,"excerpt":"2026 - Settimana bianca a Campitella di Fassa 2025 - Trekking Nord della Grecia: isole Cefalonia e Itaca Trekking via Francigena Gressoney la Trinit\u00e8 2024 - Settimana bianca ad Alba di Canazei Via Francigena Laziale Settimana verde a Soraga Trekking nel Gargano 2023 - Settimana verde sulle Alpi 2022 -\u2026","rel":"","context":"In &quot;4 - ARCHIVIO&quot;","block_context":{"text":"4 - ARCHIVIO","link":"https:\/\/caigualdotadino.it\/?cat=34"},"img":{"alt_text":"","src":"","width":0,"height":0},"classes":[]},{"id":5,"url":"https:\/\/caigualdotadino.it\/?page_id=5","url_meta":{"origin":4651,"position":1},"title":"Commissione Escursionismo","author":"pigiax","date":"25 Febbraio 2011","format":false,"excerpt":"Commissione escursionismo \u00a0 Questa commissione provvede alla stesura del calendario escursionistico annuale cercando di favorire la conoscenza e la salvaguardia di tutti gli ambienti naturali. L\u2019escursionismo \u00e8 concepito come occasione per favorire la conoscenza della natura, della fauna, della flora, della coltura dei popoli, il rispetto della montagna con tutte\u2026","rel":"","context":"In &quot;senza categoria&quot;","block_context":{"text":"senza categoria","link":"https:\/\/caigualdotadino.it\/?cat=1"},"img":{"alt_text":"","src":"https:\/\/i0.wp.com\/caigualdotadino.it\/wp-content\/uploads\/2025\/12\/Immagine-WhatsApp-2025-12-15-ore-21.02.28_7b7ff687.jpg?resize=350%2C200&ssl=1","width":350,"height":200,"srcset":"https:\/\/i0.wp.com\/caigualdotadino.it\/wp-content\/uploads\/2025\/12\/Immagine-WhatsApp-2025-12-15-ore-21.02.28_7b7ff687.jpg?resize=350%2C200&ssl=1 1x, https:\/\/i0.wp.com\/caigualdotadino.it\/wp-content\/uploads\/2025\/12\/Immagine-WhatsApp-2025-12-15-ore-21.02.28_7b7ff687.jpg?resize=525%2C300&ssl=1 1.5x, https:\/\/i0.wp.com\/caigualdotadino.it\/wp-content\/uploads\/2025\/12\/Immagine-WhatsApp-2025-12-15-ore-21.02.28_7b7ff687.jpg?resize=700%2C400&ssl=1 2x"},"classes":[]},{"id":2663,"url":"https:\/\/caigualdotadino.it\/?page_id=2663","url_meta":{"origin":4651,"position":2},"title":"La nostra storia","author":"Antonella Recchioni","date":"16 Aprile 2021","format":false,"excerpt":"Dalle origini ad oggi La sezione CAI di Gualdo Tadino venne fondata ufficialmente il 4 aprile 1987. Ma in quella data ci fu soltanto la codificazione di un movimento che era gi\u00e0 piuttosto consistente perch\u00e9 aveva avuto una lunga gestazione nel CAI di Fabriano. Antesignano era stato Mario Giubilei, maestro\u2026","rel":"","context":"In &quot;4 - ARCHIVIO&quot;","block_context":{"text":"4 - ARCHIVIO","link":"https:\/\/caigualdotadino.it\/?cat=34"},"img":{"alt_text":"","src":"https:\/\/i0.wp.com\/caigualdotadino.it\/wp-content\/uploads\/2021\/04\/Immagine4.jpg?resize=350%2C200&ssl=1","width":350,"height":200,"srcset":"https:\/\/i0.wp.com\/caigualdotadino.it\/wp-content\/uploads\/2021\/04\/Immagine4.jpg?resize=350%2C200&ssl=1 1x, https:\/\/i0.wp.com\/caigualdotadino.it\/wp-content\/uploads\/2021\/04\/Immagine4.jpg?resize=525%2C300&ssl=1 1.5x"},"classes":[]},{"id":11530,"url":"https:\/\/caigualdotadino.it\/?page_id=11530","url_meta":{"origin":4651,"position":3},"title":"Commissioni sezionali","author":"Antonella Recchioni","date":"23 Dicembre 2025","format":false,"excerpt":"Commissioni sezionali La commissione escursione provvede alla stesura del calendario escursionistico annuale cercando di favorire la conoscenza e la salvaguardia di tutti gli ambienti naturali. L\u2019escursionismo \u00e8 concepito come occasione per favorire la conoscenza della natura, della fauna, della flora, della coltura dei popoli, il rispetto della montagna con tutte\u2026","rel":"","context":"Articolo simile","block_context":{"text":"Articolo simile","link":""},"img":{"alt_text":"","src":"https:\/\/i0.wp.com\/caigualdotadino.it\/wp-content\/uploads\/2025\/12\/Immagine-WhatsApp-2025-12-15-ore-21.02.30_5448b0c6.jpg?resize=350%2C200&ssl=1","width":350,"height":200,"srcset":"https:\/\/i0.wp.com\/caigualdotadino.it\/wp-content\/uploads\/2025\/12\/Immagine-WhatsApp-2025-12-15-ore-21.02.30_5448b0c6.jpg?resize=350%2C200&ssl=1 1x, https:\/\/i0.wp.com\/caigualdotadino.it\/wp-content\/uploads\/2025\/12\/Immagine-WhatsApp-2025-12-15-ore-21.02.30_5448b0c6.jpg?resize=525%2C300&ssl=1 1.5x, https:\/\/i0.wp.com\/caigualdotadino.it\/wp-content\/uploads\/2025\/12\/Immagine-WhatsApp-2025-12-15-ore-21.02.30_5448b0c6.jpg?resize=700%2C400&ssl=1 2x"},"classes":[]},{"id":87,"url":"https:\/\/caigualdotadino.it\/?page_id=87","url_meta":{"origin":4651,"position":4},"title":"Frasi, pensieri e citazioni","author":"pigiax","date":"16 Settembre 2011","format":false,"excerpt":"\u00a0 \"La montagna insegna a vivere: questa frase l'ho udita spesso, ma... non \u00e8 vera. C'\u00e8 gente che frequenta i monti da una vita e non ha imparato un tubo! La montagna al massimo regala emozioni a chi \u00e8 sensibile ed educato\". - Mauro Corona \u00a0 \"La misura delle difficolt\u00e0\u2026","rel":"","context":"In &quot;senza categoria&quot;","block_context":{"text":"senza categoria","link":"https:\/\/caigualdotadino.it\/?cat=1"},"img":{"alt_text":"","src":"","width":0,"height":0},"classes":[]},{"id":21,"url":"https:\/\/caigualdotadino.it\/?page_id=21","url_meta":{"origin":4651,"position":5},"title":"Gualdo Tadino","author":"pigiax","date":"26 Febbraio 2011","format":false,"excerpt":"\"Intra Tupino e l\u2019acqua che discende del colle eletto dal Beato Ubaldo, fertile costa dall\u2019alto monte pende, onde Perugia sente freddo e caldo da Porta Sole; e di rietro le piange per grave giogo Nocera con Gualdo\" (La Divina Commedia, Paradiso, Canto Xl). Preistoria II \"Lago di Gualdo\" era delimitato,\u2026","rel":"","context":"In &quot;4 - ARCHIVIO&quot;","block_context":{"text":"4 - ARCHIVIO","link":"https:\/\/caigualdotadino.it\/?cat=34"},"img":{"alt_text":"","src":"https:\/\/i0.wp.com\/caigualdotadino.it\/wp-content\/uploads\/2021\/03\/dischi-aurei2-600x302-1-300x151.jpg?resize=350%2C200&ssl=1","width":350,"height":200},"classes":[]}],"jetpack_sharing_enabled":true,"_links":{"self":[{"href":"https:\/\/caigualdotadino.it\/index.php?rest_route=\/wp\/v2\/pages\/4651","targetHints":{"allow":["GET"]}}],"collection":[{"href":"https:\/\/caigualdotadino.it\/index.php?rest_route=\/wp\/v2\/pages"}],"about":[{"href":"https:\/\/caigualdotadino.it\/index.php?rest_route=\/wp\/v2\/types\/page"}],"author":[{"embeddable":true,"href":"https:\/\/caigualdotadino.it\/index.php?rest_route=\/wp\/v2\/users\/2"}],"replies":[{"embeddable":true,"href":"https:\/\/caigualdotadino.it\/index.php?rest_route=%2Fwp%2Fv2%2Fcomments&post=4651"}],"version-history":[{"count":1,"href":"https:\/\/caigualdotadino.it\/index.php?rest_route=\/wp\/v2\/pages\/4651\/revisions"}],"predecessor-version":[{"id":4654,"href":"https:\/\/caigualdotadino.it\/index.php?rest_route=\/wp\/v2\/pages\/4651\/revisions\/4654"}],"wp:attachment":[{"href":"https:\/\/caigualdotadino.it\/index.php?rest_route=%2Fwp%2Fv2%2Fmedia&parent=4651"}],"curies":[{"name":"wp","href":"https:\/\/api.w.org\/{rel}","templated":true}]}}