{"id":4381,"date":"2021-09-12T19:15:02","date_gmt":"2021-09-12T17:15:02","guid":{"rendered":"https:\/\/caigualdotadino.it\/?page_id=4381"},"modified":"2021-09-12T19:15:03","modified_gmt":"2021-09-12T17:15:03","slug":"2016-2","status":"publish","type":"page","link":"https:\/\/caigualdotadino.it\/?page_id=4381","title":{"rendered":"2016"},"content":{"rendered":"\n<p class=\"has-text-align-center has-larger-font-size\"><strong>Valle delle Prigioni<\/strong> 17\/04\/20116<\/p>\n\n\n\n<div class=\"wp-block-jetpack-slideshow aligncenter\" data-effect=\"slide\"><div class=\"wp-block-jetpack-slideshow_container swiper-container\"><ul class=\"wp-block-jetpack-slideshow_swiper-wrapper swiper-wrapper\"><li class=\"wp-block-jetpack-slideshow_slide swiper-slide\"><figure><img loading=\"lazy\" decoding=\"async\" width=\"1024\" height=\"768\" alt=\"\" class=\"wp-block-jetpack-slideshow_image wp-image-2503\" data-id=\"2503\" src=\"https:\/\/caigualdotadino.it\/wp-content\/uploads\/2021\/03\/IMG_20160417_114314-1.jpg\" srcset=\"https:\/\/caigualdotadino.it\/wp-content\/uploads\/2021\/03\/IMG_20160417_114314-1.jpg 1024w, https:\/\/caigualdotadino.it\/wp-content\/uploads\/2021\/03\/IMG_20160417_114314-1-300x225.jpg 300w, https:\/\/caigualdotadino.it\/wp-content\/uploads\/2021\/03\/IMG_20160417_114314-1-768x576.jpg 768w, https:\/\/caigualdotadino.it\/wp-content\/uploads\/2021\/03\/IMG_20160417_114314-1-400x300.jpg 400w\" sizes=\"(max-width: 1024px) 100vw, 1024px\" \/><\/figure><\/li><li class=\"wp-block-jetpack-slideshow_slide swiper-slide\"><figure><img loading=\"lazy\" decoding=\"async\" width=\"1024\" height=\"768\" alt=\"\" class=\"wp-block-jetpack-slideshow_image wp-image-2502\" data-id=\"2502\" src=\"https:\/\/caigualdotadino.it\/wp-content\/uploads\/2021\/03\/IMG_20160417_093729-1.jpg\" srcset=\"https:\/\/caigualdotadino.it\/wp-content\/uploads\/2021\/03\/IMG_20160417_093729-1.jpg 1024w, https:\/\/caigualdotadino.it\/wp-content\/uploads\/2021\/03\/IMG_20160417_093729-1-300x225.jpg 300w, https:\/\/caigualdotadino.it\/wp-content\/uploads\/2021\/03\/IMG_20160417_093729-1-768x576.jpg 768w, https:\/\/caigualdotadino.it\/wp-content\/uploads\/2021\/03\/IMG_20160417_093729-1-400x300.jpg 400w\" sizes=\"(max-width: 1024px) 100vw, 1024px\" \/><\/figure><\/li><li class=\"wp-block-jetpack-slideshow_slide swiper-slide\"><figure><img loading=\"lazy\" decoding=\"async\" width=\"1024\" height=\"768\" alt=\"\" class=\"wp-block-jetpack-slideshow_image wp-image-2499\" data-id=\"2499\" src=\"https:\/\/caigualdotadino.it\/wp-content\/uploads\/2021\/03\/IMG_20160417_094816.jpg\" srcset=\"https:\/\/caigualdotadino.it\/wp-content\/uploads\/2021\/03\/IMG_20160417_094816.jpg 1024w, https:\/\/caigualdotadino.it\/wp-content\/uploads\/2021\/03\/IMG_20160417_094816-300x225.jpg 300w, https:\/\/caigualdotadino.it\/wp-content\/uploads\/2021\/03\/IMG_20160417_094816-768x576.jpg 768w, https:\/\/caigualdotadino.it\/wp-content\/uploads\/2021\/03\/IMG_20160417_094816-400x300.jpg 400w\" sizes=\"(max-width: 1024px) 100vw, 1024px\" \/><\/figure><\/li><li class=\"wp-block-jetpack-slideshow_slide swiper-slide\"><figure><img loading=\"lazy\" decoding=\"async\" width=\"768\" height=\"1024\" alt=\"\" class=\"wp-block-jetpack-slideshow_image wp-image-2498\" data-id=\"2498\" src=\"https:\/\/caigualdotadino.it\/wp-content\/uploads\/2021\/03\/IMG_20160417_094033.jpg\" srcset=\"https:\/\/caigualdotadino.it\/wp-content\/uploads\/2021\/03\/IMG_20160417_094033.jpg 768w, https:\/\/caigualdotadino.it\/wp-content\/uploads\/2021\/03\/IMG_20160417_094033-225x300.jpg 225w\" sizes=\"(max-width: 768px) 100vw, 768px\" \/><\/figure><\/li><li class=\"wp-block-jetpack-slideshow_slide swiper-slide\"><figure><img loading=\"lazy\" decoding=\"async\" width=\"768\" height=\"1024\" alt=\"\" class=\"wp-block-jetpack-slideshow_image wp-image-2497\" data-id=\"2497\" src=\"https:\/\/caigualdotadino.it\/wp-content\/uploads\/2021\/03\/IMG_20160417_092018.jpg\" srcset=\"https:\/\/caigualdotadino.it\/wp-content\/uploads\/2021\/03\/IMG_20160417_092018.jpg 768w, https:\/\/caigualdotadino.it\/wp-content\/uploads\/2021\/03\/IMG_20160417_092018-225x300.jpg 225w\" sizes=\"(max-width: 768px) 100vw, 768px\" \/><\/figure><\/li><\/ul><a class=\"wp-block-jetpack-slideshow_button-prev swiper-button-prev swiper-button-white\" role=\"button\"><\/a><a class=\"wp-block-jetpack-slideshow_button-next swiper-button-next swiper-button-white\" role=\"button\"><\/a><a aria-label=\"Pause Slideshow\" class=\"wp-block-jetpack-slideshow_button-pause\" role=\"button\"><\/a><div class=\"wp-block-jetpack-slideshow_pagination swiper-pagination swiper-pagination-white\"><\/div><\/div><\/div>\n\n\n\n<p class=\"has-text-align-center has-larger-font-size\"><strong>Sibillini <\/strong>26\/06\/1016<\/p>\n\n\n\n<div class=\"wp-block-jetpack-slideshow aligncenter\" data-effect=\"slide\"><div class=\"wp-block-jetpack-slideshow_container swiper-container\"><ul class=\"wp-block-jetpack-slideshow_swiper-wrapper swiper-wrapper\"><li class=\"wp-block-jetpack-slideshow_slide swiper-slide\"><figure><img loading=\"lazy\" decoding=\"async\" width=\"1024\" height=\"768\" alt=\"\" class=\"wp-block-jetpack-slideshow_image wp-image-2512\" data-id=\"2512\" src=\"https:\/\/caigualdotadino.it\/wp-content\/uploads\/2021\/03\/IMG_20160626_110328714.jpg\" srcset=\"https:\/\/caigualdotadino.it\/wp-content\/uploads\/2021\/03\/IMG_20160626_110328714.jpg 1024w, https:\/\/caigualdotadino.it\/wp-content\/uploads\/2021\/03\/IMG_20160626_110328714-300x225.jpg 300w, https:\/\/caigualdotadino.it\/wp-content\/uploads\/2021\/03\/IMG_20160626_110328714-768x576.jpg 768w, https:\/\/caigualdotadino.it\/wp-content\/uploads\/2021\/03\/IMG_20160626_110328714-400x300.jpg 400w\" sizes=\"(max-width: 1024px) 100vw, 1024px\" \/><\/figure><\/li><li class=\"wp-block-jetpack-slideshow_slide swiper-slide\"><figure><img loading=\"lazy\" decoding=\"async\" width=\"768\" height=\"1024\" alt=\"\" class=\"wp-block-jetpack-slideshow_image wp-image-2511\" data-id=\"2511\" src=\"https:\/\/caigualdotadino.it\/wp-content\/uploads\/2021\/03\/IMG-20160627-WA0018.jpg\" srcset=\"https:\/\/caigualdotadino.it\/wp-content\/uploads\/2021\/03\/IMG-20160627-WA0018.jpg 768w, https:\/\/caigualdotadino.it\/wp-content\/uploads\/2021\/03\/IMG-20160627-WA0018-225x300.jpg 225w\" sizes=\"(max-width: 768px) 100vw, 768px\" \/><\/figure><\/li><li class=\"wp-block-jetpack-slideshow_slide swiper-slide\"><figure><img loading=\"lazy\" decoding=\"async\" width=\"1024\" height=\"768\" alt=\"\" class=\"wp-block-jetpack-slideshow_image wp-image-2510\" data-id=\"2510\" src=\"https:\/\/caigualdotadino.it\/wp-content\/uploads\/2021\/03\/IMG-20160627-WA0013.jpg\" srcset=\"https:\/\/caigualdotadino.it\/wp-content\/uploads\/2021\/03\/IMG-20160627-WA0013.jpg 1024w, https:\/\/caigualdotadino.it\/wp-content\/uploads\/2021\/03\/IMG-20160627-WA0013-300x225.jpg 300w, https:\/\/caigualdotadino.it\/wp-content\/uploads\/2021\/03\/IMG-20160627-WA0013-768x576.jpg 768w, https:\/\/caigualdotadino.it\/wp-content\/uploads\/2021\/03\/IMG-20160627-WA0013-400x300.jpg 400w\" sizes=\"(max-width: 1024px) 100vw, 1024px\" \/><\/figure><\/li><li class=\"wp-block-jetpack-slideshow_slide swiper-slide\"><figure><img loading=\"lazy\" decoding=\"async\" width=\"1024\" height=\"768\" alt=\"\" class=\"wp-block-jetpack-slideshow_image wp-image-2513\" data-id=\"2513\" src=\"https:\/\/caigualdotadino.it\/wp-content\/uploads\/2021\/03\/IMG-20160627-WA0000.jpg\" srcset=\"https:\/\/caigualdotadino.it\/wp-content\/uploads\/2021\/03\/IMG-20160627-WA0000.jpg 1024w, https:\/\/caigualdotadino.it\/wp-content\/uploads\/2021\/03\/IMG-20160627-WA0000-300x225.jpg 300w, https:\/\/caigualdotadino.it\/wp-content\/uploads\/2021\/03\/IMG-20160627-WA0000-768x576.jpg 768w, https:\/\/caigualdotadino.it\/wp-content\/uploads\/2021\/03\/IMG-20160627-WA0000-400x300.jpg 400w\" sizes=\"(max-width: 1024px) 100vw, 1024px\" \/><\/figure><\/li><li class=\"wp-block-jetpack-slideshow_slide swiper-slide\"><figure><img loading=\"lazy\" decoding=\"async\" width=\"1024\" height=\"768\" alt=\"\" class=\"wp-block-jetpack-slideshow_image wp-image-2514\" data-id=\"2514\" src=\"https:\/\/caigualdotadino.it\/wp-content\/uploads\/2021\/03\/IMG-20160627-WA0009.jpg\" srcset=\"https:\/\/caigualdotadino.it\/wp-content\/uploads\/2021\/03\/IMG-20160627-WA0009.jpg 1024w, https:\/\/caigualdotadino.it\/wp-content\/uploads\/2021\/03\/IMG-20160627-WA0009-300x225.jpg 300w, https:\/\/caigualdotadino.it\/wp-content\/uploads\/2021\/03\/IMG-20160627-WA0009-768x576.jpg 768w, https:\/\/caigualdotadino.it\/wp-content\/uploads\/2021\/03\/IMG-20160627-WA0009-400x300.jpg 400w\" sizes=\"(max-width: 1024px) 100vw, 1024px\" \/><\/figure><\/li><\/ul><a class=\"wp-block-jetpack-slideshow_button-prev swiper-button-prev swiper-button-white\" role=\"button\"><\/a><a class=\"wp-block-jetpack-slideshow_button-next swiper-button-next swiper-button-white\" role=\"button\"><\/a><a aria-label=\"Pause Slideshow\" class=\"wp-block-jetpack-slideshow_button-pause\" role=\"button\"><\/a><div class=\"wp-block-jetpack-slideshow_pagination swiper-pagination swiper-pagination-white\"><\/div><\/div><\/div>\n","protected":false},"excerpt":{"rendered":"<p>Valle delle Prigioni 17\/04\/20116 Sibillini 26\/06\/1016<\/p>\n","protected":false},"author":2,"featured_media":0,"parent":0,"menu_order":0,"comment_status":"closed","ping_status":"closed","template":"","meta":{"footnotes":""},"class_list":["post-4381","page","type-page","status-publish","hentry"],"jetpack-related-posts":[{"id":4666,"url":"https:\/\/caigualdotadino.it\/?page_id=4666","url_meta":{"origin":4381,"position":0},"title":"2010","author":"Antonella Recchioni","date":"17 Ottobre 2021","format":false,"excerpt":"Ciaspolata 17\/01\/2010 Sibillini 2010 Festa della Montagna 05\/09\/2010 Gualdo - Assisi 10\/10\/2010 Castagnata 17\/10\/2010","rel":"","context":"Articolo simile","block_context":{"text":"Articolo simile","link":""},"img":{"alt_text":"","src":"https:\/\/i0.wp.com\/caigualdotadino.it\/wp-content\/uploads\/2010\/01\/web-1040431.jpg?resize=350%2C200&ssl=1","width":350,"height":200,"srcset":"https:\/\/i0.wp.com\/caigualdotadino.it\/wp-content\/uploads\/2010\/01\/web-1040431.jpg?resize=350%2C200&ssl=1 1x, https:\/\/i0.wp.com\/caigualdotadino.it\/wp-content\/uploads\/2010\/01\/web-1040431.jpg?resize=525%2C300&ssl=1 1.5x"},"classes":[]},{"id":4258,"url":"https:\/\/caigualdotadino.it\/?page_id=4258","url_meta":{"origin":4381,"position":1},"title":"Settimana verdi e trekking di pi\u00f9 giorni","author":"Antonella Recchioni","date":"1 Settembre 2021","format":false,"excerpt":"2026 - Settimana bianca a Campitella di Fassa 2025 - Trekking Nord della Grecia: isole Cefalonia e Itaca Trekking via Francigena Gressoney la Trinit\u00e8 2024 - Settimana bianca ad Alba di Canazei Via Francigena Laziale Settimana verde a Soraga Trekking nel Gargano 2023 - Settimana verde sulle Alpi 2022 -\u2026","rel":"","context":"In &quot;4 - ARCHIVIO&quot;","block_context":{"text":"4 - ARCHIVIO","link":"https:\/\/caigualdotadino.it\/?cat=34"},"img":{"alt_text":"","src":"","width":0,"height":0},"classes":[]},{"id":20,"url":"https:\/\/caigualdotadino.it\/?page_id=20","url_meta":{"origin":4381,"position":2},"title":"Regole da seguire","author":"pigiax","date":"26 Febbraio 2011","format":false,"excerpt":"Alcune Regole da Seguire Prima di affrontare un\u2019escursione, valuta le tue capacit\u00e0 e le difficolt\u00e0 cui puoi andare incontro, cerca di saperne il pi\u00f9 possibile leggendo bene la carta topografica e prendendo informazioni da guide del posto \u03c0reparati fisicamente e moralmente per sostenere gli sforzi che la montagna richiede e\u2026","rel":"","context":"In &quot;senza categoria&quot;","block_context":{"text":"senza categoria","link":"https:\/\/caigualdotadino.it\/?cat=1"},"img":{"alt_text":"","src":"","width":0,"height":0},"classes":[]},{"id":2663,"url":"https:\/\/caigualdotadino.it\/?page_id=2663","url_meta":{"origin":4381,"position":3},"title":"La nostra storia","author":"Antonella Recchioni","date":"16 Aprile 2021","format":false,"excerpt":"Dalle origini ad oggi La sezione CAI di Gualdo Tadino venne fondata ufficialmente il 4 aprile 1987. Ma in quella data ci fu soltanto la codificazione di un movimento che era gi\u00e0 piuttosto consistente perch\u00e9 aveva avuto una lunga gestazione nel CAI di Fabriano. Antesignano era stato Mario Giubilei, maestro\u2026","rel":"","context":"In &quot;4 - ARCHIVIO&quot;","block_context":{"text":"4 - ARCHIVIO","link":"https:\/\/caigualdotadino.it\/?cat=34"},"img":{"alt_text":"","src":"https:\/\/i0.wp.com\/caigualdotadino.it\/wp-content\/uploads\/2021\/04\/Immagine4.jpg?resize=350%2C200&ssl=1","width":350,"height":200,"srcset":"https:\/\/i0.wp.com\/caigualdotadino.it\/wp-content\/uploads\/2021\/04\/Immagine4.jpg?resize=350%2C200&ssl=1 1x, https:\/\/i0.wp.com\/caigualdotadino.it\/wp-content\/uploads\/2021\/04\/Immagine4.jpg?resize=525%2C300&ssl=1 1.5x"},"classes":[]},{"id":4301,"url":"https:\/\/caigualdotadino.it\/?page_id=4301","url_meta":{"origin":4381,"position":4},"title":"2020","author":"Antonella Recchioni","date":"8 Settembre 2021","format":false,"excerpt":"Escursione con il CAI di Ancona 26\/01\/2020 Montagne in movimento 01\/06\/2020 Estate Gualdese 26\/07\/2020 Suoni controvento 09\/08\/2020 Gualdo - Assisi 04\/10\/2020","rel":"","context":"In &quot;senza categoria&quot;","block_context":{"text":"senza categoria","link":"https:\/\/caigualdotadino.it\/?cat=1"},"img":{"alt_text":"","src":"https:\/\/i0.wp.com\/caigualdotadino.it\/wp-content\/uploads\/2021\/04\/11.jpg?resize=350%2C200&ssl=1","width":350,"height":200,"srcset":"https:\/\/i0.wp.com\/caigualdotadino.it\/wp-content\/uploads\/2021\/04\/11.jpg?resize=350%2C200&ssl=1 1x, https:\/\/i0.wp.com\/caigualdotadino.it\/wp-content\/uploads\/2021\/04\/11.jpg?resize=525%2C300&ssl=1 1.5x, https:\/\/i0.wp.com\/caigualdotadino.it\/wp-content\/uploads\/2021\/04\/11.jpg?resize=700%2C400&ssl=1 2x"},"classes":[]},{"id":4657,"url":"https:\/\/caigualdotadino.it\/?page_id=4657","url_meta":{"origin":4381,"position":5},"title":"2012","author":"Antonella Recchioni","date":"17 Ottobre 2021","format":false,"excerpt":"Mostra micologica 27\/11\/2012 Sorgenti del Giano 23\/11\/2012 Bosco dei Folletti 09\/09\/2012 Raduno Regionale 24\/06\/2012 Monte Maggio 04\/03\/2012 Monte le Gronde 14\/01\/2012 Prima uscita 2012 07\/01\/2012 Ciaspolata 08\/01\/2012","rel":"","context":"Articolo simile","block_context":{"text":"Articolo simile","link":""},"img":{"alt_text":"","src":"https:\/\/i0.wp.com\/caigualdotadino.it\/wp-content\/uploads\/2021\/03\/dsc_6304r-1.png?resize=350%2C200&ssl=1","width":350,"height":200,"srcset":"https:\/\/i0.wp.com\/caigualdotadino.it\/wp-content\/uploads\/2021\/03\/dsc_6304r-1.png?resize=350%2C200&ssl=1 1x, https:\/\/i0.wp.com\/caigualdotadino.it\/wp-content\/uploads\/2021\/03\/dsc_6304r-1.png?resize=525%2C300&ssl=1 1.5x, https:\/\/i0.wp.com\/caigualdotadino.it\/wp-content\/uploads\/2021\/03\/dsc_6304r-1.png?resize=700%2C400&ssl=1 2x"},"classes":[]}],"jetpack_sharing_enabled":true,"_links":{"self":[{"href":"https:\/\/caigualdotadino.it\/index.php?rest_route=\/wp\/v2\/pages\/4381","targetHints":{"allow":["GET"]}}],"collection":[{"href":"https:\/\/caigualdotadino.it\/index.php?rest_route=\/wp\/v2\/pages"}],"about":[{"href":"https:\/\/caigualdotadino.it\/index.php?rest_route=\/wp\/v2\/types\/page"}],"author":[{"embeddable":true,"href":"https:\/\/caigualdotadino.it\/index.php?rest_route=\/wp\/v2\/users\/2"}],"replies":[{"embeddable":true,"href":"https:\/\/caigualdotadino.it\/index.php?rest_route=%2Fwp%2Fv2%2Fcomments&post=4381"}],"version-history":[{"count":1,"href":"https:\/\/caigualdotadino.it\/index.php?rest_route=\/wp\/v2\/pages\/4381\/revisions"}],"predecessor-version":[{"id":4382,"href":"https:\/\/caigualdotadino.it\/index.php?rest_route=\/wp\/v2\/pages\/4381\/revisions\/4382"}],"wp:attachment":[{"href":"https:\/\/caigualdotadino.it\/index.php?rest_route=%2Fwp%2Fv2%2Fmedia&parent=4381"}],"curies":[{"name":"wp","href":"https:\/\/api.w.org\/{rel}","templated":true}]}}