{"id":4376,"date":"2021-09-12T19:08:44","date_gmt":"2021-09-12T17:08:44","guid":{"rendered":"https:\/\/caigualdotadino.it\/?page_id=4376"},"modified":"2021-09-12T19:08:45","modified_gmt":"2021-09-12T17:08:45","slug":"2018-2","status":"publish","type":"page","link":"https:\/\/caigualdotadino.it\/?page_id=4376","title":{"rendered":"2018"},"content":{"rendered":"\n<p class=\"has-text-align-center has-larger-font-size\"><strong>Festa della montagna<\/strong> 02\/09\/2018<\/p>\n\n\n\n<div class=\"wp-block-jetpack-slideshow aligncenter\" data-effect=\"slide\"><div class=\"wp-block-jetpack-slideshow_container swiper-container\"><ul class=\"wp-block-jetpack-slideshow_swiper-wrapper swiper-wrapper\"><li class=\"wp-block-jetpack-slideshow_slide swiper-slide\"><figure><img loading=\"lazy\" decoding=\"async\" width=\"768\" height=\"1024\" alt=\"\" class=\"wp-block-jetpack-slideshow_image wp-image-2995\" data-id=\"2995\" src=\"https:\/\/caigualdotadino.it\/wp-content\/uploads\/2021\/05\/1-1.jpg\" srcset=\"https:\/\/caigualdotadino.it\/wp-content\/uploads\/2021\/05\/1-1.jpg 768w, https:\/\/caigualdotadino.it\/wp-content\/uploads\/2021\/05\/1-1-225x300.jpg 225w\" sizes=\"(max-width: 768px) 100vw, 768px\" \/><\/figure><\/li><li class=\"wp-block-jetpack-slideshow_slide swiper-slide\"><figure><img loading=\"lazy\" decoding=\"async\" width=\"1024\" height=\"768\" alt=\"\" class=\"wp-block-jetpack-slideshow_image wp-image-2994\" data-id=\"2994\" src=\"https:\/\/caigualdotadino.it\/wp-content\/uploads\/2021\/05\/4-1.jpg\" srcset=\"https:\/\/caigualdotadino.it\/wp-content\/uploads\/2021\/05\/4-1.jpg 1024w, https:\/\/caigualdotadino.it\/wp-content\/uploads\/2021\/05\/4-1-300x225.jpg 300w, https:\/\/caigualdotadino.it\/wp-content\/uploads\/2021\/05\/4-1-768x576.jpg 768w, https:\/\/caigualdotadino.it\/wp-content\/uploads\/2021\/05\/4-1-400x300.jpg 400w\" sizes=\"(max-width: 1024px) 100vw, 1024px\" \/><\/figure><\/li><li class=\"wp-block-jetpack-slideshow_slide swiper-slide\"><figure><img loading=\"lazy\" decoding=\"async\" width=\"1024\" height=\"768\" alt=\"\" class=\"wp-block-jetpack-slideshow_image wp-image-2999\" data-id=\"2999\" src=\"https:\/\/caigualdotadino.it\/wp-content\/uploads\/2021\/05\/2-1.jpg\" srcset=\"https:\/\/caigualdotadino.it\/wp-content\/uploads\/2021\/05\/2-1.jpg 1024w, https:\/\/caigualdotadino.it\/wp-content\/uploads\/2021\/05\/2-1-300x225.jpg 300w, https:\/\/caigualdotadino.it\/wp-content\/uploads\/2021\/05\/2-1-768x576.jpg 768w, https:\/\/caigualdotadino.it\/wp-content\/uploads\/2021\/05\/2-1-400x300.jpg 400w\" sizes=\"(max-width: 1024px) 100vw, 1024px\" \/><\/figure><\/li><li class=\"wp-block-jetpack-slideshow_slide swiper-slide\"><figure><img loading=\"lazy\" decoding=\"async\" width=\"1024\" height=\"686\" alt=\"\" class=\"wp-block-jetpack-slideshow_image wp-image-2996\" data-id=\"2996\" src=\"https:\/\/caigualdotadino.it\/wp-content\/uploads\/2021\/05\/5-1.jpg\" srcset=\"https:\/\/caigualdotadino.it\/wp-content\/uploads\/2021\/05\/5-1.jpg 1024w, https:\/\/caigualdotadino.it\/wp-content\/uploads\/2021\/05\/5-1-300x201.jpg 300w, https:\/\/caigualdotadino.it\/wp-content\/uploads\/2021\/05\/5-1-768x515.jpg 768w, https:\/\/caigualdotadino.it\/wp-content\/uploads\/2021\/05\/5-1-421x282.jpg 421w\" sizes=\"(max-width: 1024px) 100vw, 1024px\" \/><\/figure><\/li><li class=\"wp-block-jetpack-slideshow_slide swiper-slide\"><figure><img loading=\"lazy\" decoding=\"async\" width=\"1024\" height=\"768\" alt=\"\" class=\"wp-block-jetpack-slideshow_image wp-image-2997\" data-id=\"2997\" src=\"https:\/\/caigualdotadino.it\/wp-content\/uploads\/2021\/05\/6-1.jpg\" srcset=\"https:\/\/caigualdotadino.it\/wp-content\/uploads\/2021\/05\/6-1.jpg 1024w, https:\/\/caigualdotadino.it\/wp-content\/uploads\/2021\/05\/6-1-300x225.jpg 300w, https:\/\/caigualdotadino.it\/wp-content\/uploads\/2021\/05\/6-1-768x576.jpg 768w, https:\/\/caigualdotadino.it\/wp-content\/uploads\/2021\/05\/6-1-400x300.jpg 400w\" sizes=\"(max-width: 1024px) 100vw, 1024px\" \/><\/figure><\/li><\/ul><a class=\"wp-block-jetpack-slideshow_button-prev swiper-button-prev swiper-button-white\" role=\"button\"><\/a><a class=\"wp-block-jetpack-slideshow_button-next swiper-button-next swiper-button-white\" role=\"button\"><\/a><a aria-label=\"Pause Slideshow\" class=\"wp-block-jetpack-slideshow_button-pause\" role=\"button\"><\/a><div class=\"wp-block-jetpack-slideshow_pagination swiper-pagination swiper-pagination-white\"><\/div><\/div><\/div>\n\n\n\n<p class=\"has-text-align-center has-larger-font-size\"><strong>Castagnata<\/strong> 18\/11\/2018<\/p>\n\n\n\n<div class=\"wp-block-jetpack-slideshow aligncenter\" data-effect=\"slide\"><div class=\"wp-block-jetpack-slideshow_container swiper-container\"><ul class=\"wp-block-jetpack-slideshow_swiper-wrapper swiper-wrapper\"><li class=\"wp-block-jetpack-slideshow_slide swiper-slide\"><figure><img loading=\"lazy\" decoding=\"async\" width=\"720\" height=\"960\" alt=\"\" class=\"wp-block-jetpack-slideshow_image wp-image-2981\" data-id=\"2981\" src=\"https:\/\/caigualdotadino.it\/wp-content\/uploads\/2021\/05\/1.jpg\" srcset=\"https:\/\/caigualdotadino.it\/wp-content\/uploads\/2021\/05\/1.jpg 720w, https:\/\/caigualdotadino.it\/wp-content\/uploads\/2021\/05\/1-225x300.jpg 225w\" sizes=\"(max-width: 720px) 100vw, 720px\" \/><\/figure><\/li><li class=\"wp-block-jetpack-slideshow_slide swiper-slide\"><figure><img loading=\"lazy\" decoding=\"async\" width=\"720\" height=\"960\" alt=\"\" class=\"wp-block-jetpack-slideshow_image wp-image-2982\" data-id=\"2982\" src=\"https:\/\/caigualdotadino.it\/wp-content\/uploads\/2021\/05\/2.jpg\" srcset=\"https:\/\/caigualdotadino.it\/wp-content\/uploads\/2021\/05\/2.jpg 720w, https:\/\/caigualdotadino.it\/wp-content\/uploads\/2021\/05\/2-225x300.jpg 225w\" sizes=\"(max-width: 720px) 100vw, 720px\" \/><\/figure><\/li><li class=\"wp-block-jetpack-slideshow_slide swiper-slide\"><figure><img loading=\"lazy\" decoding=\"async\" width=\"720\" height=\"960\" alt=\"\" class=\"wp-block-jetpack-slideshow_image wp-image-2983\" data-id=\"2983\" src=\"https:\/\/caigualdotadino.it\/wp-content\/uploads\/2021\/05\/5.jpg\" srcset=\"https:\/\/caigualdotadino.it\/wp-content\/uploads\/2021\/05\/5.jpg 720w, https:\/\/caigualdotadino.it\/wp-content\/uploads\/2021\/05\/5-225x300.jpg 225w\" sizes=\"(max-width: 720px) 100vw, 720px\" \/><\/figure><\/li><li class=\"wp-block-jetpack-slideshow_slide swiper-slide\"><figure><img loading=\"lazy\" decoding=\"async\" width=\"960\" height=\"720\" alt=\"\" class=\"wp-block-jetpack-slideshow_image wp-image-2985\" data-id=\"2985\" src=\"https:\/\/caigualdotadino.it\/wp-content\/uploads\/2021\/05\/6.jpg\" srcset=\"https:\/\/caigualdotadino.it\/wp-content\/uploads\/2021\/05\/6.jpg 960w, https:\/\/caigualdotadino.it\/wp-content\/uploads\/2021\/05\/6-300x225.jpg 300w, https:\/\/caigualdotadino.it\/wp-content\/uploads\/2021\/05\/6-768x576.jpg 768w, https:\/\/caigualdotadino.it\/wp-content\/uploads\/2021\/05\/6-400x300.jpg 400w\" sizes=\"(max-width: 960px) 100vw, 960px\" \/><\/figure><\/li><li class=\"wp-block-jetpack-slideshow_slide swiper-slide\"><figure><img loading=\"lazy\" decoding=\"async\" width=\"960\" height=\"720\" alt=\"\" class=\"wp-block-jetpack-slideshow_image wp-image-2987\" data-id=\"2987\" src=\"https:\/\/caigualdotadino.it\/wp-content\/uploads\/2011\/11\/4.jpg\" srcset=\"https:\/\/caigualdotadino.it\/wp-content\/uploads\/2011\/11\/4.jpg 960w, https:\/\/caigualdotadino.it\/wp-content\/uploads\/2011\/11\/4-300x225.jpg 300w, https:\/\/caigualdotadino.it\/wp-content\/uploads\/2011\/11\/4-768x576.jpg 768w, https:\/\/caigualdotadino.it\/wp-content\/uploads\/2011\/11\/4-400x300.jpg 400w\" sizes=\"(max-width: 960px) 100vw, 960px\" \/><\/figure><\/li><\/ul><a class=\"wp-block-jetpack-slideshow_button-prev swiper-button-prev swiper-button-white\" role=\"button\"><\/a><a class=\"wp-block-jetpack-slideshow_button-next swiper-button-next swiper-button-white\" role=\"button\"><\/a><a aria-label=\"Pause Slideshow\" class=\"wp-block-jetpack-slideshow_button-pause\" role=\"button\"><\/a><div class=\"wp-block-jetpack-slideshow_pagination swiper-pagination swiper-pagination-white\"><\/div><\/div><\/div>\n\n\n\n<p class=\"has-text-align-center has-larger-font-size\"><strong>Gualdo &#8211; Assisi<\/strong> 07\/10\/2018<\/p>\n\n\n\n<div class=\"wp-block-jetpack-slideshow aligncenter\" data-effect=\"slide\"><div class=\"wp-block-jetpack-slideshow_container swiper-container\"><ul class=\"wp-block-jetpack-slideshow_swiper-wrapper swiper-wrapper\"><li class=\"wp-block-jetpack-slideshow_slide swiper-slide\"><figure><img loading=\"lazy\" decoding=\"async\" width=\"960\" height=\"720\" alt=\"\" class=\"wp-block-jetpack-slideshow_image wp-image-2556\" data-id=\"2556\" src=\"https:\/\/caigualdotadino.it\/wp-content\/uploads\/2021\/03\/assisi2018.jpg\" srcset=\"https:\/\/caigualdotadino.it\/wp-content\/uploads\/2021\/03\/assisi2018.jpg 960w, https:\/\/caigualdotadino.it\/wp-content\/uploads\/2021\/03\/assisi2018-300x225.jpg 300w, https:\/\/caigualdotadino.it\/wp-content\/uploads\/2021\/03\/assisi2018-768x576.jpg 768w, https:\/\/caigualdotadino.it\/wp-content\/uploads\/2021\/03\/assisi2018-400x300.jpg 400w\" sizes=\"(max-width: 960px) 100vw, 960px\" \/><\/figure><\/li><li class=\"wp-block-jetpack-slideshow_slide swiper-slide\"><figure><img loading=\"lazy\" decoding=\"async\" width=\"960\" height=\"720\" alt=\"\" class=\"wp-block-jetpack-slideshow_image wp-image-2557\" data-id=\"2557\" src=\"https:\/\/caigualdotadino.it\/wp-content\/uploads\/2021\/03\/assisi2018-1.jpg\" srcset=\"https:\/\/caigualdotadino.it\/wp-content\/uploads\/2021\/03\/assisi2018-1.jpg 960w, https:\/\/caigualdotadino.it\/wp-content\/uploads\/2021\/03\/assisi2018-1-300x225.jpg 300w, https:\/\/caigualdotadino.it\/wp-content\/uploads\/2021\/03\/assisi2018-1-768x576.jpg 768w, https:\/\/caigualdotadino.it\/wp-content\/uploads\/2021\/03\/assisi2018-1-400x300.jpg 400w\" sizes=\"(max-width: 960px) 100vw, 960px\" \/><\/figure><\/li><li class=\"wp-block-jetpack-slideshow_slide swiper-slide\"><figure><img loading=\"lazy\" decoding=\"async\" width=\"960\" height=\"720\" alt=\"\" class=\"wp-block-jetpack-slideshow_image wp-image-2558\" data-id=\"2558\" src=\"https:\/\/caigualdotadino.it\/wp-content\/uploads\/2021\/03\/assisi2018-2.jpg\" srcset=\"https:\/\/caigualdotadino.it\/wp-content\/uploads\/2021\/03\/assisi2018-2.jpg 960w, https:\/\/caigualdotadino.it\/wp-content\/uploads\/2021\/03\/assisi2018-2-300x225.jpg 300w, https:\/\/caigualdotadino.it\/wp-content\/uploads\/2021\/03\/assisi2018-2-768x576.jpg 768w, https:\/\/caigualdotadino.it\/wp-content\/uploads\/2021\/03\/assisi2018-2-400x300.jpg 400w\" sizes=\"(max-width: 960px) 100vw, 960px\" \/><\/figure><\/li><li class=\"wp-block-jetpack-slideshow_slide swiper-slide\"><figure><img loading=\"lazy\" decoding=\"async\" width=\"960\" height=\"720\" alt=\"\" class=\"wp-block-jetpack-slideshow_image wp-image-2562\" data-id=\"2562\" src=\"https:\/\/caigualdotadino.it\/wp-content\/uploads\/2021\/03\/assisi2018-6.jpg\" srcset=\"https:\/\/caigualdotadino.it\/wp-content\/uploads\/2021\/03\/assisi2018-6.jpg 960w, https:\/\/caigualdotadino.it\/wp-content\/uploads\/2021\/03\/assisi2018-6-300x225.jpg 300w, https:\/\/caigualdotadino.it\/wp-content\/uploads\/2021\/03\/assisi2018-6-768x576.jpg 768w, https:\/\/caigualdotadino.it\/wp-content\/uploads\/2021\/03\/assisi2018-6-400x300.jpg 400w\" sizes=\"(max-width: 960px) 100vw, 960px\" \/><\/figure><\/li><li class=\"wp-block-jetpack-slideshow_slide swiper-slide\"><figure><img loading=\"lazy\" decoding=\"async\" width=\"960\" height=\"720\" alt=\"\" class=\"wp-block-jetpack-slideshow_image wp-image-2561\" data-id=\"2561\" src=\"https:\/\/caigualdotadino.it\/wp-content\/uploads\/2021\/03\/assisi2018-5.jpg\" srcset=\"https:\/\/caigualdotadino.it\/wp-content\/uploads\/2021\/03\/assisi2018-5.jpg 960w, https:\/\/caigualdotadino.it\/wp-content\/uploads\/2021\/03\/assisi2018-5-300x225.jpg 300w, https:\/\/caigualdotadino.it\/wp-content\/uploads\/2021\/03\/assisi2018-5-768x576.jpg 768w, https:\/\/caigualdotadino.it\/wp-content\/uploads\/2021\/03\/assisi2018-5-400x300.jpg 400w\" sizes=\"(max-width: 960px) 100vw, 960px\" \/><\/figure><\/li><\/ul><a class=\"wp-block-jetpack-slideshow_button-prev swiper-button-prev swiper-button-white\" role=\"button\"><\/a><a class=\"wp-block-jetpack-slideshow_button-next swiper-button-next swiper-button-white\" role=\"button\"><\/a><a aria-label=\"Pause Slideshow\" class=\"wp-block-jetpack-slideshow_button-pause\" role=\"button\"><\/a><div class=\"wp-block-jetpack-slideshow_pagination swiper-pagination swiper-pagination-white\"><\/div><\/div><\/div>\n","protected":false},"excerpt":{"rendered":"<p>Festa della montagna 02\/09\/2018 Castagnata 18\/11\/2018 Gualdo &#8211; Assisi 07\/10\/2018<\/p>\n","protected":false},"author":2,"featured_media":0,"parent":0,"menu_order":0,"comment_status":"closed","ping_status":"closed","template":"","meta":{"footnotes":""},"class_list":["post-4376","page","type-page","status-publish","hentry"],"jetpack-related-posts":[{"id":4647,"url":"https:\/\/caigualdotadino.it\/?page_id=4647","url_meta":{"origin":4376,"position":0},"title":"2015","author":"Antonella Recchioni","date":"17 Dicembre 2015","format":false,"excerpt":"Gola del Fiastrone 19\/07\/2015 Festa della Montagna 06\/09\/2015","rel":"","context":"Articolo simile","block_context":{"text":"Articolo simile","link":""},"img":{"alt_text":"","src":"https:\/\/i0.wp.com\/caigualdotadino.it\/wp-content\/uploads\/2021\/03\/fiastrone-110.jpg?resize=350%2C200&ssl=1","width":350,"height":200,"srcset":"https:\/\/i0.wp.com\/caigualdotadino.it\/wp-content\/uploads\/2021\/03\/fiastrone-110.jpg?resize=350%2C200&ssl=1 1x, https:\/\/i0.wp.com\/caigualdotadino.it\/wp-content\/uploads\/2021\/03\/fiastrone-110.jpg?resize=525%2C300&ssl=1 1.5x, https:\/\/i0.wp.com\/caigualdotadino.it\/wp-content\/uploads\/2021\/03\/fiastrone-110.jpg?resize=700%2C400&ssl=1 2x"},"classes":[]},{"id":4662,"url":"https:\/\/caigualdotadino.it\/?page_id=4662","url_meta":{"origin":4376,"position":1},"title":"2011","author":"Antonella Recchioni","date":"17 Ottobre 2021","format":false,"excerpt":"Rio Vitoschio 05\/06\/2011 Monte Vettore 07\/08\/2011 Festa della montagna 11\/09\/2011 Raduno Regionale Gubbio 18\/09\/2011 Falesia del Furlo 21\/08\/2011","rel":"","context":"Articolo simile","block_context":{"text":"Articolo simile","link":""},"img":{"alt_text":"","src":"https:\/\/i0.wp.com\/caigualdotadino.it\/wp-content\/uploads\/2021\/03\/dscf3442.jpg?resize=350%2C200&ssl=1","width":350,"height":200,"srcset":"https:\/\/i0.wp.com\/caigualdotadino.it\/wp-content\/uploads\/2021\/03\/dscf3442.jpg?resize=350%2C200&ssl=1 1x, https:\/\/i0.wp.com\/caigualdotadino.it\/wp-content\/uploads\/2021\/03\/dscf3442.jpg?resize=525%2C300&ssl=1 1.5x, https:\/\/i0.wp.com\/caigualdotadino.it\/wp-content\/uploads\/2021\/03\/dscf3442.jpg?resize=700%2C400&ssl=1 2x"},"classes":[]},{"id":4666,"url":"https:\/\/caigualdotadino.it\/?page_id=4666","url_meta":{"origin":4376,"position":2},"title":"2010","author":"Antonella Recchioni","date":"17 Ottobre 2021","format":false,"excerpt":"Ciaspolata 17\/01\/2010 Sibillini 2010 Festa della Montagna 05\/09\/2010 Gualdo - Assisi 10\/10\/2010 Castagnata 17\/10\/2010","rel":"","context":"Articolo simile","block_context":{"text":"Articolo simile","link":""},"img":{"alt_text":"","src":"https:\/\/i0.wp.com\/caigualdotadino.it\/wp-content\/uploads\/2010\/01\/web-1040431.jpg?resize=350%2C200&ssl=1","width":350,"height":200,"srcset":"https:\/\/i0.wp.com\/caigualdotadino.it\/wp-content\/uploads\/2010\/01\/web-1040431.jpg?resize=350%2C200&ssl=1 1x, https:\/\/i0.wp.com\/caigualdotadino.it\/wp-content\/uploads\/2010\/01\/web-1040431.jpg?resize=525%2C300&ssl=1 1.5x"},"classes":[]},{"id":2663,"url":"https:\/\/caigualdotadino.it\/?page_id=2663","url_meta":{"origin":4376,"position":3},"title":"La nostra storia","author":"Antonella Recchioni","date":"16 Aprile 2021","format":false,"excerpt":"Dalle origini ad oggi La sezione CAI di Gualdo Tadino venne fondata ufficialmente il 4 aprile 1987. Ma in quella data ci fu soltanto la codificazione di un movimento che era gi\u00e0 piuttosto consistente perch\u00e9 aveva avuto una lunga gestazione nel CAI di Fabriano. Antesignano era stato Mario Giubilei, maestro\u2026","rel":"","context":"In &quot;4 - ARCHIVIO&quot;","block_context":{"text":"4 - ARCHIVIO","link":"https:\/\/caigualdotadino.it\/?cat=34"},"img":{"alt_text":"","src":"https:\/\/i0.wp.com\/caigualdotadino.it\/wp-content\/uploads\/2021\/04\/Immagine4.jpg?resize=350%2C200&ssl=1","width":350,"height":200,"srcset":"https:\/\/i0.wp.com\/caigualdotadino.it\/wp-content\/uploads\/2021\/04\/Immagine4.jpg?resize=350%2C200&ssl=1 1x, https:\/\/i0.wp.com\/caigualdotadino.it\/wp-content\/uploads\/2021\/04\/Immagine4.jpg?resize=525%2C300&ssl=1 1.5x"},"classes":[]},{"id":4301,"url":"https:\/\/caigualdotadino.it\/?page_id=4301","url_meta":{"origin":4376,"position":4},"title":"2020","author":"Antonella Recchioni","date":"8 Settembre 2021","format":false,"excerpt":"Escursione con il CAI di Ancona 26\/01\/2020 Montagne in movimento 01\/06\/2020 Estate Gualdese 26\/07\/2020 Suoni controvento 09\/08\/2020 Gualdo - Assisi 04\/10\/2020","rel":"","context":"In &quot;senza categoria&quot;","block_context":{"text":"senza categoria","link":"https:\/\/caigualdotadino.it\/?cat=1"},"img":{"alt_text":"","src":"https:\/\/i0.wp.com\/caigualdotadino.it\/wp-content\/uploads\/2021\/04\/11.jpg?resize=350%2C200&ssl=1","width":350,"height":200,"srcset":"https:\/\/i0.wp.com\/caigualdotadino.it\/wp-content\/uploads\/2021\/04\/11.jpg?resize=350%2C200&ssl=1 1x, https:\/\/i0.wp.com\/caigualdotadino.it\/wp-content\/uploads\/2021\/04\/11.jpg?resize=525%2C300&ssl=1 1.5x, https:\/\/i0.wp.com\/caigualdotadino.it\/wp-content\/uploads\/2021\/04\/11.jpg?resize=700%2C400&ssl=1 2x"},"classes":[]},{"id":87,"url":"https:\/\/caigualdotadino.it\/?page_id=87","url_meta":{"origin":4376,"position":5},"title":"Frasi, pensieri e citazioni","author":"pigiax","date":"16 Settembre 2011","format":false,"excerpt":"\u00a0 \"La montagna insegna a vivere: questa frase l'ho udita spesso, ma... non \u00e8 vera. C'\u00e8 gente che frequenta i monti da una vita e non ha imparato un tubo! La montagna al massimo regala emozioni a chi \u00e8 sensibile ed educato\". - Mauro Corona \u00a0 \"La misura delle difficolt\u00e0\u2026","rel":"","context":"In &quot;senza categoria&quot;","block_context":{"text":"senza categoria","link":"https:\/\/caigualdotadino.it\/?cat=1"},"img":{"alt_text":"","src":"","width":0,"height":0},"classes":[]}],"jetpack_sharing_enabled":true,"_links":{"self":[{"href":"https:\/\/caigualdotadino.it\/index.php?rest_route=\/wp\/v2\/pages\/4376","targetHints":{"allow":["GET"]}}],"collection":[{"href":"https:\/\/caigualdotadino.it\/index.php?rest_route=\/wp\/v2\/pages"}],"about":[{"href":"https:\/\/caigualdotadino.it\/index.php?rest_route=\/wp\/v2\/types\/page"}],"author":[{"embeddable":true,"href":"https:\/\/caigualdotadino.it\/index.php?rest_route=\/wp\/v2\/users\/2"}],"replies":[{"embeddable":true,"href":"https:\/\/caigualdotadino.it\/index.php?rest_route=%2Fwp%2Fv2%2Fcomments&post=4376"}],"version-history":[{"count":1,"href":"https:\/\/caigualdotadino.it\/index.php?rest_route=\/wp\/v2\/pages\/4376\/revisions"}],"predecessor-version":[{"id":4377,"href":"https:\/\/caigualdotadino.it\/index.php?rest_route=\/wp\/v2\/pages\/4376\/revisions\/4377"}],"wp:attachment":[{"href":"https:\/\/caigualdotadino.it\/index.php?rest_route=%2Fwp%2Fv2%2Fmedia&parent=4376"}],"curies":[{"name":"wp","href":"https:\/\/api.w.org\/{rel}","templated":true}]}}