{"id":21,"date":"2011-02-26T00:36:36","date_gmt":"2011-02-25T23:36:36","guid":{"rendered":"http:\/\/caigualdotadino.it\/2011\/02\/26\/gualdo-tadino\/"},"modified":"2021-03-24T10:12:50","modified_gmt":"2021-03-24T09:12:50","slug":"gualdo-tadino","status":"publish","type":"page","link":"https:\/\/caigualdotadino.it\/?page_id=21","title":{"rendered":"Gualdo Tadino"},"content":{"rendered":"<blockquote>\n<p>&#8220;Intra Tupino e l\u2019acqua che discende del colle eletto dal Beato Ubaldo, fertile costa dall\u2019alto monte pende, onde Perugia sente freddo e caldo da Porta Sole; e di rietro le piange per grave giogo Nocera con Gualdo&#8221;<\/p>\n<\/blockquote>\n<p style=\"text-align: right;\"><em>(La Divina Commedia, Paradiso, Canto Xl).<\/em><\/p>\n<h2>Preistoria<\/h2>\n<p>II &#8220;Lago di Gualdo&#8221; era delimitato, in epoche geologiche, tra gli appennini e loro contrafforti collinari. Rudimentali tombe in pietra arredate con vane suppellettili sono state scoperte agli inizi degli anni novanta in quella che era, con molta probabilit\u00e0, Ia riva del lago in IocaIit\u00e0 Cartiere.<\/p>\n<h2>XIII secolo a.C.<\/h2>\n<p>Due importanti <span style=\"color: #003366;\"><em><strong>dischi aurei<\/strong><\/em><\/span> di lamina sbalzata e decorazioni geometriche sono venuti alla luce in un insediamento nella valle di Santo Marzio o Valdigorgo. Insieme ad essi oggetti in bronzo, scalpelli, coltelli, aghi, fibule ad arco di violino. Secondo il Pallottino i dischi aurei di Gualdo Tadino possono considerarsi la pi\u00f9 antica testimonianza di oreficeria che esiste in Italia&#8221;. I dischi sono conservati presso La Galleria Nazionale di Perugia.<\/p>\n<p><img loading=\"lazy\" decoding=\"async\" class=\"alignnone  wp-image-1464\" src=\"https:\/\/caigualdotadino.it\/wp-content\/uploads\/2021\/03\/dischi-aurei2-600x302-1-300x151.jpg\" alt=\"\" width=\"211\" height=\"106\" srcset=\"https:\/\/caigualdotadino.it\/wp-content\/uploads\/2021\/03\/dischi-aurei2-600x302-1-300x151.jpg 300w, https:\/\/caigualdotadino.it\/wp-content\/uploads\/2021\/03\/dischi-aurei2-600x302-1-421x212.jpg 421w, https:\/\/caigualdotadino.it\/wp-content\/uploads\/2021\/03\/dischi-aurei2-600x302-1.jpg 600w\" sizes=\"auto, (max-width: 211px) 100vw, 211px\" \/><\/p>\n<p><\/p>\n<h2>Colle I Mori<\/h2>\n<p>Il vasto abitato arcaico individuato in localit\u00e0 Colle i Mori corrisponde, con molta probabilit\u00e0, all&#8217;antica citt\u00e0 dei Tadinati gi\u00e0 ricordata nelle tavole eugubine.<\/p>\n<p>I primi saggi risalgono al 1935 e riportano in luce resti di un saccello a pianta rettangolare oltre a bozzetti schematici di tipo italico.<\/p>\n<p>Tra gli altri si individuano un pozzo scavato nella roccia e i resti di una fortificazione artificiale. Campagne di scavi pi\u00fc recenti (2001), a cura della Sovrintendenza ai Beni archeologici dell\u2019Umbria e del Comune di Guado Tadino, hanno consentito di individuare dimensioni e caratteristiche dell\u2019antico abitato gia interessato da una intensa attivit\u00e0 di scavi clandestini.<\/p>\n<p>L&#8217;insediamento aveva un&#8217;ampiezza di circa sei ettari ed era disposto su terrazzamenti artificiali. Le indagini hanno evidenziato numerosi resti di abitazioni composte di tre ambienti. Le strutture erano a pianta rettangolare e probabilmente dotate di portici. I muri perimetrali di base, costruiti con lastrine sovrapposte a secco, si sono conservati per una altezza di<\/p>\n<p>m. 1,70\/1,90. Sul muro di fondo vi sono incassati quadrangolari destinati ad alloggiare pali di legno.<\/p>\n<p>Ci\u00f2 lascia supporre l\u2019esistenza di un piano superiore. II tetto era formato di tegole e coppi sostenuti da travature lignee. I doli d\u2019impasto rinvenuti fanno inoltre supporre che uno dei tre ambienti della casa fosse adibito a magazzino. L&#8217;ambiente centrale custodiva il focolare rappresentato da una buca semicircolare scavata nella roccia. Tra gli altri \u00e8 venuto alla luce un edificio, probabilmente pubblico, a piazza trapezoidale con Ia faccia decorata da lastrine fittili ad andamento geometrico.<\/p>\n<p>La disposizione degli edifici sulle varie terrazze sembra rispondere ad un criterio di villaggio a schiera, mentre i collegamenti e il passaggio tra una terrazza e l\u2019altra, e tra i vari nuclei abitativi, erano garantiti da percorsi ricavati adattando il suolo roccioso del colle.<\/p>\n<p>L&#8217;abitato di Colle I Mori copre un\u2019arco cronologico che va dal XVII\/XVI secolo a.C. al Ill\/Il secolo aC. e rappresenta un elemento molto importante nel quadro delle conoscenze dei modelli insediativi italici in et\u00e0 preromana, oltre a costituire un raro esempio di organizzazione protourbana in territorio umbro.<\/p>\n<p>A tale abitato \u00e8 attribuibile la ricca necropoli di San Facondino. I ricchi corredi di alcune tombe potrebbero presto tornare presso il museo civico della Rocca Flea dove \u00e8 in corso un ampliamento espositivo.<\/p>\n<p><img loading=\"lazy\" decoding=\"async\" class=\" wp-image-1474 alignleft\" src=\"https:\/\/caigualdotadino.it\/wp-content\/uploads\/2011\/02\/GualdoTadinoColleiMori2-600x450-2-300x225.jpg\" alt=\"\" width=\"276\" height=\"207\" srcset=\"https:\/\/caigualdotadino.it\/wp-content\/uploads\/2011\/02\/GualdoTadinoColleiMori2-600x450-2-300x225.jpg 300w, https:\/\/caigualdotadino.it\/wp-content\/uploads\/2011\/02\/GualdoTadinoColleiMori2-600x450-2-400x300.jpg 400w, https:\/\/caigualdotadino.it\/wp-content\/uploads\/2011\/02\/GualdoTadinoColleiMori2-600x450-2.jpg 600w\" sizes=\"auto, (max-width: 276px) 100vw, 276px\" \/><\/p>\n<p><\/p>\n<p style=\"text-align: left;\"><em data-rich-text-format-boundary=\"true\">Sono tuttora individuabili sul Colle dei Mori i resti dell\u2019antico tempio, una cisterna scavata nella roccia ed i resti di alcune abitazioni con muri in pietra.<\/em><\/p>\n<p><\/p>\n<h2>&nbsp;<\/h2>\n<h2>III secolo a.C.<\/h2>\n<p>Sono riconducibili a questo periodo le Tavole Eugubine realizzate in bronzo e incise su due lati. Le scritte sono in lingua umbra.<\/p>\n<p>In esse sono ampiamente nominati i Tarsinater che vengono classificati in &#8220;Tota&#8221;, cio\u00e8 in citt\u00e0. Presso il Museo Civico della Rocca Flea \u00e8 conservata una incisione che testimonia Ia presenza in questo territorio di una citt\u00e0-stato.<\/p>\n<h2>Epoca romana<\/h2>\n<p>La citt\u00e0 di Tadinum si svilupp\u00f2 lungo Ia strada consolare Flaminia costruita dal Console Flaminio intorno al 220 a,C..<\/p>\n<p>In Iocalit\u00e0 Rasina \u00e8 ancora in buono stato di conservazione un pozzo deII\u2019epoca.<\/p>\n<h2>217a.C.<\/h2>\n<p>La citt\u00e0, dopo essere stata assoggettata a Roma, viene saccheggiata dalle truppe di Annibale. Giulio Cesare Ia punir\u00e0 per aver parteggiato con Pompeo; ma Tadinum continuer\u00e0 ad esistere nonostante Ia sua posizione Iungo Ia Flaminia che render\u00e0 sempre pi\u00f9 difficile Ia sopravvivenza per vari sconvolgimenti politici e militari.<\/p>\n<p>Pi\u00f9 tardi Ia popolazione sar\u00e0 comunque costretta a risalire verso Ia montagna.<\/p>\n<h2>La Battaglia di Tagina<\/h2>\n<p>Quella che nei libri di storia viene ricordata come la Battaglia di Tagina \u00e8 una vicenda che risale aII\u2019anno 552 d.c. e segn\u00f2 I\u2019epilogo della guerra che I\u2019Impero Romano d&#8217;Oriente persegu\u00ec per eliminare l&#8217;egemonia instaurata nella penisola italiana da germanici Goti all\u2019indomani della divisione dell\u2019lmpero.<\/p>\n<p>Ne furono protagonisti il re dei Goti Totila e Narsete il comandante delle truppe imperiali. E\u2019 un episodio le cui conseguenze sarebbero state determinanti nella storia d\u2019ltalia poich\u00e9, mentre in Francia ed n Spagna i Franchi e i Visigoti creavano le basi etniche dei rispettivi stati, esso segn\u00f2 Ia caduta del primo embrione di regno nazionale sul territorio italco. Inoltre Ia costituzione dell\u2019esarcato con sede a Ravenna e, pi\u00f9 tardi, del Corridoio Bizantino che lo avrebbe collegato a Roma fu il presupposto per Ia divisione del territorio italico conclusasi solamente nel 1860 con Ia proclamazione del Regno d\u2019ltalia.La vicenda \u00e8 stata al centro di controversie di vari storici che se ne sono occupati attraverso i secoli per il fatto che le notizie tramandate non erano sufficientemente supportate da documentazione scritta anche se c&#8217;\u00e8 stato uno storico del momento, Procopio, che ne ha narrato una testimonianza autorevole.<\/p>\n<p>Non essendo comunque stato spettatore oculare del fatti, egli non sempre pu\u00f2 essere considerato attendibile, soprattutto nei particolari tanto che lui stesso termina il proprio racconto con \u2018affermazione che &#8220;. non tutto si sarebbe svolto cos\u00ec come narrato, ma su queste cose ognuno pensa come meglio crede&#8230;&#8221;<\/p>\n<p>Procopio riferisce che Totila, partito da Roma con il suo esercito per opporsi a Narsete che, alla guida di circa quarantamila uomini proveniva da Ravenna diretto alla citt\u00e0 eterna, si attest\u00f2, in attesa dei rinforzi, nei pressi di Tagina, nome con il quale identifica i resti del municipium dei tapinati, scaduto alle dimensioni di un villaggio conseguentemente alle invasioni barbariche, il sito \u00e8 identificabile con l\u2019attuale frazione di Rasina,circa due chilometri a sud ovest dell\u2019attuale citt\u00e0. Poich\u00e9 Narsete si era attestato sull\u2019appennino a circa cento stadi (15\/20 Km) di distanza da Tagina, nel tentativo di sorprenderlo ancora non preparato alla battaglia, Totila, che sapeva di essere in condizioni di inferiorit\u00e0, tent\u00f2 un attacco a sorpresa restando vittima della propria audacia.Sempre Procopio riferisce che Totila, dopo essere stato ferito, si ritir\u00f2 indietro giungendo in una localit\u00e0 chiamata Capras (odierna Caparra, frazione a nord di Gualdo Tadino) dove mor\u00ec e dove fu sepolto. Sulla localizzazione della battaglia, a lungo dibattuta, oggi gIi studiosi concordano nel dire che fu proprio il Pian di Gualdo Tadino ad ospitare questo scontro tra I due eserciti. Tutt\u2019oggi esistono carte topografiche che, oltre alla localit\u00e0 di Caprara, riportano anche il termine Palazzo Totila dove si troverebbe una tomba o un mausoleo dedicato al Re. Intorno a Palazzo Totila lo stesso bosco e denominato Boschetto Totila.<\/p>\n<p>Procopio riferisce che Ia presunta tomba sarebbe stata depredata dai vincitori e che le spogli di Totila sarebbero state inviate a Bisanzio come trofeo di guerra. E\u2019 comunque certo che dopo il fatto d\u2019arme i Goti superstiti si dispersero nei boschi finche non si furono allontanate le truppe imperiali.<\/p>\n<p><img loading=\"lazy\" decoding=\"async\" class=\"alignnone size-medium wp-image-1478\" src=\"https:\/\/caigualdotadino.it\/wp-content\/uploads\/2011\/02\/1893-G.-Ciani-altare-S.Benedetto-web1-600x372-1-300x186.jpg\" alt=\"\" width=\"300\" height=\"186\" srcset=\"https:\/\/caigualdotadino.it\/wp-content\/uploads\/2011\/02\/1893-G.-Ciani-altare-S.Benedetto-web1-600x372-1-300x186.jpg 300w, https:\/\/caigualdotadino.it\/wp-content\/uploads\/2011\/02\/1893-G.-Ciani-altare-S.Benedetto-web1-600x372-1-421x261.jpg 421w, https:\/\/caigualdotadino.it\/wp-content\/uploads\/2011\/02\/1893-G.-Ciani-altare-S.Benedetto-web1-600x372-1.jpg 600w\" sizes=\"auto, (max-width: 300px) 100vw, 300px\" \/><\/p>\n<h2>996<\/h2>\n<p>Ottone III distrugge di nuovo Ia citt\u00e0 eretta dal Vescovo Facondino. Si tratt\u00f2 di un atto punitivo poich\u00e9 Ia popolazione aveva parteggiato in favore della fazione romana dei Crescenzi contro gli Imperatori. I superstiti si raccolsero presso I\u2019abbazia di San Benedetto dove diedero vita alla Gualdo del nuovo secolo.<\/p>\n<h2>La Gualdum longobarda<\/h2>\n<p>Sparisce il nome latino della citt\u00e0. I longobardi Ia chiameranno Gualdo dal termine Wald (bosco, foresta). Nel 1155, in Gualdo, presso il castrum pauperculum, Federico Barbarossa ricevette I\u2019atto di sottomissione della citt\u00e0 di Gubbio.<\/p>\n<h2>Valdigorgo<\/h2>\n<p>Nel 1180 Gualdum viene ricostruita presso le sorgenti della Rocchetta, in Valdigorgo. Si trattava di un piccolo agglomerato di povere casette che verr\u00e0 presto distrutto da un incendio che Ia tradizione popolare addebiter\u00e0 ad una donna di nome Bastola. Intorno alla vicenda verr\u00e0 intessuta una affascinante vicenda di streghe, tradimenti, rapimenti, incendi e morti. Con molta probabilit\u00e0 Ia Bastola non \u00e8 un personaggio di pura fantasia.<\/p>\n<h2>La Gualdo odierna<\/h2>\n<p>La nuova citt\u00e0 nasce il 30 aprile 1237: \u00e8 Ia terza e viene eretta sul Col Sant\u2019Angelo. In tale data viene registrato l&#8217;atto con cui l\u2019Abate Epifanio cede il colle dove sorge a citt\u00e0 al sindaco Pietro D\u2019Alessandro.<\/p>\n<p>Determinante fu la successiva presenza di Federico II di Svevia che far\u00e0 costruire le mura della citt\u00e0 e che restaurer\u00e0 ed amplier\u00e0 la Rocca Flea.<\/p>\n<p><img loading=\"lazy\" decoding=\"async\" class=\"alignnone size-medium wp-image-1479\" src=\"https:\/\/caigualdotadino.it\/wp-content\/uploads\/2011\/02\/1694fade8eec2cdd8f7b3dbf22f93451-300x225.jpg\" alt=\"\" width=\"300\" height=\"225\" srcset=\"https:\/\/caigualdotadino.it\/wp-content\/uploads\/2011\/02\/1694fade8eec2cdd8f7b3dbf22f93451-300x225.jpg 300w, https:\/\/caigualdotadino.it\/wp-content\/uploads\/2011\/02\/1694fade8eec2cdd8f7b3dbf22f93451-768x576.jpg 768w, https:\/\/caigualdotadino.it\/wp-content\/uploads\/2011\/02\/1694fade8eec2cdd8f7b3dbf22f93451-400x300.jpg 400w, https:\/\/caigualdotadino.it\/wp-content\/uploads\/2011\/02\/1694fade8eec2cdd8f7b3dbf22f93451.jpg 1024w\" sizes=\"auto, (max-width: 300px) 100vw, 300px\" \/><\/p>\n<p>Ci\u00f2 avverr\u00e0 nel anno 1242 come \u00e8 possibile leggere nella iscrizione conservata presso Porta San Benedetto: &#8220;Porta Federico Imperatore nel mese quarto dell\u2019anno del Signore 1242&#8221;. Una sorta di certificato di nascita delle mura della citt\u00e0 che erano interrotte da quattro porte e 1 7 torri.<\/p>\n<p>La citt\u00e0 \u00e8 famosa per la propria ceramica artistica e di uso quotidiano, divenuta in epoca medievale una sua produzione tipica. Gualdo Tadino viene spesso definita, infatti, &#8220;citt\u00e0 della ceramica &#8220;. La via Flaminia, che la attraversa da nord a sud, ha da sempre condizionato la sua vita, apportando benef\u00ecci e distruzioni in eguale misura, facendola divenire tappa obbligata per chi, scendendo dalla costa adriatica, si dirigeva verso Roma o percorreva la consolare in senso inverso.<\/p>\n<p><img loading=\"lazy\" decoding=\"async\" class=\"alignnone size-medium wp-image-1481\" src=\"https:\/\/caigualdotadino.it\/wp-content\/uploads\/2011\/02\/GUALDO_CERAMICA_blog-300x123.jpg\" alt=\"\" width=\"300\" height=\"123\" srcset=\"https:\/\/caigualdotadino.it\/wp-content\/uploads\/2011\/02\/GUALDO_CERAMICA_blog-300x123.jpg 300w, https:\/\/caigualdotadino.it\/wp-content\/uploads\/2011\/02\/GUALDO_CERAMICA_blog-768x315.jpg 768w, https:\/\/caigualdotadino.it\/wp-content\/uploads\/2011\/02\/GUALDO_CERAMICA_blog-421x173.jpg 421w, https:\/\/caigualdotadino.it\/wp-content\/uploads\/2011\/02\/GUALDO_CERAMICA_blog.jpg 900w\" sizes=\"auto, (max-width: 300px) 100vw, 300px\" \/><\/p>\n<p>Nel cuore della piazza cittadina sorgono la Cattedrale di S. Benedetto, la Chiesa di S. Francesco contenitore di mostre ed eventi culturali, il Museo di Casa Cajani che ospita il Museo della Ceramica e degli Antichi Umbri, il Palazzo del Podest\u00e0 e la Torre Civica sede del Museo Regionale dell\u2019Emigrazione.<\/p>\n<p><img loading=\"lazy\" decoding=\"async\" class=\"\" src=\"https:\/\/images.placesonline.com\/photos\/89429_gualdo_tadino_gualdo_tadino_duomo_san_benedetto.jpg?quality=80&amp;w=700\" alt=\"Concattedrale di San Benedetto\" width=\"268\" height=\"201\"><\/p>\n<p>Il museo dell&#8217;emigrazione \u00e8 stato allestito nel medievale Palazzo del Podest\u00e0, nel centro della citt\u00e0.<\/p>\n<p><img loading=\"lazy\" decoding=\"async\" class=\"alignnone  wp-image-1482\" src=\"https:\/\/caigualdotadino.it\/wp-content\/uploads\/2011\/02\/100712-201x300.jpg\" alt=\"\" width=\"158\" height=\"236\" srcset=\"https:\/\/caigualdotadino.it\/wp-content\/uploads\/2011\/02\/100712-201x300.jpg 201w, https:\/\/caigualdotadino.it\/wp-content\/uploads\/2011\/02\/100712.jpg 669w\" sizes=\"auto, (max-width: 158px) 100vw, 158px\" \/><\/p>\n<p>Gualdo Tadino \u00e8 una&nbsp;<strong>citt\u00e0 molto ricca di tradizioni religiose e pagane<\/strong>&nbsp;che affondano le loro radici nella notte dei tempi e rappresentano il tratto distintivo di una comunit\u00e0 laboriosa ed accogliente, un vero e proprio scrigno di tanti piccoli tesori tutti da scoprire!<\/p>\n<p>Nel ultimo fine settimana di settembre la citt\u00e0 si colora per tre giorni con i vessilli delle<strong>&nbsp;quattro Porte<\/strong>, simbolo delle &nbsp;antiche porte d\u2019ingresso delle mura medievali, un turbinio di colori e di emozioni per i gualdesi ed i &nbsp;turisti che affollano numerosi la piazza principale e le vie del centro storico.&nbsp; Evento saliente della manifestazione \u00e8 il&nbsp;<strong>corteo storico<\/strong>&nbsp;che vede pi\u00f9 di&nbsp;<strong>mille figuranti<\/strong>&nbsp;sfilare per le vie della citt\u00e0 ricreando uno&nbsp;<strong>spaccato di vita medievale unico al mondo<\/strong>.<\/p>\n<p>&nbsp; <img loading=\"lazy\" decoding=\"async\" class=\"aligncenter\" src=\"https:\/\/i1.wp.com\/www.altochiasciooggi.it\/wp-content\/uploads\/2019\/06\/palio-di-primavera.jpg?resize=678%2C381&amp;ssl=1\" alt=\"Palio di Primavera, Ente Giochi de le Porte ringrazia\" width=\"334\" height=\"188\"><\/p>\n<p><img loading=\"lazy\" decoding=\"async\" class=\"\" src=\"https:\/\/lh3.googleusercontent.com\/proxy\/mVbvZTgx0E_5-IWbgzb2X3PpoXctdwA6FOB8YYhA7ODi8gmn_Im5y9x1tf2h25XuSyiynajH8pszhtbCT0gvKSDu97AwBI_wzSno8bXgbyGgkCztg0PjO1Hh96zq6_WI-QSSuxdrT5VoYZrh\" alt=\"Meno di un mese ai Giochi de le Porte, fervono i preparativi a Gualdo Tadino  \u2013 Civetta.tv\" width=\"324\" height=\"194\"><\/p>\n<p>Per tutte le informazioni consultare il portale&nbsp; &nbsp;<a href=\"https:\/\/turismo.tadino.it\/\" target=\"_blank\" rel=\"noopener\" data-wplink-edit=\"true\">https:\/\/turismo.tadino.it\/<\/a><\/p>\n\n\n<div class=\"wp-block-columns is-layout-flex wp-container-core-columns-is-layout-9d6595d7 wp-block-columns-is-layout-flex\">\n<div class=\"wp-block-column is-layout-flow wp-block-column-is-layout-flow\" style=\"flex-basis:100%\">\n<p><\/p>\n<\/div>\n<\/div>\n\n\n\n<p><\/p>\n","protected":false},"excerpt":{"rendered":"<p>&#8220;Intra Tupino e l\u2019acqua che discende del colle eletto dal Beato Ubaldo, fertile costa dall\u2019alto monte pende, onde Perugia sente freddo e caldo da Porta &hellip;<\/p>\n","protected":false},"author":1,"featured_media":0,"parent":0,"menu_order":3,"comment_status":"closed","ping_status":"closed","template":"","meta":{"footnotes":""},"class_list":["post-21","page","type-page","status-publish","hentry"],"jetpack-related-posts":[{"id":646,"url":"https:\/\/caigualdotadino.it\/?page_id=646","url_meta":{"origin":21,"position":0},"title":"Contatti","author":"Antonella Recchioni","date":"20 Febbraio 2021","format":false,"excerpt":"Club Alpino Italiano Sezione di Gualdo Tadino La sede \u00e8 in Piazza Giuseppe Garibaldi 3, 06023 Gualdo Tadino, PG. Orario apertura sede: Venerd\u00ec dalle 17.30 alle 19.30. Email: gualdotadino@cai.it Presidente: Franco Palazzoni Tel.: +393283057249","rel":"","context":"In &quot;Comunicati delle Sezione&quot;","block_context":{"text":"Comunicati delle Sezione","link":"https:\/\/caigualdotadino.it\/?cat=39"},"img":{"alt_text":"","src":"","width":0,"height":0},"classes":[]},{"id":7,"url":"https:\/\/caigualdotadino.it\/?page_id=7","url_meta":{"origin":21,"position":1},"title":"Commissione Sentieristica","author":"pigiax","date":"25 Febbraio 2011","format":false,"excerpt":"Commissione Sentieristica Questa commissione provvede ad istituire e mantenere una segnaletica adeguata dei sentieri per favorire la conoscenza della montagne locali. Ultimamente \u00e8 stata realizzata dal Comune di Gualdo Tadino in collaborazione con la sez. CAI di Gualdo Tadino, la carta dei sentieri della nostre montagne, dove si pu\u00f2 trovare\u2026","rel":"","context":"In &quot;senza categoria&quot;","block_context":{"text":"senza categoria","link":"https:\/\/caigualdotadino.it\/?cat=1"},"img":{"alt_text":"","src":"https:\/\/i0.wp.com\/caigualdotadino.it\/wp-content\/uploads\/2025\/12\/Immagine-WhatsApp-2025-12-15-ore-21.02.29_171b9db6.jpg?resize=350%2C200&ssl=1","width":350,"height":200,"srcset":"https:\/\/i0.wp.com\/caigualdotadino.it\/wp-content\/uploads\/2025\/12\/Immagine-WhatsApp-2025-12-15-ore-21.02.29_171b9db6.jpg?resize=350%2C200&ssl=1 1x, https:\/\/i0.wp.com\/caigualdotadino.it\/wp-content\/uploads\/2025\/12\/Immagine-WhatsApp-2025-12-15-ore-21.02.29_171b9db6.jpg?resize=525%2C300&ssl=1 1.5x, https:\/\/i0.wp.com\/caigualdotadino.it\/wp-content\/uploads\/2025\/12\/Immagine-WhatsApp-2025-12-15-ore-21.02.29_171b9db6.jpg?resize=700%2C400&ssl=1 2x"},"classes":[]},{"id":37,"url":"https:\/\/caigualdotadino.it\/?page_id=37","url_meta":{"origin":21,"position":2},"title":"Convenzioni e sconti soci","author":"pigiax","date":"3 Marzo 2011","format":false,"excerpt":"Comunichiamo ai soci C.A.I. in regola con il tesseramento, le convenzioni con : Coldiretti Umbria Sconto del 5% sul prezzo in azienda presso agriturismi e aziende agricole con vendita diretta di prodotti agricoli a Km 0 Segnaliamo a Gualdo Tadino la societ\u00e0 agricola Vinciotti S.S. loc biancospino Big Wall via\u2026","rel":"","context":"In &quot;senza categoria&quot;","block_context":{"text":"senza categoria","link":"https:\/\/caigualdotadino.it\/?cat=1"},"img":{"alt_text":"","src":"","width":0,"height":0},"classes":[]},{"id":1180,"url":"https:\/\/caigualdotadino.it\/?page_id=1180","url_meta":{"origin":21,"position":3},"title":"Tesseramento","author":"Antonella Recchioni","date":"2 Marzo 2021","format":false,"excerpt":"Nella quota \u00e8 compreso: soccorso alpinosconti nei rifugi CAIabbonamento alla rivista mensile \"Montagne 360\"assicurazione infortunistica e contro terzi in tutte le attivit\u00e0 programmate dalla sezioneconvenzione con alcuni negozi della zona, consultare la pagina \"convenzioni e sconti soci\" Le quote sono: Soci ordinari 43,00 \u20acSoci ordinari Juniores (under 25) 22,00 \u20acSoci\u2026","rel":"","context":"Articolo simile","block_context":{"text":"Articolo simile","link":""},"img":{"alt_text":"","src":"","width":0,"height":0},"classes":[]},{"id":262,"url":"https:\/\/caigualdotadino.it\/?page_id=262","url_meta":{"origin":21,"position":4},"title":"Tesseramento","author":"pigiax","date":"21 Febbraio 2021","format":false,"excerpt":"Sono aperte le iscrizioni per il rinnovo delle tessere. Nella quota \u00e8 compreso: soccorso alpino sconti nei rifugi CAI abbonamento alla rivista mensile \"Montagne 360\" assicurazione infortunistica e contro terzi in tutte le attivit\u00e0 programmate dalla sezione convenzione con alcuni negozi della zona, consultare la pagina \"convenzioni e sconti soci\"\u2026","rel":"","context":"In &quot;4 - ARCHIVIO&quot;","block_context":{"text":"4 - ARCHIVIO","link":"https:\/\/caigualdotadino.it\/?cat=34"},"img":{"alt_text":"","src":"","width":0,"height":0},"classes":[]},{"id":4376,"url":"https:\/\/caigualdotadino.it\/?page_id=4376","url_meta":{"origin":21,"position":5},"title":"2018","author":"Antonella Recchioni","date":"12 Settembre 2021","format":false,"excerpt":"Festa della montagna 02\/09\/2018 Castagnata 18\/11\/2018 Gualdo - Assisi 07\/10\/2018","rel":"","context":"Articolo simile","block_context":{"text":"Articolo simile","link":""},"img":{"alt_text":"","src":"https:\/\/i0.wp.com\/caigualdotadino.it\/wp-content\/uploads\/2021\/05\/1-1.jpg?resize=350%2C200&ssl=1","width":350,"height":200,"srcset":"https:\/\/i0.wp.com\/caigualdotadino.it\/wp-content\/uploads\/2021\/05\/1-1.jpg?resize=350%2C200&ssl=1 1x, https:\/\/i0.wp.com\/caigualdotadino.it\/wp-content\/uploads\/2021\/05\/1-1.jpg?resize=525%2C300&ssl=1 1.5x, https:\/\/i0.wp.com\/caigualdotadino.it\/wp-content\/uploads\/2021\/05\/1-1.jpg?resize=700%2C400&ssl=1 2x"},"classes":[]}],"jetpack_sharing_enabled":true,"_links":{"self":[{"href":"https:\/\/caigualdotadino.it\/index.php?rest_route=\/wp\/v2\/pages\/21","targetHints":{"allow":["GET"]}}],"collection":[{"href":"https:\/\/caigualdotadino.it\/index.php?rest_route=\/wp\/v2\/pages"}],"about":[{"href":"https:\/\/caigualdotadino.it\/index.php?rest_route=\/wp\/v2\/types\/page"}],"author":[{"embeddable":true,"href":"https:\/\/caigualdotadino.it\/index.php?rest_route=\/wp\/v2\/users\/1"}],"replies":[{"embeddable":true,"href":"https:\/\/caigualdotadino.it\/index.php?rest_route=%2Fwp%2Fv2%2Fcomments&post=21"}],"version-history":[{"count":21,"href":"https:\/\/caigualdotadino.it\/index.php?rest_route=\/wp\/v2\/pages\/21\/revisions"}],"predecessor-version":[{"id":2592,"href":"https:\/\/caigualdotadino.it\/index.php?rest_route=\/wp\/v2\/pages\/21\/revisions\/2592"}],"wp:attachment":[{"href":"https:\/\/caigualdotadino.it\/index.php?rest_route=%2Fwp%2Fv2%2Fmedia&parent=21"}],"curies":[{"name":"wp","href":"https:\/\/api.w.org\/{rel}","templated":true}]}}