{"id":20,"date":"2011-02-26T00:33:08","date_gmt":"2011-02-25T23:33:08","guid":{"rendered":"http:\/\/caigualdotadino.it\/2011\/02\/26\/regole-da-seguire\/"},"modified":"2011-02-26T00:33:08","modified_gmt":"2011-02-25T23:33:08","slug":"regole-da-seguire","status":"publish","type":"page","link":"https:\/\/caigualdotadino.it\/?page_id=20","title":{"rendered":"Regole da seguire"},"content":{"rendered":"<div>\n<h2>Alcune Regole da Seguire<\/h2>\n<\/p>\n<ol>\n<li>Prima di affrontare un\u2019escursione, valuta le tue capacit\u00e0 e le difficolt\u00e0 cui puoi andare incontro, cerca di saperne il pi\u00f9 possibile leggendo bene la carta topografica e prendendo informazioni da guide del posto<\/li>\n<li>\u03c0reparati fisicamente e moralmente per sostenere gli sforzi che la montagna richiede e per saper affrontare qualsiasi situazione mantenendo la calma e la lucidit\u00e0, non andare oltre i limiti delle tue possibilit\u00e0<\/li>\n<li>non avere fretta: poco per volta, se ne sentirai l\u2019esigenza, imparerai ad affrontare in sicurezza imprese pi\u00f9 impegnative; impara da chi ha pi\u00f9 esperienza di te, un\u2019escursione fatta con una persona esperta vale pi\u00f9 di mille parole o raccomandazioni<\/li>\n<li>stai sempre attento, soprattutto quando sei stanco e non dare nulla per scontato<\/li>\n<li>non  lasciare mai soli i tuoi compagni: se sono stanchi rallenta , se hanno dei problemi, aiutali<\/li>\n<li>non correre, non ci sono avversari da battere, traguardi da tagliare; la fretta ti fa perdere tante emozioni<\/li>\n<li>ascolta le previsioni del tempo, rimanda l\u2019escursione se \u00e8 previsto un peggioramento, porta sempre con te l\u2019abbigliamento adatto a sopportare qualsiasi incertezza<\/li>\n<li>se durante la salita muovi involontariamente un sasso, grida a chi sta sotto \u201csasso\u201d; se sei tu a ricevere tale avviso, per evitare di essere colpito cerca di seguire la traiettoria del sasso, senza nascondere il viso tra le mani<\/li>\n<li>prima di partire, comunica ad amici e parenti l\u2019itinerario e la meta dell\u2019escursione<\/li>\n<li>avventurati su pendii di neve dura o ghiacciata o su sentieri esposti solamente con adeguata attrezzatura alpinistica<\/li>\n<li>rispetta l\u2019ambiente e coloro che vivono in montagna. Accetta i loro consigli e il loro modo di vita.<\/li>\n<\/ol>\n<p>conosci prima di iniziare un\u2019escursione:<\/p>\n<\/p>\n<ul>\n<li>le regole elementari di orientamento: di notte, di giorno, con la bussola<\/li>\n<li>la richiesta soccorso<\/li>\n<li>il mal di montagna<\/li>\n<li>la vipera<\/li>\n<li>la zecca<\/li>\n<li>i funghi<\/li>\n<li>i fenomeni atmosferici<\/li>\n<\/ul>\n<\/p>\n<h2>Lo zaino<\/h2>\n<\/p>\n<p>&#8211;    Il telefonino, strumento del quale facciamo spesso un abuso, diventa di primaria importanza in caso d\u2019emergenza. Bisogna sempre informarsi sulla copertura di rete esistente lungo l\u2019itinerario scelto e ricordare, oltre al 118 per emergenza sanitaria e il 115 per i vigili del fuoco, anche i numeri telefonici di rappresentanti delle locali sez. CAI e guide alpine. Tenere presente che aumentando l\u2019altitudine e diminuendo la temperatura le batterie si scaricano con pi\u00f9 facilit\u00e0.<\/p>\n<\/p>\n<ul>\n<li>Bussola, altimetro e Cartina Topografica<\/li>\n<li>Crema protettiva solare, occhiali da sole e cappello<\/li>\n<li>Borraccia con acqua e sali (non utilizzare i sali minerali in alta quota, consultare    sempre le guide del posto)<\/li>\n<li>Cibo facilmente digeribile e molto energetico<\/li>\n<li>Necessario per un piccolo pronto soccorso e siringa succhia-veleno.<\/li>\n<li>Coltello multiuso<\/li>\n<li>Fischietto<\/li>\n<li>Torcia a batterie<\/li>\n<li>Mantelline antiacqua e indumenti di ricambio ( secondo il tipo d\u2019escursione giacca a vento, felpa, camicia felpata, guanti, ghette)<\/li>\n<li>Tessera CAI<\/li>\n<li>Sacchetto per riportare i rifiuti a valle<\/li>\n<li>Corde di piccola sezione multiuso con qualche moschettone<\/li>\n<li>Binocolo di piccole dimensioni e macchina fotografica<\/li>\n<\/ul>\n<\/p>\n<p>Quanto descritto va adattato alle proprie esigenze e al percorso prescelto (scarponcini da trekking o d\u2019alta quota , bastoncini, casco, ramponi,  piccozza \u2026) .<\/p>\n<\/p>\n<p>Un\u2019attenzione particolare va posta quando si scelgono percorsi d\u2019alta quota. Con molta accuratezza bisogna valutare il percorso, le proprie capacit\u00e0 sia di resistenza che tecniche, le condizioni metereologiche e sempre bisogna chiedere informazione alle locali guide.<\/p>\n<\/p>\n<p>Ricordarsi sempre che lo zaino non deve essere troppo pesante ma deve contenere il necessario per eseguire l\u2019escursione in sicurezza.<\/p>\n<\/p><\/div>\n","protected":false},"excerpt":{"rendered":"<p>Alcune Regole da Seguire Prima di affrontare un\u2019escursione, valuta le tue capacit\u00e0 e le difficolt\u00e0 cui puoi andare incontro, cerca di saperne il pi\u00f9 possibile &hellip;<\/p>\n","protected":false},"author":1,"featured_media":0,"parent":0,"menu_order":4,"comment_status":"open","ping_status":"open","template":"","meta":{"footnotes":""},"class_list":["post-20","page","type-page","status-publish","hentry"],"jetpack-related-posts":[{"id":1191,"url":"https:\/\/caigualdotadino.it\/?page_id=1191","url_meta":{"origin":20,"position":0},"title":"Consigli utili","author":"Antonella Recchioni","date":"2 Marzo 2021","format":false,"excerpt":"","rel":"","context":"In &quot;4 - ARCHIVIO&quot;","block_context":{"text":"4 - ARCHIVIO","link":"https:\/\/caigualdotadino.it\/?cat=34"},"img":{"alt_text":"","src":"","width":0,"height":0},"classes":[]},{"id":87,"url":"https:\/\/caigualdotadino.it\/?page_id=87","url_meta":{"origin":20,"position":1},"title":"Frasi, pensieri e citazioni","author":"pigiax","date":"16 Settembre 2011","format":false,"excerpt":"\u00a0 \"La montagna insegna a vivere: questa frase l'ho udita spesso, ma... non \u00e8 vera. C'\u00e8 gente che frequenta i monti da una vita e non ha imparato un tubo! La montagna al massimo regala emozioni a chi \u00e8 sensibile ed educato\". - Mauro Corona \u00a0 \"La misura delle difficolt\u00e0\u2026","rel":"","context":"In &quot;senza categoria&quot;","block_context":{"text":"senza categoria","link":"https:\/\/caigualdotadino.it\/?cat=1"},"img":{"alt_text":"","src":"","width":0,"height":0},"classes":[]},{"id":5,"url":"https:\/\/caigualdotadino.it\/?page_id=5","url_meta":{"origin":20,"position":2},"title":"Commissione Escursionismo","author":"pigiax","date":"25 Febbraio 2011","format":false,"excerpt":"Commissione escursionismo \u00a0 Questa commissione provvede alla stesura del calendario escursionistico annuale cercando di favorire la conoscenza e la salvaguardia di tutti gli ambienti naturali. L\u2019escursionismo \u00e8 concepito come occasione per favorire la conoscenza della natura, della fauna, della flora, della coltura dei popoli, il rispetto della montagna con tutte\u2026","rel":"","context":"In &quot;senza categoria&quot;","block_context":{"text":"senza categoria","link":"https:\/\/caigualdotadino.it\/?cat=1"},"img":{"alt_text":"","src":"https:\/\/i0.wp.com\/caigualdotadino.it\/wp-content\/uploads\/2025\/12\/Immagine-WhatsApp-2025-12-15-ore-21.02.28_7b7ff687.jpg?resize=350%2C200&ssl=1","width":350,"height":200,"srcset":"https:\/\/i0.wp.com\/caigualdotadino.it\/wp-content\/uploads\/2025\/12\/Immagine-WhatsApp-2025-12-15-ore-21.02.28_7b7ff687.jpg?resize=350%2C200&ssl=1 1x, https:\/\/i0.wp.com\/caigualdotadino.it\/wp-content\/uploads\/2025\/12\/Immagine-WhatsApp-2025-12-15-ore-21.02.28_7b7ff687.jpg?resize=525%2C300&ssl=1 1.5x, https:\/\/i0.wp.com\/caigualdotadino.it\/wp-content\/uploads\/2025\/12\/Immagine-WhatsApp-2025-12-15-ore-21.02.28_7b7ff687.jpg?resize=700%2C400&ssl=1 2x"},"classes":[]},{"id":16,"url":"https:\/\/caigualdotadino.it\/?page_id=16","url_meta":{"origin":20,"position":3},"title":"Rifugio CAI Monte Maggio","author":"pigiax","date":"25 Febbraio 2011","format":false,"excerpt":"Antico rifugio per pastori, situato a circa 1033 m s.l.m. in un\u2019incantevole posizione alle pendici del monte Maggio da cui si gode una bella visione della Valsorda, \u00e8 stato ristrutturato con un finanziamento della Provincia e dell\u2019Amministrazione Comunale attualmente di propriet\u00e0 comunale e dato in gestione alla sezione CAI di\u2026","rel":"","context":"In &quot;senza categoria&quot;","block_context":{"text":"senza categoria","link":"https:\/\/caigualdotadino.it\/?cat=1"},"img":{"alt_text":"03062011586","src":"https:\/\/i0.wp.com\/caigualdotadino.it\/wp-content\/uploads\/2011\/02\/03062011586-scaled.jpg?resize=350%2C200&ssl=1","width":350,"height":200,"srcset":"https:\/\/i0.wp.com\/caigualdotadino.it\/wp-content\/uploads\/2011\/02\/03062011586-scaled.jpg?resize=350%2C200&ssl=1 1x, https:\/\/i0.wp.com\/caigualdotadino.it\/wp-content\/uploads\/2011\/02\/03062011586-scaled.jpg?resize=525%2C300&ssl=1 1.5x, https:\/\/i0.wp.com\/caigualdotadino.it\/wp-content\/uploads\/2011\/02\/03062011586-scaled.jpg?resize=700%2C400&ssl=1 2x, https:\/\/i0.wp.com\/caigualdotadino.it\/wp-content\/uploads\/2011\/02\/03062011586-scaled.jpg?resize=1050%2C600&ssl=1 3x, https:\/\/i0.wp.com\/caigualdotadino.it\/wp-content\/uploads\/2011\/02\/03062011586-scaled.jpg?resize=1400%2C800&ssl=1 4x"},"classes":[]},{"id":2663,"url":"https:\/\/caigualdotadino.it\/?page_id=2663","url_meta":{"origin":20,"position":4},"title":"La nostra storia","author":"Antonella Recchioni","date":"16 Aprile 2021","format":false,"excerpt":"Dalle origini ad oggi La sezione CAI di Gualdo Tadino venne fondata ufficialmente il 4 aprile 1987. Ma in quella data ci fu soltanto la codificazione di un movimento che era gi\u00e0 piuttosto consistente perch\u00e9 aveva avuto una lunga gestazione nel CAI di Fabriano. Antesignano era stato Mario Giubilei, maestro\u2026","rel":"","context":"In &quot;4 - ARCHIVIO&quot;","block_context":{"text":"4 - ARCHIVIO","link":"https:\/\/caigualdotadino.it\/?cat=34"},"img":{"alt_text":"","src":"https:\/\/i0.wp.com\/caigualdotadino.it\/wp-content\/uploads\/2021\/04\/Immagine4.jpg?resize=350%2C200&ssl=1","width":350,"height":200,"srcset":"https:\/\/i0.wp.com\/caigualdotadino.it\/wp-content\/uploads\/2021\/04\/Immagine4.jpg?resize=350%2C200&ssl=1 1x, https:\/\/i0.wp.com\/caigualdotadino.it\/wp-content\/uploads\/2021\/04\/Immagine4.jpg?resize=525%2C300&ssl=1 1.5x"},"classes":[]},{"id":11530,"url":"https:\/\/caigualdotadino.it\/?page_id=11530","url_meta":{"origin":20,"position":5},"title":"Commissioni sezionali","author":"Antonella Recchioni","date":"23 Dicembre 2025","format":false,"excerpt":"Commissioni sezionali La commissione escursione provvede alla stesura del calendario escursionistico annuale cercando di favorire la conoscenza e la salvaguardia di tutti gli ambienti naturali. L\u2019escursionismo \u00e8 concepito come occasione per favorire la conoscenza della natura, della fauna, della flora, della coltura dei popoli, il rispetto della montagna con tutte\u2026","rel":"","context":"Articolo simile","block_context":{"text":"Articolo simile","link":""},"img":{"alt_text":"","src":"https:\/\/i0.wp.com\/caigualdotadino.it\/wp-content\/uploads\/2025\/12\/Immagine-WhatsApp-2025-12-15-ore-21.02.30_5448b0c6.jpg?resize=350%2C200&ssl=1","width":350,"height":200,"srcset":"https:\/\/i0.wp.com\/caigualdotadino.it\/wp-content\/uploads\/2025\/12\/Immagine-WhatsApp-2025-12-15-ore-21.02.30_5448b0c6.jpg?resize=350%2C200&ssl=1 1x, https:\/\/i0.wp.com\/caigualdotadino.it\/wp-content\/uploads\/2025\/12\/Immagine-WhatsApp-2025-12-15-ore-21.02.30_5448b0c6.jpg?resize=525%2C300&ssl=1 1.5x, https:\/\/i0.wp.com\/caigualdotadino.it\/wp-content\/uploads\/2025\/12\/Immagine-WhatsApp-2025-12-15-ore-21.02.30_5448b0c6.jpg?resize=700%2C400&ssl=1 2x"},"classes":[]}],"jetpack_sharing_enabled":true,"_links":{"self":[{"href":"https:\/\/caigualdotadino.it\/index.php?rest_route=\/wp\/v2\/pages\/20","targetHints":{"allow":["GET"]}}],"collection":[{"href":"https:\/\/caigualdotadino.it\/index.php?rest_route=\/wp\/v2\/pages"}],"about":[{"href":"https:\/\/caigualdotadino.it\/index.php?rest_route=\/wp\/v2\/types\/page"}],"author":[{"embeddable":true,"href":"https:\/\/caigualdotadino.it\/index.php?rest_route=\/wp\/v2\/users\/1"}],"replies":[{"embeddable":true,"href":"https:\/\/caigualdotadino.it\/index.php?rest_route=%2Fwp%2Fv2%2Fcomments&post=20"}],"version-history":[{"count":0,"href":"https:\/\/caigualdotadino.it\/index.php?rest_route=\/wp\/v2\/pages\/20\/revisions"}],"wp:attachment":[{"href":"https:\/\/caigualdotadino.it\/index.php?rest_route=%2Fwp%2Fv2%2Fmedia&parent=20"}],"curies":[{"name":"wp","href":"https:\/\/api.w.org\/{rel}","templated":true}]}}