{"id":1435,"date":"2021-03-06T14:39:44","date_gmt":"2021-03-06T13:39:44","guid":{"rendered":"https:\/\/caigualdotadino.it\/?p=1435"},"modified":"2021-03-14T19:24:55","modified_gmt":"2021-03-14T18:24:55","slug":"la-montagna","status":"publish","type":"page","link":"https:\/\/caigualdotadino.it\/?page_id=1435","title":{"rendered":"La montagna"},"content":{"rendered":"\n<p>Il paesaggio di Gualdo Tadino \u00e8 dominato dalla dorsale appenninica, caratterizzata da un notevole patrimonio naturalistico e ambientale, costituito da boschi e pinete, ampie distese di prati perenni che danno vita a suggestive fioriture policrome e da cime suggestive all\u2019interno dell\u2019Area Sic (Siti di Importanza Comunitaria) Monti Maggio e Nero: Monte Nero (m. 1413), Monte Maggio (m. 1361), Monte Serrasanta (m. 1348), Monte Penna (m. 1432), Monte Fringuello (m. 1186). Dalla citt\u00e0 si pu\u00f2 salire verso Valsorda (1006 m), vallata che trae il suo nome dall\u2019assenza dell\u2019eco, incastonata tra il Monte Serrasanta e il Monte Maggio.<\/p>\n\n\n\n<div class=\"wp-block-columns is-layout-flex wp-container-core-columns-is-layout-9d6595d7 wp-block-columns-is-layout-flex\">\n<div class=\"wp-block-column is-layout-flow wp-block-column-is-layout-flow\" style=\"flex-basis:100%\">\n<div class=\"wp-block-group\"><div class=\"wp-block-group__inner-container is-layout-flow wp-block-group-is-layout-flow\">\n<div class=\"wp-block-columns is-layout-flex wp-container-core-columns-is-layout-9d6595d7 wp-block-columns-is-layout-flex\">\n<div class=\"wp-block-column is-layout-flow wp-block-column-is-layout-flow\" style=\"flex-basis:100%\">\n<div class=\"wp-block-media-text alignwide is-stacked-on-mobile\" style=\"grid-template-columns:54% auto\"><figure class=\"wp-block-media-text__media\"><img decoding=\"async\" src=\"https:\/\/turismo.tadino.it\/wp-content\/uploads\/2019\/05\/7-010.jpg\" alt=\"\"\/><\/figure><div class=\"wp-block-media-text__content\">\n<h5 class=\"wp-block-heading\">Valsorda<\/h5>\n\n\n\n<p style=\"font-size:12px\">Rappresenta la localit\u00e0 pi\u00f9 celebre della montagna gualdese, dove \u00e8 possibile praticare non solo escursionismo e trekking, ma anche equitazione, sci da fondo e da escursionismo, mountain bike e volo a vela. Si raggiunge tramite una comoda strada provinciale. Attualmente a Valsorda, sono a disposizione degli escursionisti e dei turisti quattro rifugi utilizzati come strutture ricettive, un camping e un ristorante.<\/p>\n<\/div><\/div>\n\n\n\n<div class=\"wp-block-media-text alignwide has-media-on-the-right is-stacked-on-mobile\" style=\"grid-template-columns:auto 54%\"><figure class=\"wp-block-media-text__media\"><img loading=\"lazy\" decoding=\"async\" width=\"1024\" height=\"647\" src=\"https:\/\/caigualdotadino.it\/wp-content\/uploads\/2021\/03\/port_scorci.jpg\" alt=\"\" class=\"wp-image-1451 size-full\" srcset=\"https:\/\/caigualdotadino.it\/wp-content\/uploads\/2021\/03\/port_scorci.jpg 1024w, https:\/\/caigualdotadino.it\/wp-content\/uploads\/2021\/03\/port_scorci-300x190.jpg 300w, https:\/\/caigualdotadino.it\/wp-content\/uploads\/2021\/03\/port_scorci-768x485.jpg 768w, https:\/\/caigualdotadino.it\/wp-content\/uploads\/2021\/03\/port_scorci-421x266.jpg 421w\" sizes=\"auto, (max-width: 1024px) 100vw, 1024px\" \/><\/figure><div class=\"wp-block-media-text__content\">\n<h5 class=\"wp-block-heading\">Panorama<\/h5>\n\n\n\n<p style=\"font-size:12px\">Sulle alture degli Appennini di Gualdo Tadino lo sguardo spazia dal Monte Catria ai Sibillini e si posa su affascinanti borghi pedemontani e, nelle giornate pi\u00f9 limpide, sul mare Adriatico.<\/p>\n<\/div><\/div>\n\n\n\n<div class=\"wp-block-media-text alignwide is-stacked-on-mobile\" style=\"grid-template-columns:54% auto\"><figure class=\"wp-block-media-text__media\"><img loading=\"lazy\" decoding=\"async\" width=\"500\" height=\"375\" src=\"https:\/\/caigualdotadino.it\/wp-content\/uploads\/2021\/03\/unnamed.jpg\" alt=\"\" class=\"wp-image-1453 size-full\" srcset=\"https:\/\/caigualdotadino.it\/wp-content\/uploads\/2021\/03\/unnamed.jpg 500w, https:\/\/caigualdotadino.it\/wp-content\/uploads\/2021\/03\/unnamed-300x225.jpg 300w, https:\/\/caigualdotadino.it\/wp-content\/uploads\/2021\/03\/unnamed-400x300.jpg 400w\" sizes=\"auto, (max-width: 500px) 100vw, 500px\" \/><\/figure><div class=\"wp-block-media-text__content\">\n<h5 class=\"wp-block-heading\">Sentieristica<\/h5>\n\n\n\n<p style=\"font-size:12px\">Dalla splendida vallata \u00e8 possibile raggiungere le vette circostanti attraverso antichi sentieri e tratturi, per ammirare il paesaggio incontaminato e di rara bellezza dell\u2019Appennino Umbro-Marchigiano. Da Valsorda si dirama una fitta rete di sentieri di varia difficolt\u00e0 che, attraverso boschi e prati o lungo\u00a0<em>passaiole<\/em>\u00a0e balze, conducono a belvederi naturali e sommit\u00e0 che rimangono nella memoria degli escursionisti; dalla stessa Valsorda si pu\u00f2 salire anche al Monte Serrasanta e al Santuario della SS. Trinit\u00e0, eretto sulle rovine di un antico romitorio benedettino, dal quale si gode di una incantevole vista sulla vallata della via consolare Flaminia.<\/p>\n<\/div><\/div>\n\n\n\n<div class=\"wp-block-media-text alignwide has-media-on-the-right is-stacked-on-mobile\" style=\"grid-template-columns:auto 54%\"><figure class=\"wp-block-media-text__media\"><img loading=\"lazy\" decoding=\"async\" width=\"1024\" height=\"768\" src=\"https:\/\/caigualdotadino.it\/wp-content\/uploads\/2021\/03\/fiori.jpg\" alt=\"\" class=\"wp-image-1456 size-full\" srcset=\"https:\/\/caigualdotadino.it\/wp-content\/uploads\/2021\/03\/fiori.jpg 1024w, https:\/\/caigualdotadino.it\/wp-content\/uploads\/2021\/03\/fiori-300x225.jpg 300w, https:\/\/caigualdotadino.it\/wp-content\/uploads\/2021\/03\/fiori-768x576.jpg 768w, https:\/\/caigualdotadino.it\/wp-content\/uploads\/2021\/03\/fiori-400x300.jpg 400w\" sizes=\"auto, (max-width: 1024px) 100vw, 1024px\" \/><\/figure><div class=\"wp-block-media-text__content\">\n<h5 class=\"wp-block-heading\">Flora<\/h5>\n\n\n\n<p style=\"font-size:12px\">Tanti sono i percorsi possibili, tutti accomunati dalla grande bellezza dei paesaggi, dei panorami, del rigoglio della natura, dalla tranquillit\u00e0 e dalla stupefacente variet\u00e0 della flora. Sono decine le specie vegetali tipiche, fra le quali moltissime e rarissime variet\u00e0 di orchidee selvatiche, gigli, narcisi, la cui fioritura \u00e8 particolarmente spettacolare da maggio fino a giugno, quando i prati si colorano delle tinte pi\u00f9 disparate.<\/p>\n<\/div><\/div>\n<\/div>\n<\/div>\n<\/div><\/div>\n<\/div>\n<\/div>\n\n\n\n<div class=\"wp-block-media-text alignwide is-stacked-on-mobile\" style=\"grid-template-columns:48% auto\"><figure class=\"wp-block-media-text__media\"><img loading=\"lazy\" decoding=\"async\" width=\"1024\" height=\"570\" src=\"https:\/\/caigualdotadino.it\/wp-content\/uploads\/2021\/03\/DSC_0504.resized.jpg\" alt=\"\" class=\"wp-image-1458 size-full\" srcset=\"https:\/\/caigualdotadino.it\/wp-content\/uploads\/2021\/03\/DSC_0504.resized.jpg 1024w, https:\/\/caigualdotadino.it\/wp-content\/uploads\/2021\/03\/DSC_0504.resized-300x167.jpg 300w, https:\/\/caigualdotadino.it\/wp-content\/uploads\/2021\/03\/DSC_0504.resized-768x428.jpg 768w, https:\/\/caigualdotadino.it\/wp-content\/uploads\/2021\/03\/DSC_0504.resized-421x234.jpg 421w\" sizes=\"auto, (max-width: 1024px) 100vw, 1024px\" \/><\/figure><div class=\"wp-block-media-text__content\">\n<h5 class=\"wp-block-heading\">Castagneto<\/h5>\n\n\n\n<p style=\"font-size:12px\">Come un gioiello incastonato fra le montagne gualdesi, si sviluppa il castagneto, uno dei pochi presenti in Umbria, probabilmente frutto dell\u2019opera dei monaci benedettini che popolarono l\u2019eremo di S. Salvatore e S. Pietro di Acqua Albella in Monte Maggio, i cui ruderi sono ancora visibili all\u2019interno del fitto bosco. \u00c9 un castagneto ancora sfruttato e da cui si ricava una particolare qualit\u00e0 di castagna, dal sapore inconfondibile, molto richiesta.<\/p>\n<\/div><\/div>\n\n\n\n<div class=\"wp-block-media-text alignwide has-media-on-the-right is-stacked-on-mobile\" style=\"grid-template-columns:auto 48%\"><figure class=\"wp-block-media-text__media\"><img loading=\"lazy\" decoding=\"async\" width=\"512\" height=\"341\" src=\"https:\/\/caigualdotadino.it\/wp-content\/uploads\/2021\/03\/unnamed-1.jpg\" alt=\"\" class=\"wp-image-1461 size-full\" srcset=\"https:\/\/caigualdotadino.it\/wp-content\/uploads\/2021\/03\/unnamed-1.jpg 512w, https:\/\/caigualdotadino.it\/wp-content\/uploads\/2021\/03\/unnamed-1-300x200.jpg 300w, https:\/\/caigualdotadino.it\/wp-content\/uploads\/2021\/03\/unnamed-1-421x280.jpg 421w\" sizes=\"auto, (max-width: 512px) 100vw, 512px\" \/><\/figure><div class=\"wp-block-media-text__content\">\n<h5 class=\"wp-block-heading\">Le acque<\/h5>\n\n\n\n<p style=\"font-size:12px\">Il territorio \u00e8 ricco di sorgenti di acque freschissime, la pi\u00f9 famosa, per l\u2019omonima acqua minerale, \u00e8 la sorgente della Rocchetta che sgorga dalla montagna gualdese. Altre sorgenti presenti sul territorio sono la sorgente di Capodacqua nei pressi della quale sorgeva l\u2019antico romitorio dei Santi Gervasio e Protasio. Altra importante sorgente \u00e8 quella di&nbsp;<a href=\"https:\/\/turismo.tadino.it\/eremo-di-santo-marzio-gualdo-tadino\/\">Santo Marzio<\/a>&nbsp;che alimenta l\u2019acquedotto cittadino, dotata di un\u2019ombreggiata zona pic-nic.<\/p>\n<\/div><\/div>\n","protected":false},"excerpt":{"rendered":"<p>Il paesaggio di Gualdo Tadino \u00e8 dominato dalla dorsale appenninica, caratterizzata da un notevole patrimonio naturalistico e ambientale, costituito da boschi e pinete, ampie distese &hellip;<\/p>\n","protected":false},"author":2,"featured_media":0,"parent":0,"menu_order":0,"comment_status":"closed","ping_status":"closed","template":"","meta":{"footnotes":""},"class_list":["post-1435","page","type-page","status-publish","hentry"],"jetpack-related-posts":[{"id":32,"url":"https:\/\/caigualdotadino.it\/?page_id=32","url_meta":{"origin":1435,"position":0},"title":"Web Cam Serrasanta &#8211; Monte Maggio","author":"pigiax","date":"26 Febbraio 2011","format":false,"excerpt":"Dati meteo Rifugio Monte Maggio - Valsorda Aggiorna Rifugio Monte Maggio By Scenaridigitali.com \u00a0 Timelapse giornaliero Rifugio Monte Maggio Webcam Serrasanta By Scenaridigitali.com Dati meteo Monte Serrasanta a cura di vololiberoserrasanta.it \u00a0 \u00a0 \u00a0","rel":"","context":"In &quot;senza categoria&quot;","block_context":{"text":"senza categoria","link":"https:\/\/caigualdotadino.it\/?cat=1"},"img":{"alt_text":"","src":"","width":0,"height":0},"classes":[]},{"id":3,"url":"https:\/\/caigualdotadino.it\/?page_id=3","url_meta":{"origin":1435,"position":1},"title":"Commissione Rifugio Monte Maggio","author":"pigiax","date":"25 Febbraio 2011","format":false,"excerpt":"Commissione Rifugio Monte Maggio \u00a0 Antico rifugio per pastori, ristrutturato con un finanziamento della Provincia e dell\u2019Amministrazione Comunale attualmente di propriet\u00e0 comunale \u00e8 dato in gestione alla sezione CAI di Gualdo Tadino. Disposto su due piani dotato di cucina, ampio salone, servizi igienici con doccia e acqua calda, ripostiglio, due\u2026","rel":"","context":"In &quot;senza categoria&quot;","block_context":{"text":"senza categoria","link":"https:\/\/caigualdotadino.it\/?cat=1"},"img":{"alt_text":"","src":"https:\/\/i0.wp.com\/caigualdotadino.it\/wp-content\/uploads\/2025\/12\/Immagine-WhatsApp-2025-12-15-ore-21.02.29_e18f8d5f.jpg?resize=350%2C200&ssl=1","width":350,"height":200,"srcset":"https:\/\/i0.wp.com\/caigualdotadino.it\/wp-content\/uploads\/2025\/12\/Immagine-WhatsApp-2025-12-15-ore-21.02.29_e18f8d5f.jpg?resize=350%2C200&ssl=1 1x, https:\/\/i0.wp.com\/caigualdotadino.it\/wp-content\/uploads\/2025\/12\/Immagine-WhatsApp-2025-12-15-ore-21.02.29_e18f8d5f.jpg?resize=525%2C300&ssl=1 1.5x, https:\/\/i0.wp.com\/caigualdotadino.it\/wp-content\/uploads\/2025\/12\/Immagine-WhatsApp-2025-12-15-ore-21.02.29_e18f8d5f.jpg?resize=700%2C400&ssl=1 2x"},"classes":[]},{"id":16,"url":"https:\/\/caigualdotadino.it\/?page_id=16","url_meta":{"origin":1435,"position":2},"title":"Rifugio CAI Monte Maggio","author":"pigiax","date":"25 Febbraio 2011","format":false,"excerpt":"Antico rifugio per pastori, situato a circa 1033 m s.l.m. in un\u2019incantevole posizione alle pendici del monte Maggio da cui si gode una bella visione della Valsorda, \u00e8 stato ristrutturato con un finanziamento della Provincia e dell\u2019Amministrazione Comunale attualmente di propriet\u00e0 comunale e dato in gestione alla sezione CAI di\u2026","rel":"","context":"In &quot;senza categoria&quot;","block_context":{"text":"senza categoria","link":"https:\/\/caigualdotadino.it\/?cat=1"},"img":{"alt_text":"03062011586","src":"https:\/\/i0.wp.com\/caigualdotadino.it\/wp-content\/uploads\/2011\/02\/03062011586-scaled.jpg?resize=350%2C200&ssl=1","width":350,"height":200,"srcset":"https:\/\/i0.wp.com\/caigualdotadino.it\/wp-content\/uploads\/2011\/02\/03062011586-scaled.jpg?resize=350%2C200&ssl=1 1x, https:\/\/i0.wp.com\/caigualdotadino.it\/wp-content\/uploads\/2011\/02\/03062011586-scaled.jpg?resize=525%2C300&ssl=1 1.5x, https:\/\/i0.wp.com\/caigualdotadino.it\/wp-content\/uploads\/2011\/02\/03062011586-scaled.jpg?resize=700%2C400&ssl=1 2x, https:\/\/i0.wp.com\/caigualdotadino.it\/wp-content\/uploads\/2011\/02\/03062011586-scaled.jpg?resize=1050%2C600&ssl=1 3x, https:\/\/i0.wp.com\/caigualdotadino.it\/wp-content\/uploads\/2011\/02\/03062011586-scaled.jpg?resize=1400%2C800&ssl=1 4x"},"classes":[]},{"id":4657,"url":"https:\/\/caigualdotadino.it\/?page_id=4657","url_meta":{"origin":1435,"position":3},"title":"2012","author":"Antonella Recchioni","date":"17 Ottobre 2021","format":false,"excerpt":"Mostra micologica 27\/11\/2012 Sorgenti del Giano 23\/11\/2012 Bosco dei Folletti 09\/09\/2012 Raduno Regionale 24\/06\/2012 Monte Maggio 04\/03\/2012 Monte le Gronde 14\/01\/2012 Prima uscita 2012 07\/01\/2012 Ciaspolata 08\/01\/2012","rel":"","context":"Articolo simile","block_context":{"text":"Articolo simile","link":""},"img":{"alt_text":"","src":"https:\/\/i0.wp.com\/caigualdotadino.it\/wp-content\/uploads\/2021\/03\/dsc_6304r-1.png?resize=350%2C200&ssl=1","width":350,"height":200,"srcset":"https:\/\/i0.wp.com\/caigualdotadino.it\/wp-content\/uploads\/2021\/03\/dsc_6304r-1.png?resize=350%2C200&ssl=1 1x, https:\/\/i0.wp.com\/caigualdotadino.it\/wp-content\/uploads\/2021\/03\/dsc_6304r-1.png?resize=525%2C300&ssl=1 1.5x, https:\/\/i0.wp.com\/caigualdotadino.it\/wp-content\/uploads\/2021\/03\/dsc_6304r-1.png?resize=700%2C400&ssl=1 2x"},"classes":[]},{"id":2663,"url":"https:\/\/caigualdotadino.it\/?page_id=2663","url_meta":{"origin":1435,"position":4},"title":"La nostra storia","author":"Antonella Recchioni","date":"16 Aprile 2021","format":false,"excerpt":"Dalle origini ad oggi La sezione CAI di Gualdo Tadino venne fondata ufficialmente il 4 aprile 1987. Ma in quella data ci fu soltanto la codificazione di un movimento che era gi\u00e0 piuttosto consistente perch\u00e9 aveva avuto una lunga gestazione nel CAI di Fabriano. Antesignano era stato Mario Giubilei, maestro\u2026","rel":"","context":"In &quot;4 - ARCHIVIO&quot;","block_context":{"text":"4 - ARCHIVIO","link":"https:\/\/caigualdotadino.it\/?cat=34"},"img":{"alt_text":"","src":"https:\/\/i0.wp.com\/caigualdotadino.it\/wp-content\/uploads\/2021\/04\/Immagine4.jpg?resize=350%2C200&ssl=1","width":350,"height":200,"srcset":"https:\/\/i0.wp.com\/caigualdotadino.it\/wp-content\/uploads\/2021\/04\/Immagine4.jpg?resize=350%2C200&ssl=1 1x, https:\/\/i0.wp.com\/caigualdotadino.it\/wp-content\/uploads\/2021\/04\/Immagine4.jpg?resize=525%2C300&ssl=1 1.5x"},"classes":[]},{"id":4651,"url":"https:\/\/caigualdotadino.it\/?page_id=4651","url_meta":{"origin":1435,"position":5},"title":"2013","author":"Antonella Recchioni","date":"17 Ottobre 2021","format":false,"excerpt":"Settimana bianca 2013 (Soraga di Fassa) Terminillo 10\/02\/2013 Monte lo Spicchio 27\/10\/2013","rel":"","context":"Articolo simile","block_context":{"text":"Articolo simile","link":""},"img":{"alt_text":"","src":"https:\/\/i0.wp.com\/caigualdotadino.it\/wp-content\/uploads\/2021\/03\/settimana-bianca-024.jpg?resize=350%2C200&ssl=1","width":350,"height":200},"classes":[]}],"jetpack_sharing_enabled":true,"_links":{"self":[{"href":"https:\/\/caigualdotadino.it\/index.php?rest_route=\/wp\/v2\/pages\/1435","targetHints":{"allow":["GET"]}}],"collection":[{"href":"https:\/\/caigualdotadino.it\/index.php?rest_route=\/wp\/v2\/pages"}],"about":[{"href":"https:\/\/caigualdotadino.it\/index.php?rest_route=\/wp\/v2\/types\/page"}],"author":[{"embeddable":true,"href":"https:\/\/caigualdotadino.it\/index.php?rest_route=\/wp\/v2\/users\/2"}],"replies":[{"embeddable":true,"href":"https:\/\/caigualdotadino.it\/index.php?rest_route=%2Fwp%2Fv2%2Fcomments&post=1435"}],"version-history":[{"count":21,"href":"https:\/\/caigualdotadino.it\/index.php?rest_route=\/wp\/v2\/pages\/1435\/revisions"}],"predecessor-version":[{"id":1462,"href":"https:\/\/caigualdotadino.it\/index.php?rest_route=\/wp\/v2\/pages\/1435\/revisions\/1462"}],"wp:attachment":[{"href":"https:\/\/caigualdotadino.it\/index.php?rest_route=%2Fwp%2Fv2%2Fmedia&parent=1435"}],"curies":[{"name":"wp","href":"https:\/\/api.w.org\/{rel}","templated":true}]}}