{"id":11530,"date":"2025-12-23T13:40:16","date_gmt":"2025-12-23T12:40:16","guid":{"rendered":"https:\/\/caigualdotadino.it\/?page_id=11530"},"modified":"2026-01-28T17:39:02","modified_gmt":"2026-01-28T16:39:02","slug":"organi-sezionali-2","status":"publish","type":"page","link":"https:\/\/caigualdotadino.it\/?page_id=11530","title":{"rendered":"Commissioni sezionali"},"content":{"rendered":"\n<h2 class=\"wp-block-heading has-text-align-center\">Commissioni sezionali<\/h2>\n\n\n\n<div style=\"height:54px\" aria-hidden=\"true\" class=\"wp-block-spacer\"><\/div>\n\n\n<div class=\"wp-block-image\">\n<figure class=\"alignleft size-full is-resized\"><img loading=\"lazy\" decoding=\"async\" width=\"1024\" height=\"1020\" src=\"https:\/\/caigualdotadino.it\/wp-content\/uploads\/2025\/12\/Immagine-WhatsApp-2025-12-15-ore-21.02.30_5448b0c6.jpg\" alt=\"\" class=\"wp-image-11501\" style=\"aspect-ratio:1.0039383875974166;width:200px;height:auto\" srcset=\"https:\/\/caigualdotadino.it\/wp-content\/uploads\/2025\/12\/Immagine-WhatsApp-2025-12-15-ore-21.02.30_5448b0c6.jpg 1024w, https:\/\/caigualdotadino.it\/wp-content\/uploads\/2025\/12\/Immagine-WhatsApp-2025-12-15-ore-21.02.30_5448b0c6-300x300.jpg 300w, https:\/\/caigualdotadino.it\/wp-content\/uploads\/2025\/12\/Immagine-WhatsApp-2025-12-15-ore-21.02.30_5448b0c6-150x150.jpg 150w, https:\/\/caigualdotadino.it\/wp-content\/uploads\/2025\/12\/Immagine-WhatsApp-2025-12-15-ore-21.02.30_5448b0c6-768x765.jpg 768w, https:\/\/caigualdotadino.it\/wp-content\/uploads\/2025\/12\/Immagine-WhatsApp-2025-12-15-ore-21.02.30_5448b0c6-301x300.jpg 301w\" sizes=\"auto, (max-width: 1024px) 100vw, 1024px\" \/><\/figure>\n<\/div>\n\n\n<p><strong>La commissione escursione<\/strong> provvede alla stesura del calendario escursionistico annuale cercando di favorire la conoscenza e la salvaguardia di tutti gli ambienti naturali. L\u2019escursionismo \u00e8 concepito come occasione per favorire la conoscenza della natura, della fauna, della flora, della coltura dei popoli, il rispetto della montagna con tutte le sue regole e non ultimo la profonda conoscenza di se stessi.<\/p>\n\n\n\n<p>Vengono cos\u00ec ogni anno programmate escursioni sulle nostre montagne, su alte vie, con le scuole, con i giovani d\u2019estate, trenotrekking, ecc\u2026 Merita un particolare ricordo il trenotrekking che nel 1998 ha portato sui monti gualdesi circa 1000 escursionisti per dimostrare solidariet\u00e0 alle popolazioni colpite dal sisma del 1997.<\/p>\n\n\n\n<p><mark style=\"background-color:rgba(0, 0, 0, 0)\" class=\"has-inline-color has-headings-color\"><strong>Referenti<\/strong>: <\/mark>Marco Scassellati, Riccardo Serroni e Angelo Santarelli coordinatore settimana verde e settimana bianca<\/p>\n\n\n\n<hr class=\"wp-block-separator has-alpha-channel-opacity is-style-wide\"\/>\n\n\n<div class=\"wp-block-image\">\n<figure class=\"alignleft size-full is-resized\"><img loading=\"lazy\" decoding=\"async\" width=\"1024\" height=\"1024\" src=\"https:\/\/caigualdotadino.it\/wp-content\/uploads\/2025\/12\/Immagine-WhatsApp-2025-12-15-ore-21.02.29_ce0d1007.jpg\" alt=\"\" class=\"wp-image-11493\" style=\"aspect-ratio:1.0039383875974166;object-fit:cover;width:200px\" srcset=\"https:\/\/caigualdotadino.it\/wp-content\/uploads\/2025\/12\/Immagine-WhatsApp-2025-12-15-ore-21.02.29_ce0d1007.jpg 1024w, https:\/\/caigualdotadino.it\/wp-content\/uploads\/2025\/12\/Immagine-WhatsApp-2025-12-15-ore-21.02.29_ce0d1007-300x300.jpg 300w, https:\/\/caigualdotadino.it\/wp-content\/uploads\/2025\/12\/Immagine-WhatsApp-2025-12-15-ore-21.02.29_ce0d1007-150x150.jpg 150w, https:\/\/caigualdotadino.it\/wp-content\/uploads\/2025\/12\/Immagine-WhatsApp-2025-12-15-ore-21.02.29_ce0d1007-768x768.jpg 768w\" sizes=\"auto, (max-width: 1024px) 100vw, 1024px\" \/><\/figure>\n<\/div>\n\n\n<p><strong>La commissione sentieristica<\/strong> provvede ad istituire e mantenere una segnaletica adeguata dei sentieri per favorire la conoscenza della montagne locali. Ultimamente \u00e8 stata realizzata dalla Sezione CAI di Gualdo Tadino, la carta dei sentieri della nostre montagne, dove si pu\u00f2 trovare una dettagliata descrizione dei sentieri con relativa numerazione. Il Sentiero Italia attraversa tutto il nostro territorio da sud a nord.<\/p>\n\n\n\n<p>La carta dei Sentieri Gualdese \u00e8 reperibili presso la nostra sede in piazza Giuseppe Garibaldi 3.<\/p>\n\n\n\n<p><\/p>\n\n\n\n<p><strong><mark style=\"background-color:rgba(0, 0, 0, 0)\" class=\"has-inline-color has-headings-color\">Referenti:<\/mark> <\/strong>Mariano Cabras &#8211; Pierdomenico Matarazzi &#8211; Franco Palazzoni<\/p>\n\n\n\n<hr class=\"wp-block-separator has-alpha-channel-opacity is-style-wide\"\/>\n\n\n<div class=\"wp-block-image\">\n<figure class=\"alignleft size-full is-resized\"><img loading=\"lazy\" decoding=\"async\" width=\"1012\" height=\"1024\" src=\"https:\/\/caigualdotadino.it\/wp-content\/uploads\/2025\/12\/Immagine-WhatsApp-2025-12-15-ore-21.02.29_ca335a1a.jpg\" alt=\"\" class=\"wp-image-11497\" style=\"aspect-ratio:0.9882868970955447;object-fit:cover;width:200px\" srcset=\"https:\/\/caigualdotadino.it\/wp-content\/uploads\/2025\/12\/Immagine-WhatsApp-2025-12-15-ore-21.02.29_ca335a1a.jpg 1012w, https:\/\/caigualdotadino.it\/wp-content\/uploads\/2025\/12\/Immagine-WhatsApp-2025-12-15-ore-21.02.29_ca335a1a-296x300.jpg 296w, https:\/\/caigualdotadino.it\/wp-content\/uploads\/2025\/12\/Immagine-WhatsApp-2025-12-15-ore-21.02.29_ca335a1a-768x777.jpg 768w\" sizes=\"auto, (max-width: 1012px) 100vw, 1012px\" \/><\/figure>\n<\/div>\n\n\n<p><strong>La commissione T.A.M.<\/strong> riveste un ruolo fondamentale nell\u2019ambito del CAI: si occupa della tutela dell\u2019ambiente montano. Il documento che il CAI centrale ha stilato per descriverla \u00e8 molto chiaro e ne definisce con esattezza il senso: \u201cCommissione Centrale per la Tutela dell\u2019Ambiente Montano<\/p>\n\n\n\n<p>Il primo articolo dello Statuto del CAI parla chiaro: oltre alla conoscenza e allo studio delle montagne, sancisce \u201cla difesa del loro ambiente naturale\u201d. Questa esigenza \u00e8 talmente ovvia che non ci sarebbe bisogno nemmeno di ancorarla alla nostra \u201ccostituzione\u201d. Deve fare parte di noi, del nostro cuore e della nostra intelligenza. Insomma, deve sostanziare tutta la nostra attivit\u00e0, non solo in montagna. Inoltre il CAI ha approvato un \u201d bidecalogo\u201d che contiene una serie di concetti da attuare concretamente per la tutela delle montagne. Il loro ambiente \u00e8 complesso e indagato. Va amato e rispettato. Purtroppo assistiamo ad un continuo degrado, che avviene in mille modi, compromettendo la natura anche per il futuro.<\/p>\n\n\n\n<p>Il CAI dispone di un organo tecnico specifico: la commissione centrale tutela ambiente montano (TAM).<\/p>\n\n\n\n<p>Essa fornisce tutte le informazioni necessarie per opporsi alle iniziative che minacciano l\u2019integrit\u00e0 del territorio montano e cerca di promuovere una valida cultura ambientale tra i soci. E\u2019 importante inoltre favorire la collaborazione con gli Enti locali e con le scuole. Per questo la commissione organizza anche corsi di aggiornamento degli insegnanti. Inoltre collabora con altre commissioni centrali (alpinismo giovanile, escursionismo, ecc.) e coordina l\u2019attivit\u00e0 delle commissioni regionali.\u201d<\/p>\n\n\n\n<p>A Gualdo in questi anni la commissione si \u00e8 occupata della manutenzione e del recupero di alcune della bellezze naturali del nostro territorio, ha organizzato conferenze sull\u2019ambiente, escursioni con le scuole, insieme a Comune di Gualdo Tadino e Comunit\u00e0 Montana diverse feste degli alberi risanando pi\u00f9 cave dismesse, ecc.<\/p>\n\n\n\n<p><mark style=\"background-color:rgba(0, 0, 0, 0)\" class=\"has-inline-color has-headings-color\"><strong>Referenti:<\/strong><\/mark> Mauro Tavone &#8211;  Christian Severini<\/p>\n\n\n\n<hr class=\"wp-block-separator has-alpha-channel-opacity is-style-wide\"\/>\n\n\n<div class=\"wp-block-image\">\n<figure class=\"alignleft size-full is-resized\"><img loading=\"lazy\" decoding=\"async\" width=\"1024\" height=\"1024\" src=\"https:\/\/caigualdotadino.it\/wp-content\/uploads\/2025\/12\/Immagine-WhatsApp-2025-12-15-ore-21.02.29_53b5bc3e.jpg\" alt=\"\" class=\"wp-image-11491\" style=\"width:200px\" srcset=\"https:\/\/caigualdotadino.it\/wp-content\/uploads\/2025\/12\/Immagine-WhatsApp-2025-12-15-ore-21.02.29_53b5bc3e.jpg 1024w, https:\/\/caigualdotadino.it\/wp-content\/uploads\/2025\/12\/Immagine-WhatsApp-2025-12-15-ore-21.02.29_53b5bc3e-300x300.jpg 300w, https:\/\/caigualdotadino.it\/wp-content\/uploads\/2025\/12\/Immagine-WhatsApp-2025-12-15-ore-21.02.29_53b5bc3e-150x150.jpg 150w, https:\/\/caigualdotadino.it\/wp-content\/uploads\/2025\/12\/Immagine-WhatsApp-2025-12-15-ore-21.02.29_53b5bc3e-768x768.jpg 768w\" sizes=\"auto, (max-width: 1024px) 100vw, 1024px\" \/><\/figure>\n<\/div>\n\n\n<p><strong>Commissione Rifugio<\/strong>: Antico rifugio per pastori, ristrutturato con un finanziamento della Provincia e dell\u2019Amministrazione Comunale attualmente di propriet\u00e0 comunale \u00e8 dato in gestione alla sezione CAI di Gualdo Tadino. Disposto su due piani dotato di cucina, ampio salone, servizi igienici con doccia e acqua calda, ripostiglio, due camerate da letto per un totale di 25 posti, \u00e8 punto tappa del Sentiero Italia. Situato a circa 1033 m s.l.m. in un\u2019incantevole posizione alle pendici del monte Maggio da cui si gode una bella visione della Valsorda.<\/p>\n\n\n\n<p>Uno dei servizi pi\u00f9 importanti che svolge la sezione di Gualdo \u00e8 la gestione di questo rifugio, ormai noto come rifugio CAI.. Frequentato mediamente ogni anno da circa 1500 persone \u00e8 spesso meta finale delle escursioni programmate sui monti circostanti sia dalla nostra che da altre sezioni.<\/p>\n\n\n\n<hr class=\"wp-block-separator has-alpha-channel-opacity is-style-wide\"\/>\n\n\n<div class=\"wp-block-image\">\n<figure class=\"alignleft size-full is-resized\"><img loading=\"lazy\" decoding=\"async\" width=\"1024\" height=\"1024\" src=\"https:\/\/caigualdotadino.it\/wp-content\/uploads\/2025\/12\/Immagine-WhatsApp-2025-12-15-ore-21.02.29_ff79110c.jpg\" alt=\"\" class=\"wp-image-11494\" style=\"width:200px\" srcset=\"https:\/\/caigualdotadino.it\/wp-content\/uploads\/2025\/12\/Immagine-WhatsApp-2025-12-15-ore-21.02.29_ff79110c.jpg 1024w, https:\/\/caigualdotadino.it\/wp-content\/uploads\/2025\/12\/Immagine-WhatsApp-2025-12-15-ore-21.02.29_ff79110c-300x300.jpg 300w, https:\/\/caigualdotadino.it\/wp-content\/uploads\/2025\/12\/Immagine-WhatsApp-2025-12-15-ore-21.02.29_ff79110c-150x150.jpg 150w, https:\/\/caigualdotadino.it\/wp-content\/uploads\/2025\/12\/Immagine-WhatsApp-2025-12-15-ore-21.02.29_ff79110c-768x768.jpg 768w\" sizes=\"auto, (max-width: 1024px) 100vw, 1024px\" \/><\/figure>\n<\/div>\n\n\n<p><strong>Commissione Scuola<\/strong>: Questo progetto del CAI ha lo scopo di offrire ai giovani opportunit\u00e0 formative e didattici per incammirsi nell&#8217;educazione ambientale.<\/p>\n\n\n\n<p class=\"has-text-align-left\">Il progetto nasce dalla collaborazione del referente del progetto prof. Claudio Parlanti dell\u2019<strong>Istituto Superiore \u201cSigismondi\u201d di Nocera Umbra<\/strong>&nbsp;e il presidente Franco Palazzoni del&nbsp;<strong>C.A.I. Club Alpino Italiano \u2013 Sezione di Gualdo Tadino<\/strong>, per avvicinare i giovani studenti, futuri cittadini dei nostri territori, alla secolare \u201cCULTURA DELLA MONTAGNA\u201d e alle attivit\u00e0 che vi si svolgono.<\/p>\n\n\n\n<p>Inoltre abbiamo progetti  anche con le scuole del territorio, scuola superiore di Nocera Umbra, scuole superiori\/elementari di Gualdo Tadino.<\/p>\n\n\n\n<p class=\"has-text-align-left\"><strong><mark style=\"background-color:rgba(0, 0, 0, 0)\" class=\"has-inline-color has-headings-color\">Referente:<\/mark><\/strong> Claudio Parlanti   <strong> Componenti:<\/strong> Serroni Riccardo &#8211; Anastasi Daniela &#8211;  Sabbatini Lucia.<\/p>\n\n\n\n<hr class=\"wp-block-separator has-alpha-channel-opacity is-style-wide\"\/>\n\n\n<div class=\"wp-block-image\">\n<figure class=\"alignleft size-full is-resized\"><img loading=\"lazy\" decoding=\"async\" width=\"1024\" height=\"1024\" src=\"https:\/\/caigualdotadino.it\/wp-content\/uploads\/2025\/12\/Immagine-WhatsApp-2025-12-15-ore-21.02.29_3083e67f.jpg\" alt=\"\" class=\"wp-image-11492\" style=\"width:200px\" srcset=\"https:\/\/caigualdotadino.it\/wp-content\/uploads\/2025\/12\/Immagine-WhatsApp-2025-12-15-ore-21.02.29_3083e67f.jpg 1024w, https:\/\/caigualdotadino.it\/wp-content\/uploads\/2025\/12\/Immagine-WhatsApp-2025-12-15-ore-21.02.29_3083e67f-300x300.jpg 300w, https:\/\/caigualdotadino.it\/wp-content\/uploads\/2025\/12\/Immagine-WhatsApp-2025-12-15-ore-21.02.29_3083e67f-150x150.jpg 150w, https:\/\/caigualdotadino.it\/wp-content\/uploads\/2025\/12\/Immagine-WhatsApp-2025-12-15-ore-21.02.29_3083e67f-768x768.jpg 768w\" sizes=\"auto, (max-width: 1024px) 100vw, 1024px\" \/><\/figure>\n<\/div>\n\n\n<p class=\"has-text-align-left\"><strong>La Commissione Alpinismo<\/strong> istituita nel 1937, ha lo scopo di promuovere e favorire lo sviluppo dell\u2019Alpinismo, dello Scialpinismo, dell\u2019Arrampicata Libera e dello Sci Fondo Escursionismo, in tutti i loro aspetti tecnici e culturali, con particolare attenzione ai problemi della prevenzione degli infortuni.<\/p>\n\n\n\n<p class=\"has-text-align-left\">La Commissione Regionale Scuole di Alpinismo Scialpinismo e Arrampicata Libera del TAA (CRSASA\u2019TAA) agisce sul territorio in accordo con le direttive della Commissione Nazionale Scuole di Alpinismo e Scialpinismo (CNSASA), verificando costantemente l\u2019attivit\u00e0 delle Scuole Sezionali mediante il rilascio dei Nulla Osta e la verifica delle Relazioni di fine Corso.<\/p>\n\n\n\n<p>Coordina inoltre l\u2019attivit\u00e0 didattica della Scuola Regionale di Alpinismo (SRA), rivolta essenzialmente a supporto delle Scuole Sezionali, ai Corsi\/Esame per Istruttori Regionali, agli aggiornamenti degli Istruttori Regionali e, su mandato della Commissione Nazionale, anche degli Istruttori Nazionali.<\/p>\n\n\n\n<p>I suoi componenti sono eletti dall\u2019assemblea degli Istruttori del TAA sulla base delle candidature espresse dalle singole Scuole Sezionali in modo da garantire che tutte le realt\u00e0 presenti sul territorio regionale siano adeguatamente rappresentate.<\/p>\n\n\n\n<p><mark style=\"background-color:rgba(0, 0, 0, 0)\" class=\"has-inline-color has-headings-color\"><strong>Referenti:<\/strong><\/mark>  Capoccia Cesare &#8211; Gatti Michele &#8211;  Daniele Galiotto &#8211;  Fabio Ippoliti &#8211; Enrico Bazzucchi<\/p>\n\n\n\n<hr class=\"wp-block-separator has-alpha-channel-opacity is-style-wide\"\/>\n\n\n<div class=\"wp-block-image\">\n<figure class=\"alignleft size-full is-resized\"><img loading=\"lazy\" decoding=\"async\" width=\"1024\" height=\"1024\" src=\"https:\/\/caigualdotadino.it\/wp-content\/uploads\/2025\/12\/Immagine-WhatsApp-2025-12-15-ore-21.02.29_2e9dbb46.jpg\" alt=\"\" class=\"wp-image-11496\" style=\"width:200px\" srcset=\"https:\/\/caigualdotadino.it\/wp-content\/uploads\/2025\/12\/Immagine-WhatsApp-2025-12-15-ore-21.02.29_2e9dbb46.jpg 1024w, https:\/\/caigualdotadino.it\/wp-content\/uploads\/2025\/12\/Immagine-WhatsApp-2025-12-15-ore-21.02.29_2e9dbb46-300x300.jpg 300w, https:\/\/caigualdotadino.it\/wp-content\/uploads\/2025\/12\/Immagine-WhatsApp-2025-12-15-ore-21.02.29_2e9dbb46-150x150.jpg 150w, https:\/\/caigualdotadino.it\/wp-content\/uploads\/2025\/12\/Immagine-WhatsApp-2025-12-15-ore-21.02.29_2e9dbb46-768x768.jpg 768w\" sizes=\"auto, (max-width: 1024px) 100vw, 1024px\" \/><\/figure>\n<\/div>\n\n\n<p class=\"has-text-align-left\"><strong>La Commissione di Arrampicata Sportiva<\/strong> si occupa di divulgare la tecnica di arrampicata ai ragazzi in parete artificiale nelle palestre di Gualdo e Sigillo.<\/p>\n\n\n\n<p><\/p>\n\n\n\n<p><\/p>\n\n\n\n<p><\/p>\n\n\n\n<p><mark style=\"background-color:rgba(0, 0, 0, 0)\" class=\"has-inline-color has-headings-color\"><strong>Referenti: <\/strong><\/mark>Arnaldo Polidoro &#8211; Andrea Angeletti &#8211; Mauro Berardi<\/p>\n","protected":false},"excerpt":{"rendered":"<p>Commissioni sezionali La commissione escursione provvede alla stesura del calendario escursionistico annuale cercando di favorire la conoscenza e la salvaguardia di tutti gli ambienti naturali. &hellip;<\/p>\n","protected":false},"author":2,"featured_media":0,"parent":0,"menu_order":0,"comment_status":"closed","ping_status":"closed","template":"","meta":{"footnotes":""},"class_list":["post-11530","page","type-page","status-publish","hentry"],"jetpack-related-posts":[{"id":5,"url":"https:\/\/caigualdotadino.it\/?page_id=5","url_meta":{"origin":11530,"position":0},"title":"Commissione Escursionismo","author":"pigiax","date":"25 Febbraio 2011","format":false,"excerpt":"Commissione escursionismo \u00a0 Questa commissione provvede alla stesura del calendario escursionistico annuale cercando di favorire la conoscenza e la salvaguardia di tutti gli ambienti naturali. L\u2019escursionismo \u00e8 concepito come occasione per favorire la conoscenza della natura, della fauna, della flora, della coltura dei popoli, il rispetto della montagna con tutte\u2026","rel":"","context":"In &quot;senza categoria&quot;","block_context":{"text":"senza categoria","link":"https:\/\/caigualdotadino.it\/?cat=1"},"img":{"alt_text":"","src":"https:\/\/i0.wp.com\/caigualdotadino.it\/wp-content\/uploads\/2025\/12\/Immagine-WhatsApp-2025-12-15-ore-21.02.28_7b7ff687.jpg?resize=350%2C200&ssl=1","width":350,"height":200,"srcset":"https:\/\/i0.wp.com\/caigualdotadino.it\/wp-content\/uploads\/2025\/12\/Immagine-WhatsApp-2025-12-15-ore-21.02.28_7b7ff687.jpg?resize=350%2C200&ssl=1 1x, https:\/\/i0.wp.com\/caigualdotadino.it\/wp-content\/uploads\/2025\/12\/Immagine-WhatsApp-2025-12-15-ore-21.02.28_7b7ff687.jpg?resize=525%2C300&ssl=1 1.5x, https:\/\/i0.wp.com\/caigualdotadino.it\/wp-content\/uploads\/2025\/12\/Immagine-WhatsApp-2025-12-15-ore-21.02.28_7b7ff687.jpg?resize=700%2C400&ssl=1 2x"},"classes":[]},{"id":7,"url":"https:\/\/caigualdotadino.it\/?page_id=7","url_meta":{"origin":11530,"position":1},"title":"Commissione Sentieristica","author":"pigiax","date":"25 Febbraio 2011","format":false,"excerpt":"Commissione Sentieristica Questa commissione provvede ad istituire e mantenere una segnaletica adeguata dei sentieri per favorire la conoscenza della montagne locali. Ultimamente \u00e8 stata realizzata dal Comune di Gualdo Tadino in collaborazione con la sez. CAI di Gualdo Tadino, la carta dei sentieri della nostre montagne, dove si pu\u00f2 trovare\u2026","rel":"","context":"In &quot;senza categoria&quot;","block_context":{"text":"senza categoria","link":"https:\/\/caigualdotadino.it\/?cat=1"},"img":{"alt_text":"","src":"https:\/\/i0.wp.com\/caigualdotadino.it\/wp-content\/uploads\/2025\/12\/Immagine-WhatsApp-2025-12-15-ore-21.02.29_171b9db6.jpg?resize=350%2C200&ssl=1","width":350,"height":200,"srcset":"https:\/\/i0.wp.com\/caigualdotadino.it\/wp-content\/uploads\/2025\/12\/Immagine-WhatsApp-2025-12-15-ore-21.02.29_171b9db6.jpg?resize=350%2C200&ssl=1 1x, https:\/\/i0.wp.com\/caigualdotadino.it\/wp-content\/uploads\/2025\/12\/Immagine-WhatsApp-2025-12-15-ore-21.02.29_171b9db6.jpg?resize=525%2C300&ssl=1 1.5x, https:\/\/i0.wp.com\/caigualdotadino.it\/wp-content\/uploads\/2025\/12\/Immagine-WhatsApp-2025-12-15-ore-21.02.29_171b9db6.jpg?resize=700%2C400&ssl=1 2x"},"classes":[]},{"id":8,"url":"https:\/\/caigualdotadino.it\/?page_id=8","url_meta":{"origin":11530,"position":2},"title":"Commissione Tutela Ambiente Montano (TAM)","author":"pigiax","date":"25 Febbraio 2011","format":false,"excerpt":"Commissione T A M Questa commissione riveste un ruolo fondamentale nell\u2019ambito del CAI: si occupa della tutela dell\u2019ambiente montano. Il documento che il CAI centrale ha stilato per descriverla \u00e8 molto chiaro e ne definisce con esattezza il senso: \u201cCommissione Centrale per la Tutela dell'Ambiente Montano Il primo articolo dello\u2026","rel":"","context":"In &quot;senza categoria&quot;","block_context":{"text":"senza categoria","link":"https:\/\/caigualdotadino.it\/?cat=1"},"img":{"alt_text":"","src":"","width":0,"height":0},"classes":[]},{"id":12,"url":"https:\/\/caigualdotadino.it\/?page_id=12","url_meta":{"origin":11530,"position":3},"title":"Organi della Scuola Intersezionale","author":"pigiax","date":"25 Febbraio 2011","format":false,"excerpt":"Direttore: Daniele Moretti - Istruttore Nazionale di Alpinismo Vice Direttore: Pier Luigi Meschini - Istruttore Regionale di Alpinismo Segretario: Sergio Gentili\u00a0- Istruttore Sezionale di Alpinismo Magazziniere: Marco Busciantella Ricci - Istruttore Sezionale di Alpinismo","rel":"","context":"In &quot;senza categoria&quot;","block_context":{"text":"senza categoria","link":"https:\/\/caigualdotadino.it\/?cat=1"},"img":{"alt_text":"","src":"","width":0,"height":0},"classes":[]},{"id":4,"url":"https:\/\/caigualdotadino.it\/?page_id=4","url_meta":{"origin":11530,"position":4},"title":"Commissione Alpinismo","author":"pigiax","date":"25 Febbraio 2011","format":false,"excerpt":"Commissione Alpinismo \u00a0 La montagna \u00e8 fatta per tutti, non solo per gli alpinisti; per coloro che desiderano il riposo nella quiete, come per coloro che cercano nella fatica un riposo ancora pi\u00f9 grande. Guido Rey Referenti: Michele Gatti Daniele Galiotto (SASU) Fabio Ippoliti","rel":"","context":"In &quot;senza categoria&quot;","block_context":{"text":"senza categoria","link":"https:\/\/caigualdotadino.it\/?cat=1"},"img":{"alt_text":"","src":"https:\/\/i0.wp.com\/caigualdotadino.it\/wp-content\/uploads\/2025\/12\/Immagine-WhatsApp-2025-12-15-ore-21.02.29_bfc5513d.jpg?resize=350%2C200&ssl=1","width":350,"height":200,"srcset":"https:\/\/i0.wp.com\/caigualdotadino.it\/wp-content\/uploads\/2025\/12\/Immagine-WhatsApp-2025-12-15-ore-21.02.29_bfc5513d.jpg?resize=350%2C200&ssl=1 1x, https:\/\/i0.wp.com\/caigualdotadino.it\/wp-content\/uploads\/2025\/12\/Immagine-WhatsApp-2025-12-15-ore-21.02.29_bfc5513d.jpg?resize=525%2C300&ssl=1 1.5x, https:\/\/i0.wp.com\/caigualdotadino.it\/wp-content\/uploads\/2025\/12\/Immagine-WhatsApp-2025-12-15-ore-21.02.29_bfc5513d.jpg?resize=700%2C400&ssl=1 2x"},"classes":[]},{"id":3,"url":"https:\/\/caigualdotadino.it\/?page_id=3","url_meta":{"origin":11530,"position":5},"title":"Commissione Rifugio Monte Maggio","author":"pigiax","date":"25 Febbraio 2011","format":false,"excerpt":"Commissione Rifugio Monte Maggio \u00a0 Antico rifugio per pastori, ristrutturato con un finanziamento della Provincia e dell\u2019Amministrazione Comunale attualmente di propriet\u00e0 comunale \u00e8 dato in gestione alla sezione CAI di Gualdo Tadino. Disposto su due piani dotato di cucina, ampio salone, servizi igienici con doccia e acqua calda, ripostiglio, due\u2026","rel":"","context":"In &quot;senza categoria&quot;","block_context":{"text":"senza categoria","link":"https:\/\/caigualdotadino.it\/?cat=1"},"img":{"alt_text":"","src":"https:\/\/i0.wp.com\/caigualdotadino.it\/wp-content\/uploads\/2025\/12\/Immagine-WhatsApp-2025-12-15-ore-21.02.29_e18f8d5f.jpg?resize=350%2C200&ssl=1","width":350,"height":200,"srcset":"https:\/\/i0.wp.com\/caigualdotadino.it\/wp-content\/uploads\/2025\/12\/Immagine-WhatsApp-2025-12-15-ore-21.02.29_e18f8d5f.jpg?resize=350%2C200&ssl=1 1x, https:\/\/i0.wp.com\/caigualdotadino.it\/wp-content\/uploads\/2025\/12\/Immagine-WhatsApp-2025-12-15-ore-21.02.29_e18f8d5f.jpg?resize=525%2C300&ssl=1 1.5x, https:\/\/i0.wp.com\/caigualdotadino.it\/wp-content\/uploads\/2025\/12\/Immagine-WhatsApp-2025-12-15-ore-21.02.29_e18f8d5f.jpg?resize=700%2C400&ssl=1 2x"},"classes":[]}],"jetpack_sharing_enabled":true,"_links":{"self":[{"href":"https:\/\/caigualdotadino.it\/index.php?rest_route=\/wp\/v2\/pages\/11530","targetHints":{"allow":["GET"]}}],"collection":[{"href":"https:\/\/caigualdotadino.it\/index.php?rest_route=\/wp\/v2\/pages"}],"about":[{"href":"https:\/\/caigualdotadino.it\/index.php?rest_route=\/wp\/v2\/types\/page"}],"author":[{"embeddable":true,"href":"https:\/\/caigualdotadino.it\/index.php?rest_route=\/wp\/v2\/users\/2"}],"replies":[{"embeddable":true,"href":"https:\/\/caigualdotadino.it\/index.php?rest_route=%2Fwp%2Fv2%2Fcomments&post=11530"}],"version-history":[{"count":6,"href":"https:\/\/caigualdotadino.it\/index.php?rest_route=\/wp\/v2\/pages\/11530\/revisions"}],"predecessor-version":[{"id":11897,"href":"https:\/\/caigualdotadino.it\/index.php?rest_route=\/wp\/v2\/pages\/11530\/revisions\/11897"}],"wp:attachment":[{"href":"https:\/\/caigualdotadino.it\/index.php?rest_route=%2Fwp%2Fv2%2Fmedia&parent=11530"}],"curies":[{"name":"wp","href":"https:\/\/api.w.org\/{rel}","templated":true}]}}