{"id":1073,"date":"2021-02-27T18:55:52","date_gmt":"2021-02-27T17:55:52","guid":{"rendered":"https:\/\/caigualdotadino.it\/?p=1073"},"modified":"2021-03-08T10:56:11","modified_gmt":"2021-03-08T09:56:11","slug":"georesq","status":"publish","type":"page","link":"https:\/\/caigualdotadino.it\/?page_id=1073","title":{"rendered":"GeoResQ"},"content":{"rendered":"\n<p>GeoResQ \u00e8 un servizio di geolocalizzazione e d\u2019inoltro delle richieste di soccorso dedicato a tutti i frequentatori della montagna ed agli amanti degli sport all\u2019aria aperta.<\/p>\n\n\n\n<p>Il servizio, gestito dal Corpo Nazionale Soccorso Alpino e Speleologico (CNSAS) e promosso dal Club Alpino Italiano (CAI), consente di determinare la propria posizione geografica, di effettuare il tracciamento in tempo reale delle proprie escursioni, garantisce l\u2019archiviazione dei propri percorsi sul portale dedicato, ed in caso di necessit\u00e0 l\u2019inoltro degli allarmi e delle richieste di soccorso attraverso la centrale operativa GeoResQ.<\/p>\n\n\n\n<p>GeoResQ vuole essere un valido aiuto per incrementare la sicurezza delle tue escursioni e per il rapido inoltro delle tue richieste d\u2019aiuto in caso di emergenza.<\/p>\n\n\n\n<p>GeoResQ con il servizio mette a disposizione il portale <a href=\"https:\/\/wp.georesq.it\/\" target=\"_blank\" rel=\"noreferrer noopener\">www.georesq.it<\/a> per la gestione dei propri dati personali, della cartografia e dei propri percorsi, un APP da installare sul proprio smartphone che consente di avviare le varie funzioni del servizio, ed una centrale operativa per la ricezione e l\u2019inoltro delle richieste d\u2019aiuto.<\/p>\n","protected":false},"excerpt":{"rendered":"<p>GeoResQ \u00e8 un servizio di geolocalizzazione e d\u2019inoltro delle richieste di soccorso dedicato a tutti i frequentatori della montagna ed agli amanti degli sport all\u2019aria &hellip;<\/p>\n","protected":false},"author":2,"featured_media":0,"parent":0,"menu_order":0,"comment_status":"closed","ping_status":"closed","template":"","meta":{"footnotes":""},"class_list":["post-1073","page","type-page","status-publish","hentry"],"jetpack-related-posts":[{"id":1068,"url":"https:\/\/caigualdotadino.it\/?page_id=1068","url_meta":{"origin":1073,"position":0},"title":"Assicurazione","author":"Antonella Recchioni","date":"27 Febbraio 2021","format":false,"excerpt":"L'adesione al CAI, oltre a consentire la partecipazione alle iniziative del sodalizio nelle modalit\u00e0 stabilite, garantisce tre coperture assicurative (Infortuni, RC e Soccorso Alpino) (circ. 16 \/ 2020) con distinzione, per Infortuni ed RC, tra eventi occorsi durante attivit\u00e0 \"sociale\" ed eventi occorsi durante attivit\u00e0 \"privata\": \u00a0\u00a0\u00a0\u00a0\u00a0\u00a0\u00a0\u00a0\u00a0\u00a0\u00a0\u00a0\u00a0\u00a0\u00a0\u00a0\u00a0\u00a0\u00a0\u00a0\u00a0\u00a0\u00a0\u00a0\u00a0\u00a0\u00a0\u00a0\u00a0\u00a0\u00a0\u00a0\u00a0\u00a0\u00a0\u00a0\u00a0\u00a0\u00a0\u00a0\u00a0\u00a0\u00a0 Eventi occorsi durante\u2026","rel":"","context":"In &quot;senza categoria&quot;","block_context":{"text":"senza categoria","link":"https:\/\/caigualdotadino.it\/?cat=1"},"img":{"alt_text":"","src":"","width":0,"height":0},"classes":[]},{"id":4109,"url":"https:\/\/caigualdotadino.it\/?page_id=4109","url_meta":{"origin":1073,"position":1},"title":"Iscriversi al CAI","author":"Antonella Recchioni","date":"13 Agosto 2021","format":false,"excerpt":"Tesseramento Nella quota \u00e8 compreso: soccorso alpino sconti nei rifugi CAI abbonamento alla rivista bimestrale \"La Rivista\" assicurazione infortunistica e contro terzi in tutte le attivit\u00e0 programmate dalla sezione convenzione con alcuni negozi della zona, consultare la pagina \"convenzioni e sconti soci\" Le quote sono: Soci ordinari 45,00 \u20ac Soci\u2026","rel":"","context":"Articolo simile","block_context":{"text":"Articolo simile","link":""},"img":{"alt_text":"","src":"","width":0,"height":0},"classes":[]},{"id":20,"url":"https:\/\/caigualdotadino.it\/?page_id=20","url_meta":{"origin":1073,"position":2},"title":"Regole da seguire","author":"pigiax","date":"26 Febbraio 2011","format":false,"excerpt":"Alcune Regole da Seguire Prima di affrontare un\u2019escursione, valuta le tue capacit\u00e0 e le difficolt\u00e0 cui puoi andare incontro, cerca di saperne il pi\u00f9 possibile leggendo bene la carta topografica e prendendo informazioni da guide del posto \u03c0reparati fisicamente e moralmente per sostenere gli sforzi che la montagna richiede e\u2026","rel":"","context":"In &quot;senza categoria&quot;","block_context":{"text":"senza categoria","link":"https:\/\/caigualdotadino.it\/?cat=1"},"img":{"alt_text":"","src":"","width":0,"height":0},"classes":[]},{"id":13,"url":"https:\/\/caigualdotadino.it\/?page_id=13","url_meta":{"origin":1073,"position":3},"title":"Regolamento della Scuola Intersezionale","author":"pigiax","date":"25 Febbraio 2011","format":false,"excerpt":"TITOLO I. COSTITUZIONE - SCOPI - ATTIVITA\u2019 Art. 1 Costituzione E\u2019 costituita in seno alle Sezioni di Citt\u00e0 di Castello, Foligno, Gualdo Tadino, Gubbio, Perugia, Spoleto e Terni del Club Alpino Italiano la Scuola Intersezionale di Alpinismo e Sci-alpinismo denominata \u201cGiulio Vagniluca\u201d. La Scuola nasce dall\u2019esperienza delle preesistenti Scuole Sezionali\u2026","rel":"","context":"In &quot;senza categoria&quot;","block_context":{"text":"senza categoria","link":"https:\/\/caigualdotadino.it\/?cat=1"},"img":{"alt_text":"","src":"","width":0,"height":0},"classes":[]},{"id":1180,"url":"https:\/\/caigualdotadino.it\/?page_id=1180","url_meta":{"origin":1073,"position":4},"title":"Tesseramento","author":"Antonella Recchioni","date":"2 Marzo 2021","format":false,"excerpt":"Nella quota \u00e8 compreso: soccorso alpinosconti nei rifugi CAIabbonamento alla rivista mensile \"Montagne 360\"assicurazione infortunistica e contro terzi in tutte le attivit\u00e0 programmate dalla sezioneconvenzione con alcuni negozi della zona, consultare la pagina \"convenzioni e sconti soci\" Le quote sono: Soci ordinari 43,00 \u20acSoci ordinari Juniores (under 25) 22,00 \u20acSoci\u2026","rel":"","context":"Articolo simile","block_context":{"text":"Articolo simile","link":""},"img":{"alt_text":"","src":"","width":0,"height":0},"classes":[]},{"id":262,"url":"https:\/\/caigualdotadino.it\/?page_id=262","url_meta":{"origin":1073,"position":5},"title":"Tesseramento","author":"pigiax","date":"21 Febbraio 2021","format":false,"excerpt":"Sono aperte le iscrizioni per il rinnovo delle tessere. Nella quota \u00e8 compreso: soccorso alpino sconti nei rifugi CAI abbonamento alla rivista mensile \"Montagne 360\" assicurazione infortunistica e contro terzi in tutte le attivit\u00e0 programmate dalla sezione convenzione con alcuni negozi della zona, consultare la pagina \"convenzioni e sconti soci\"\u2026","rel":"","context":"In &quot;4 - ARCHIVIO&quot;","block_context":{"text":"4 - ARCHIVIO","link":"https:\/\/caigualdotadino.it\/?cat=34"},"img":{"alt_text":"","src":"","width":0,"height":0},"classes":[]}],"jetpack_sharing_enabled":true,"_links":{"self":[{"href":"https:\/\/caigualdotadino.it\/index.php?rest_route=\/wp\/v2\/pages\/1073","targetHints":{"allow":["GET"]}}],"collection":[{"href":"https:\/\/caigualdotadino.it\/index.php?rest_route=\/wp\/v2\/pages"}],"about":[{"href":"https:\/\/caigualdotadino.it\/index.php?rest_route=\/wp\/v2\/types\/page"}],"author":[{"embeddable":true,"href":"https:\/\/caigualdotadino.it\/index.php?rest_route=\/wp\/v2\/users\/2"}],"replies":[{"embeddable":true,"href":"https:\/\/caigualdotadino.it\/index.php?rest_route=%2Fwp%2Fv2%2Fcomments&post=1073"}],"version-history":[{"count":2,"href":"https:\/\/caigualdotadino.it\/index.php?rest_route=\/wp\/v2\/pages\/1073\/revisions"}],"predecessor-version":[{"id":1751,"href":"https:\/\/caigualdotadino.it\/index.php?rest_route=\/wp\/v2\/pages\/1073\/revisions\/1751"}],"wp:attachment":[{"href":"https:\/\/caigualdotadino.it\/index.php?rest_route=%2Fwp%2Fv2%2Fmedia&parent=1073"}],"curies":[{"name":"wp","href":"https:\/\/api.w.org\/{rel}","templated":true}]}}