{"id":10131,"date":"2024-06-24T18:01:19","date_gmt":"2024-06-24T16:01:19","guid":{"rendered":"https:\/\/caigualdotadino.it\/?page_id=10131"},"modified":"2024-06-24T18:01:21","modified_gmt":"2024-06-24T16:01:21","slug":"il-cammino-degli-eremiti","status":"publish","type":"page","link":"https:\/\/caigualdotadino.it\/?page_id=10131","title":{"rendered":"Il Cammino degli Eremiti"},"content":{"rendered":"<div class=\"wp-block-image\">\n<figure class=\"aligncenter size-full is-resized\"><img loading=\"lazy\" decoding=\"async\" width=\"1024\" height=\"576\" src=\"https:\/\/caigualdotadino.it\/wp-content\/uploads\/2024\/06\/cammino-degli-eremiti-1.jpg\" alt=\"\" class=\"wp-image-10135\" style=\"width:828px;height:auto\" srcset=\"https:\/\/caigualdotadino.it\/wp-content\/uploads\/2024\/06\/cammino-degli-eremiti-1.jpg 1024w, https:\/\/caigualdotadino.it\/wp-content\/uploads\/2024\/06\/cammino-degli-eremiti-1-300x169.jpg 300w, https:\/\/caigualdotadino.it\/wp-content\/uploads\/2024\/06\/cammino-degli-eremiti-1-768x432.jpg 768w, https:\/\/caigualdotadino.it\/wp-content\/uploads\/2024\/06\/cammino-degli-eremiti-1-367x206.jpg 367w\" sizes=\"auto, (max-width: 1024px) 100vw, 1024px\" \/><\/figure>\n<\/div>\n\n\n<div style=\"height:57px\" aria-hidden=\"true\" class=\"wp-block-spacer\"><\/div>\n\n\n\n<p>A Gualdo Tadino sono stati  ideati dalla comunit\u00e0\u00a0<strong>M.A.S.C.I.\u00a0<\/strong> due percorsi, denominati \u201c<em><strong>Il Beato Angelo sul cammino degli eremiti<\/strong><\/em>\u201c, che attraversano le localit\u00e0 di montagna e di pianura del territorio gualdese all\u2019epoca frequentati sia dal Beato che da altri eremiti.<\/p>\n\n\n\n<p><strong>Per maggiore informazione consultare il\u00a0<a href=\"https:\/\/sites.google.com\/view\/camminodeglieremiti\/cammino?authuser=0\">\u00a0<\/a><\/strong><a href=\"https:\/\/sites.google.com\/view\/camminodeglieremiti\/home?authuser=0\"><strong>sito web Il Cammino degli Eremiti<\/strong><\/a><\/p>\n","protected":false},"excerpt":{"rendered":"<p>A Gualdo Tadino sono stati ideati dalla comunit\u00e0\u00a0M.A.S.C.I.\u00a0 due percorsi, denominati \u201cIl Beato Angelo sul cammino degli eremiti\u201c, che attraversano le localit\u00e0 di montagna e &hellip;<\/p>\n","protected":false},"author":2,"featured_media":0,"parent":0,"menu_order":0,"comment_status":"closed","ping_status":"closed","template":"","meta":{"footnotes":""},"class_list":["post-10131","page","type-page","status-publish","hentry"],"jetpack-related-posts":[{"id":2663,"url":"https:\/\/caigualdotadino.it\/?page_id=2663","url_meta":{"origin":10131,"position":0},"title":"La nostra storia","author":"Antonella Recchioni","date":"16 Aprile 2021","format":false,"excerpt":"Dalle origini ad oggi La sezione CAI di Gualdo Tadino venne fondata ufficialmente il 4 aprile 1987. Ma in quella data ci fu soltanto la codificazione di un movimento che era gi\u00e0 piuttosto consistente perch\u00e9 aveva avuto una lunga gestazione nel CAI di Fabriano. Antesignano era stato Mario Giubilei, maestro\u2026","rel":"","context":"In &quot;4 - ARCHIVIO&quot;","block_context":{"text":"4 - ARCHIVIO","link":"https:\/\/caigualdotadino.it\/?cat=34"},"img":{"alt_text":"","src":"https:\/\/i0.wp.com\/caigualdotadino.it\/wp-content\/uploads\/2021\/04\/Immagine4.jpg?resize=350%2C200&ssl=1","width":350,"height":200,"srcset":"https:\/\/i0.wp.com\/caigualdotadino.it\/wp-content\/uploads\/2021\/04\/Immagine4.jpg?resize=350%2C200&ssl=1 1x, https:\/\/i0.wp.com\/caigualdotadino.it\/wp-content\/uploads\/2021\/04\/Immagine4.jpg?resize=525%2C300&ssl=1 1.5x"},"classes":[]},{"id":87,"url":"https:\/\/caigualdotadino.it\/?page_id=87","url_meta":{"origin":10131,"position":1},"title":"Frasi, pensieri e citazioni","author":"pigiax","date":"16 Settembre 2011","format":false,"excerpt":"\u00a0 \"La montagna insegna a vivere: questa frase l'ho udita spesso, ma... non \u00e8 vera. C'\u00e8 gente che frequenta i monti da una vita e non ha imparato un tubo! La montagna al massimo regala emozioni a chi \u00e8 sensibile ed educato\". - Mauro Corona \u00a0 \"La misura delle difficolt\u00e0\u2026","rel":"","context":"In &quot;senza categoria&quot;","block_context":{"text":"senza categoria","link":"https:\/\/caigualdotadino.it\/?cat=1"},"img":{"alt_text":"","src":"","width":0,"height":0},"classes":[]},{"id":21,"url":"https:\/\/caigualdotadino.it\/?page_id=21","url_meta":{"origin":10131,"position":2},"title":"Gualdo Tadino","author":"pigiax","date":"26 Febbraio 2011","format":false,"excerpt":"\"Intra Tupino e l\u2019acqua che discende del colle eletto dal Beato Ubaldo, fertile costa dall\u2019alto monte pende, onde Perugia sente freddo e caldo da Porta Sole; e di rietro le piange per grave giogo Nocera con Gualdo\" (La Divina Commedia, Paradiso, Canto Xl). Preistoria II \"Lago di Gualdo\" era delimitato,\u2026","rel":"","context":"In &quot;4 - ARCHIVIO&quot;","block_context":{"text":"4 - ARCHIVIO","link":"https:\/\/caigualdotadino.it\/?cat=34"},"img":{"alt_text":"","src":"https:\/\/i0.wp.com\/caigualdotadino.it\/wp-content\/uploads\/2021\/03\/dischi-aurei2-600x302-1-300x151.jpg?resize=350%2C200&ssl=1","width":350,"height":200},"classes":[]}],"jetpack_sharing_enabled":true,"_links":{"self":[{"href":"https:\/\/caigualdotadino.it\/index.php?rest_route=\/wp\/v2\/pages\/10131","targetHints":{"allow":["GET"]}}],"collection":[{"href":"https:\/\/caigualdotadino.it\/index.php?rest_route=\/wp\/v2\/pages"}],"about":[{"href":"https:\/\/caigualdotadino.it\/index.php?rest_route=\/wp\/v2\/types\/page"}],"author":[{"embeddable":true,"href":"https:\/\/caigualdotadino.it\/index.php?rest_route=\/wp\/v2\/users\/2"}],"replies":[{"embeddable":true,"href":"https:\/\/caigualdotadino.it\/index.php?rest_route=%2Fwp%2Fv2%2Fcomments&post=10131"}],"version-history":[{"count":2,"href":"https:\/\/caigualdotadino.it\/index.php?rest_route=\/wp\/v2\/pages\/10131\/revisions"}],"predecessor-version":[{"id":10137,"href":"https:\/\/caigualdotadino.it\/index.php?rest_route=\/wp\/v2\/pages\/10131\/revisions\/10137"}],"wp:attachment":[{"href":"https:\/\/caigualdotadino.it\/index.php?rest_route=%2Fwp%2Fv2%2Fmedia&parent=10131"}],"curies":[{"name":"wp","href":"https:\/\/api.w.org\/{rel}","templated":true}]}}