{"id":10,"date":"2011-02-25T22:30:13","date_gmt":"2011-02-25T21:30:13","guid":{"rendered":"http:\/\/caigualdotadino.it\/2011\/02\/25\/presentazione-della-corale-cai\/"},"modified":"2021-03-18T17:59:38","modified_gmt":"2021-03-18T16:59:38","slug":"presentazione-della-corale-cai","status":"publish","type":"page","link":"https:\/\/caigualdotadino.it\/?page_id=10","title":{"rendered":"Presentazione della Corale CAI"},"content":{"rendered":"<div>\n<h2>La Corale: protagonista il bel canto<\/h2>\n<p><img loading=\"lazy\" decoding=\"async\" class=\" alignleft size-full wp-image-9\" style=\"margin: 0px 5px 5px 0px; float: left;\" alt=\"logo_corale_cai_h250\" src=\"https:\/\/caigualdotadino.it\/wp-content\/uploads\/2011\/02\/logo_corale_cai_h250.png\" height=\"250\" width=\"192\">Un brivido, un groppo alla gola, lacrime che si affacciano agli occhi, irrefrenabili&#8230;scagli la prima pietra chi non ha mai provato almeno una di queste sensazioni forti nell&#8217;ascoltare l&#8217;esecuzione del canto &#8220;II signore delle cime&#8221; eseguito dalla Corale Cai di Gualdo Tadino.<\/p>\n<p>Il complesso vocale diretto magistralmente dal maestro Felice Pericoli ha conseguito nel tempo un livello di capacit\u00e0 interpretativa cos\u00ec elevato da essere apprezzato ben al di l\u00e0 dei nostri confini.<\/p>\n<p>Un riconoscimento che \u00e8 frutto delle capacit\u00e0 direttive del maestro e della professionalit\u00e0 dei coristi che con sacrifici disinteressati spendono una parte consistente del loro tempo libero per provare e riprovare fin quasi alla perfezione i canti che eseguiranno poi in concerto. Eppure la corale Cai di Gualdo Tadino ha una storia breve. L&#8217;anno di grazia \u00e8 il 1988 e l&#8217;anedottica \u00e8 ormai conosciuta.<\/p>\n<p>C&#8217;\u00e8 la prima festa della montagna organizzata dalla sezione gualdese la prima domenica di settembre e nasce l&#8217;idea di arricchire la liturgia della S.Messa celebrata presso l&#8217;eremo dei M.Serrasanla con canti eseguiti da un gruppo di caisti selezionali. Il risultato \u00e8 eccezionale, l&#8217;effetto stupefacente. L&#8217;allora presidente Carlo Paoletti avvicina il maestro Pericoli che aveva accompagnato due coristi alla tastiera e ne verifica la disponibilit\u00e0 ad assumere la direzione del coro che verr\u00e0 ufficialmente costituito nel febbraio del 1989.<\/p>\n<p>Tre mesi di prove e gran debutto il 18 giugno dello stesso anno nella chiesa di S. Francesco. Il successo \u00e8 immediato e la strada successiva \u00e8 un crescendo di riconoscimenti e soddisfazioni. Nella ricorrenza del Natale la corale esegue concerti nelle chiese di Caselle,San Pellegrino e San Benedetto e nel \u201990 \u00e8 chiamata ad esibirsi in occasione della marcia della pace ad Assisi.<\/p>\n<p>Il repertorio \u00e8 vasto e spazia dai tipici canti della montagna alla musica classica e la nostra corale brucia le tappe della notoriet\u00e0 tanto da essere invitata ad esibirsi a Faenza (8 dicembre del&#8217;91), Sigillo, Scheggia, Pontevalleceppi con una presenza qualitativamente importante per il bicentenario rossiniano tenutosi a Fossato di Vico,Gualdo Tadino e Gubbio. Ormai le manifestazioni alle quali la corale Cai \u00e8 invitata a partecipare si moltiplicano (come non citare l&#8217;appuntamento annuale per il raduno regionale Cai con l&#8217;esibizione contemporanea delle corali di Gualdo, Spoleto e Perugia) e sarebbe fin troppo pedante elencarle tutte. Arriviamo pertanto ad un&#8217;altra tappa fondamentale,quella del 1993. E\u2019 l\u2019anno dei festeggiamenti per il 50\u00b0 anniversario della morte dell&#8217;insigne maestro e concittadino Raffaele Casimiri.<\/p>\n<p>A Gualdo Tadino esiste da anni la corale Casimiri (diretta dal maestro Antonio Pascucci) che si esibisce nel corso di alcune importanti celebrazioni religiose. Molti coristi appartengono sia alla corale Cai che a quella Casimiri e nel momento in cui il maestro Pericoli assume la direzione anche della corale Casimiri c&#8217;\u00e8 l&#8217;opportuna unanime decisione di procedere alla fusione dando cos\u00ec vita all&#8217;attuale corale CAI&#8221;Casimiri&#8221;.<\/p>\n<p>II resto \u00e8 storia recente. Una continua ricerca della perfezione da parte del maestro Pericoli, una incessante selezione di voci nuove, una efficace organizzazione dei consigli direttivi succedutisi negli anni hanno fatto si che la nostra corale migliorasse continuamente la qualit\u00e0 delle sue esibizioni arricchendo il suo repertorio di proposte sempre nuove e coinvolgenti ed adatte alle varie situazioni nelle quali \u00e8 chiamata ad esibirsi. E di concerto aumentano anche il numero e l&#8217;importanza delle manifestazioni alle quali \u00e8 invitata a partecipare.<\/p>\n<p>Si esibisce, cos\u00ec, pi\u00f9 volte a Perugia. Spoleto, Foligno, Faenza, Cascia, S.Sepolcro, Citt\u00e0 di Castello, Trevi, Nocera Umbra, Terni e Audun Le Tiche. Il Cai nutre sentimenti di profondo riconoscimento per il maestro Pericoli ed i suoi coristi perch\u00e9 hanno dato vita ad una presenza importante nel nostro territorio arricchendone lo spessore culturale e perch\u00e9 contribuiscono in maniera significativa a diffondere un&#8217;immagine positiva della nostra sezione. Insomma se non si fosse ancora capito, ne siamo profondamente e apertamente orogogliosi.<\/p>\n<p>Riccardo Serroni (1987-1997 Decennale della sez. di Gualdo Tadino)<\/p>\n<div>Presidente Francesco Macchiaroli<\/div>\n<\/div>\n","protected":false},"excerpt":{"rendered":"<p>La Corale: protagonista il bel canto Un brivido, un groppo alla gola, lacrime che si affacciano agli occhi, irrefrenabili&#8230;scagli la prima pietra chi non ha &hellip;<\/p>\n","protected":false},"author":1,"featured_media":0,"parent":0,"menu_order":2,"comment_status":"open","ping_status":"open","template":"","meta":{"footnotes":""},"class_list":["post-10","page","type-page","status-publish","hentry"],"jetpack-related-posts":[{"id":2663,"url":"https:\/\/caigualdotadino.it\/?page_id=2663","url_meta":{"origin":10,"position":0},"title":"La nostra storia","author":"Antonella Recchioni","date":"16 Aprile 2021","format":false,"excerpt":"Dalle origini ad oggi La sezione CAI di Gualdo Tadino venne fondata ufficialmente il 4 aprile 1987. Ma in quella data ci fu soltanto la codificazione di un movimento che era gi\u00e0 piuttosto consistente perch\u00e9 aveva avuto una lunga gestazione nel CAI di Fabriano. Antesignano era stato Mario Giubilei, maestro\u2026","rel":"","context":"In &quot;4 - ARCHIVIO&quot;","block_context":{"text":"4 - ARCHIVIO","link":"https:\/\/caigualdotadino.it\/?cat=34"},"img":{"alt_text":"","src":"https:\/\/i0.wp.com\/caigualdotadino.it\/wp-content\/uploads\/2021\/04\/Immagine4.jpg?resize=350%2C200&ssl=1","width":350,"height":200,"srcset":"https:\/\/i0.wp.com\/caigualdotadino.it\/wp-content\/uploads\/2021\/04\/Immagine4.jpg?resize=350%2C200&ssl=1 1x, https:\/\/i0.wp.com\/caigualdotadino.it\/wp-content\/uploads\/2021\/04\/Immagine4.jpg?resize=525%2C300&ssl=1 1.5x"},"classes":[]},{"id":158,"url":"https:\/\/caigualdotadino.it\/?page_id=158","url_meta":{"origin":10,"position":1},"title":"Breve Curriculum","author":"pigiax","date":"24 Gennaio 2013","format":false,"excerpt":"Breve Curriculum del Coro polifonico CAI \u201cRaffaele Casimiri\u201d Il coro polifonico CAI \u201cRaffaele Casimiri\u201d di Gualdo Tadino (Pg) \u00e8 nato nel 1993 dalla fusione di due gruppi canori: il coro del CAI della locale sezione e il coro polifonico \u201cRaffaele Casimiri\u201d, fondato nel 1920 dal famoso musicista gualdese, cui ancora\u2026","rel":"","context":"In &quot;senza categoria&quot;","block_context":{"text":"senza categoria","link":"https:\/\/caigualdotadino.it\/?cat=1"},"img":{"alt_text":"","src":"https:\/\/i0.wp.com\/caigualdotadino.it\/wp-content\/uploads\/2021\/03\/58-f-m.jpg?resize=350%2C200&ssl=1","width":350,"height":200,"srcset":"https:\/\/i0.wp.com\/caigualdotadino.it\/wp-content\/uploads\/2021\/03\/58-f-m.jpg?resize=350%2C200&ssl=1 1x, https:\/\/i0.wp.com\/caigualdotadino.it\/wp-content\/uploads\/2021\/03\/58-f-m.jpg?resize=525%2C300&ssl=1 1.5x, https:\/\/i0.wp.com\/caigualdotadino.it\/wp-content\/uploads\/2021\/03\/58-f-m.jpg?resize=700%2C400&ssl=1 2x"},"classes":[]},{"id":262,"url":"https:\/\/caigualdotadino.it\/?page_id=262","url_meta":{"origin":10,"position":2},"title":"Tesseramento","author":"pigiax","date":"21 Febbraio 2021","format":false,"excerpt":"Sono aperte le iscrizioni per il rinnovo delle tessere. Nella quota \u00e8 compreso: soccorso alpino sconti nei rifugi CAI abbonamento alla rivista mensile \"Montagne 360\" assicurazione infortunistica e contro terzi in tutte le attivit\u00e0 programmate dalla sezione convenzione con alcuni negozi della zona, consultare la pagina \"convenzioni e sconti soci\"\u2026","rel":"","context":"In &quot;4 - ARCHIVIO&quot;","block_context":{"text":"4 - ARCHIVIO","link":"https:\/\/caigualdotadino.it\/?cat=34"},"img":{"alt_text":"","src":"","width":0,"height":0},"classes":[]},{"id":1180,"url":"https:\/\/caigualdotadino.it\/?page_id=1180","url_meta":{"origin":10,"position":3},"title":"Tesseramento","author":"Antonella Recchioni","date":"2 Marzo 2021","format":false,"excerpt":"Nella quota \u00e8 compreso: soccorso alpinosconti nei rifugi CAIabbonamento alla rivista mensile \"Montagne 360\"assicurazione infortunistica e contro terzi in tutte le attivit\u00e0 programmate dalla sezioneconvenzione con alcuni negozi della zona, consultare la pagina \"convenzioni e sconti soci\" Le quote sono: Soci ordinari 43,00 \u20acSoci ordinari Juniores (under 25) 22,00 \u20acSoci\u2026","rel":"","context":"Articolo simile","block_context":{"text":"Articolo simile","link":""},"img":{"alt_text":"","src":"","width":0,"height":0},"classes":[]},{"id":7,"url":"https:\/\/caigualdotadino.it\/?page_id=7","url_meta":{"origin":10,"position":4},"title":"Commissione Sentieristica","author":"pigiax","date":"25 Febbraio 2011","format":false,"excerpt":"Commissione Sentieristica Questa commissione provvede ad istituire e mantenere una segnaletica adeguata dei sentieri per favorire la conoscenza della montagne locali. Ultimamente \u00e8 stata realizzata dal Comune di Gualdo Tadino in collaborazione con la sez. CAI di Gualdo Tadino, la carta dei sentieri della nostre montagne, dove si pu\u00f2 trovare\u2026","rel":"","context":"In &quot;senza categoria&quot;","block_context":{"text":"senza categoria","link":"https:\/\/caigualdotadino.it\/?cat=1"},"img":{"alt_text":"","src":"https:\/\/i0.wp.com\/caigualdotadino.it\/wp-content\/uploads\/2025\/12\/Immagine-WhatsApp-2025-12-15-ore-21.02.29_171b9db6.jpg?resize=350%2C200&ssl=1","width":350,"height":200,"srcset":"https:\/\/i0.wp.com\/caigualdotadino.it\/wp-content\/uploads\/2025\/12\/Immagine-WhatsApp-2025-12-15-ore-21.02.29_171b9db6.jpg?resize=350%2C200&ssl=1 1x, https:\/\/i0.wp.com\/caigualdotadino.it\/wp-content\/uploads\/2025\/12\/Immagine-WhatsApp-2025-12-15-ore-21.02.29_171b9db6.jpg?resize=525%2C300&ssl=1 1.5x, https:\/\/i0.wp.com\/caigualdotadino.it\/wp-content\/uploads\/2025\/12\/Immagine-WhatsApp-2025-12-15-ore-21.02.29_171b9db6.jpg?resize=700%2C400&ssl=1 2x"},"classes":[]},{"id":4109,"url":"https:\/\/caigualdotadino.it\/?page_id=4109","url_meta":{"origin":10,"position":5},"title":"Iscriversi al CAI","author":"Antonella Recchioni","date":"13 Agosto 2021","format":false,"excerpt":"Tesseramento Nella quota \u00e8 compreso: soccorso alpino sconti nei rifugi CAI abbonamento alla rivista bimestrale \"La Rivista\" assicurazione infortunistica e contro terzi in tutte le attivit\u00e0 programmate dalla sezione convenzione con alcuni negozi della zona, consultare la pagina \"convenzioni e sconti soci\" Le quote sono: Soci ordinari 45,00 \u20ac Soci\u2026","rel":"","context":"Articolo simile","block_context":{"text":"Articolo simile","link":""},"img":{"alt_text":"","src":"","width":0,"height":0},"classes":[]}],"jetpack_sharing_enabled":true,"_links":{"self":[{"href":"https:\/\/caigualdotadino.it\/index.php?rest_route=\/wp\/v2\/pages\/10","targetHints":{"allow":["GET"]}}],"collection":[{"href":"https:\/\/caigualdotadino.it\/index.php?rest_route=\/wp\/v2\/pages"}],"about":[{"href":"https:\/\/caigualdotadino.it\/index.php?rest_route=\/wp\/v2\/types\/page"}],"author":[{"embeddable":true,"href":"https:\/\/caigualdotadino.it\/index.php?rest_route=\/wp\/v2\/users\/1"}],"replies":[{"embeddable":true,"href":"https:\/\/caigualdotadino.it\/index.php?rest_route=%2Fwp%2Fv2%2Fcomments&post=10"}],"version-history":[{"count":1,"href":"https:\/\/caigualdotadino.it\/index.php?rest_route=\/wp\/v2\/pages\/10\/revisions"}],"predecessor-version":[{"id":2028,"href":"https:\/\/caigualdotadino.it\/index.php?rest_route=\/wp\/v2\/pages\/10\/revisions\/2028"}],"wp:attachment":[{"href":"https:\/\/caigualdotadino.it\/index.php?rest_route=%2Fwp%2Fv2%2Fmedia&parent=10"}],"curies":[{"name":"wp","href":"https:\/\/api.w.org\/{rel}","templated":true}]}}